{"id":1589,"date":"2022-05-04T17:15:16","date_gmt":"2022-05-04T17:15:16","guid":{"rendered":"http:\/\/curvcosteelbuildings.com\/es\/?page_id=1589"},"modified":"2024-07-30T15:35:36","modified_gmt":"2024-07-30T15:35:36","slug":"blog","status":"publish","type":"page","link":"https:\/\/curvcosteelbuildings.com\/es\/blog\/","title":{"rendered":"Blog"},"content":{"rendered":"\t\t<div data-elementor-type=\"wp-page\" data-elementor-id=\"1589\" class=\"elementor elementor-1589\" data-elementor-post-type=\"page\">\n\t\t\t\t\t\t<section class=\"elementor-section elementor-top-section elementor-element elementor-element-1eb6e8 elementor-reverse-tablet elementor-section-boxed elementor-section-height-default elementor-section-height-default\" data-id=\"1eb6e8\" data-element_type=\"section\" data-settings=\"{&quot;background_background&quot;:&quot;classic&quot;,&quot;jet_parallax_layout_list&quot;:[]}\">\n\t\t\t\t\t\t\t<div class=\"elementor-background-overlay\"><\/div>\n\t\t\t\t\t\t\t<div class=\"elementor-container elementor-column-gap-no\">\n\t\t\t\t\t<div class=\"elementor-column elementor-col-100 elementor-top-column elementor-element elementor-element-3a42336e\" data-id=\"3a42336e\" data-element_type=\"column\" data-settings=\"{&quot;background_background&quot;:&quot;classic&quot;}\">\n\t\t\t<div class=\"elementor-widget-wrap elementor-element-populated\">\n\t\t\t\t\t\t<div class=\"elementor-element elementor-element-1d4f8b5 elementor-widget elementor-widget-heading\" data-id=\"1d4f8b5\" data-element_type=\"widget\" data-widget_type=\"heading.default\">\n\t\t\t\t<div class=\"elementor-widget-container\">\n\t\t\t\t\t<h2 class=\"elementor-heading-title elementor-size-default\">Blog y noticias de Curvco<\/h2>\t\t\t\t<\/div>\n\t\t\t\t<\/div>\n\t\t\t\t<div class=\"elementor-element elementor-element-6af3a29 elementor-widget elementor-widget-text-editor\" data-id=\"6af3a29\" data-element_type=\"widget\" data-widget_type=\"text-editor.default\">\n\t\t\t\t<div class=\"elementor-widget-container\">\n\t\t\t\t\t\t\t\t\t<p style=\"text-align: justify;\">Bienvenido al blog de estructuras de acero Curvco, donde podr\u00e1 encontrar informaci\u00f3n sobre proyectos espec\u00edficos de nuestros clientes y materiales de referencia relacionados con nuestras construcciones en arco y kits de estructuras de acero.<\/p>\t\t\t\t\t\t\t\t<\/div>\n\t\t\t\t<\/div>\n\t\t\t\t<div class=\"elementor-element elementor-element-0eee8b4 elementor-grid-2 elementor-grid-tablet-2 elementor-grid-mobile-1 elementor-posts--thumbnail-top elementor-card-shadow-yes elementor-posts__hover-gradient elementor-widget elementor-widget-posts\" data-id=\"0eee8b4\" data-element_type=\"widget\" data-settings=\"{&quot;cards_columns&quot;:&quot;2&quot;,&quot;cards_columns_tablet&quot;:&quot;2&quot;,&quot;cards_columns_mobile&quot;:&quot;1&quot;,&quot;cards_row_gap&quot;:{&quot;unit&quot;:&quot;px&quot;,&quot;size&quot;:35,&quot;sizes&quot;:[]},&quot;cards_row_gap_laptop&quot;:{&quot;unit&quot;:&quot;px&quot;,&quot;size&quot;:&quot;&quot;,&quot;sizes&quot;:[]},&quot;cards_row_gap_tablet_extra&quot;:{&quot;unit&quot;:&quot;px&quot;,&quot;size&quot;:&quot;&quot;,&quot;sizes&quot;:[]},&quot;cards_row_gap_tablet&quot;:{&quot;unit&quot;:&quot;px&quot;,&quot;size&quot;:&quot;&quot;,&quot;sizes&quot;:[]},&quot;cards_row_gap_mobile_extra&quot;:{&quot;unit&quot;:&quot;px&quot;,&quot;size&quot;:&quot;&quot;,&quot;sizes&quot;:[]},&quot;cards_row_gap_mobile&quot;:{&quot;unit&quot;:&quot;px&quot;,&quot;size&quot;:&quot;&quot;,&quot;sizes&quot;:[]}}\" data-widget_type=\"posts.cards\">\n\t\t\t\t<div class=\"elementor-widget-container\">\n\t\t\t\t\t\t\t<div class=\"elementor-posts-container elementor-posts elementor-posts--skin-cards elementor-grid\" role=\"list\">\n\t\t\t\t<article class=\"elementor-post elementor-grid-item post-1659 post type-post status-publish format-standard has-post-thumbnail hentry category-blog category-kits-de-estructuras-de-acero tag-cubierta-para-pozo tag-estructuras-de-acero-industriales tag-estructuras-de-acero-pequenas tag-kits-de-estructuras-metalicas-prefabricadas tag-refugio-para-turbinas\" role=\"listitem\">\n\t\t\t<div class=\"elementor-post__card\">\n\t\t\t\t<a class=\"elementor-post__thumbnail__link\" href=\"https:\/\/curvcosteelbuildings.com\/es\/usos-de-estructuras-industriales\/\" tabindex=\"-1\" ><div class=\"elementor-post__thumbnail\"><img fetchpriority=\"high\" decoding=\"async\" width=\"300\" height=\"187\" src=\"https:\/\/curvcosteelbuildings.com\/es\/wp-content\/uploads\/2022\/05\/estructura-de-uso-industrial-prefabricada-300x187.jpg\" class=\"attachment-medium size-medium wp-image-1660\" alt=\"Estructura met\u00e1lica de almacenamiento industrial\" srcset=\"https:\/\/curvcosteelbuildings.com\/es\/wp-content\/uploads\/2022\/05\/estructura-de-uso-industrial-prefabricada-300x187.jpg 300w, https:\/\/curvcosteelbuildings.com\/es\/wp-content\/uploads\/2022\/05\/estructura-de-uso-industrial-prefabricada.jpg 413w\" sizes=\"(max-width: 300px) 100vw, 300px\" \/><\/div><\/a>\n\t\t\t\t<div class=\"elementor-post__text\">\n\t\t\t\t<h3 class=\"elementor-post__title\">\n\t\t\t<a href=\"https:\/\/curvcosteelbuildings.com\/es\/usos-de-estructuras-industriales\/\" >\n\t\t\t\tLos kits de estructuras prefabricadas de acero ofrecen soluciones de almacenamiento industrial perfectas\t\t\t<\/a>\n\t\t<\/h3>\n\t\t\t\t<div class=\"elementor-post__excerpt\">\n\t\t\t<p>Las empresas manufactureras, mineras y gubernamentales recurren a Curvco para todas sus necesidades de estructuras de acero. Saben que cuando acuden a nosotros en busca de estructuras de almacenamiento industrial, pueden recibirlas en plazos de entrega tan cortos como 72 horas a precios excelentes y asequibles. La versatilidad de nuestras estructuras prefabricadas de acero estilo arco es la raz\u00f3n por<\/p>\n\t\t<\/div>\n\t\t\n\t\t<a class=\"elementor-post__read-more\" href=\"https:\/\/curvcosteelbuildings.com\/es\/usos-de-estructuras-industriales\/\" aria-label=\"Read more about Los kits de estructuras prefabricadas de acero ofrecen soluciones de almacenamiento industrial perfectas\" tabindex=\"-1\" >\n\t\t\tRead More \u00bb\t\t<\/a>\n\n\t\t\t\t<\/div>\n\t\t\t\t<div class=\"elementor-post__meta-data\">\n\t\t\t\t\t<span class=\"elementor-post-date\">\n\t\t\tNovember 7, 2022\t\t<\/span>\n\t\t\t\t<\/div>\n\t\t\t\t\t<\/div>\n\t\t<\/article>\n\t\t\t\t<article class=\"elementor-post elementor-grid-item post-1722 post type-post status-publish format-standard has-post-thumbnail hentry category-blog category-techo-para-contenedor-de-envio tag-kit-de-techo-para-cobertizo tag-kit-de-techo-para-contenedor tag-sistema-de-techo-para-contenedores\" role=\"listitem\">\n\t\t\t<div class=\"elementor-post__card\">\n\t\t\t\t<a class=\"elementor-post__thumbnail__link\" href=\"https:\/\/curvcosteelbuildings.com\/es\/como-utilizar-kit-de-techo-de-contenedor-maritimo-almacenar-arena\/\" tabindex=\"-1\" ><div class=\"elementor-post__thumbnail\"><img decoding=\"async\" width=\"300\" height=\"199\" src=\"https:\/\/curvcosteelbuildings.com\/es\/wp-content\/uploads\/2022\/05\/techo-para-contenedor-quonset-300x199.jpg\" class=\"attachment-medium size-medium wp-image-1723\" alt=\"Ciudad de Brentwood, departamento Highway - Techo para contenedor de 30x40\" srcset=\"https:\/\/curvcosteelbuildings.com\/es\/wp-content\/uploads\/2022\/05\/techo-para-contenedor-quonset-300x199.jpg 300w, https:\/\/curvcosteelbuildings.com\/es\/wp-content\/uploads\/2022\/05\/techo-para-contenedor-quonset-768x509.jpg 768w, https:\/\/curvcosteelbuildings.com\/es\/wp-content\/uploads\/2022\/05\/techo-para-contenedor-quonset-600x398.jpg 600w, https:\/\/curvcosteelbuildings.com\/es\/wp-content\/uploads\/2022\/05\/techo-para-contenedor-quonset.jpg 960w\" sizes=\"(max-width: 300px) 100vw, 300px\" \/><\/div><\/a>\n\t\t\t\t<div class=\"elementor-post__text\">\n\t\t\t\t<h3 class=\"elementor-post__title\">\n\t\t\t<a href=\"https:\/\/curvcosteelbuildings.com\/es\/como-utilizar-kit-de-techo-de-contenedor-maritimo-almacenar-arena\/\" >\n\t\t\t\tC\u00f3mo utilizar eficazmente un kit de techo de contenedor mar\u00edtimo para almacenar arena\t\t\t<\/a>\n\t\t<\/h3>\n\t\t\t\t<div class=\"elementor-post__excerpt\">\n\t\t\t<p>El Departamento de Carreteras de la ciudad de Brentwood contrat\u00f3 a Curvco Steel Buildings para crear un cobertizo en kit con techo de contenedor de transporte multiusos para almacenamiento a granel. Ayudamos a Brentwood a obtener permisos de construcci\u00f3n estampados, lo que facilit\u00f3 enormemente todo el proceso. La ubicaci\u00f3n del sitio se utiliza principalmente como una estaci\u00f3n de transferencia de<\/p>\n\t\t<\/div>\n\t\t\n\t\t<a class=\"elementor-post__read-more\" href=\"https:\/\/curvcosteelbuildings.com\/es\/como-utilizar-kit-de-techo-de-contenedor-maritimo-almacenar-arena\/\" aria-label=\"Read more about C\u00f3mo utilizar eficazmente un kit de techo de contenedor mar\u00edtimo para almacenar arena\" tabindex=\"-1\" >\n\t\t\tRead More \u00bb\t\t<\/a>\n\n\t\t\t\t<\/div>\n\t\t\t\t<div class=\"elementor-post__meta-data\">\n\t\t\t\t\t<span class=\"elementor-post-date\">\n\t\t\tDecember 14, 2020\t\t<\/span>\n\t\t\t\t<\/div>\n\t\t\t\t\t<\/div>\n\t\t<\/article>\n\t\t\t\t<article class=\"elementor-post elementor-grid-item post-1715 post type-post status-publish format-standard has-post-thumbnail hentry category-blog category-techo-para-contenedor-de-envio tag-contenedor-de-envio tag-cubierta-para-contenedor-de-envio tag-sistema-de-techo-para-contenedores\" role=\"listitem\">\n\t\t\t<div class=\"elementor-post__card\">\n\t\t\t\t<a class=\"elementor-post__thumbnail__link\" href=\"https:\/\/curvcosteelbuildings.com\/es\/claiborne-hauling-dispone-techo-metalico-entre-contenedores\/\" tabindex=\"-1\" ><div class=\"elementor-post__thumbnail\"><img decoding=\"async\" width=\"300\" height=\"225\" src=\"https:\/\/curvcosteelbuildings.com\/es\/wp-content\/uploads\/2022\/05\/estructura-metalica-claibornept-2-300x225.jpg\" class=\"attachment-medium size-medium wp-image-1716\" alt=\"Claiborne Hauling LLC. Techo de acero entre dos contenedores 70x120\" srcset=\"https:\/\/curvcosteelbuildings.com\/es\/wp-content\/uploads\/2022\/05\/estructura-metalica-claibornept-2-300x225.jpg 300w, https:\/\/curvcosteelbuildings.com\/es\/wp-content\/uploads\/2022\/05\/estructura-metalica-claibornept-2-600x450.jpg 600w, https:\/\/curvcosteelbuildings.com\/es\/wp-content\/uploads\/2022\/05\/estructura-metalica-claibornept-2.jpg 640w\" sizes=\"(max-width: 300px) 100vw, 300px\" \/><\/div><\/a>\n\t\t\t\t<div class=\"elementor-post__text\">\n\t\t\t\t<h3 class=\"elementor-post__title\">\n\t\t\t<a href=\"https:\/\/curvcosteelbuildings.com\/es\/claiborne-hauling-dispone-techo-metalico-entre-contenedores\/\" >\n\t\t\t\tClaiborne Hauling dispone de un techo met\u00e1lico entre dos contenedores\t\t\t<\/a>\n\t\t<\/h3>\n\t\t\t\t<div class=\"elementor-post__excerpt\">\n\t\t\t<p>El Sr. Claiborne se puso en contacto con Curvco Steel Buildings para resolver el problema de la utilizaci\u00f3n eficaz de su espacio de trabajo. Sab\u00eda que el techo met\u00e1lico entre dos contenedores de transporte ten\u00eda que abarcar al menos 70\u2032 de ancho para lograr este objetivo. Con todo el equipo y la maquinaria de construcci\u00f3n almacenados en el exterior, sab\u00eda<\/p>\n\t\t<\/div>\n\t\t\n\t\t<a class=\"elementor-post__read-more\" href=\"https:\/\/curvcosteelbuildings.com\/es\/claiborne-hauling-dispone-techo-metalico-entre-contenedores\/\" aria-label=\"Read more about Claiborne Hauling dispone de un techo met\u00e1lico entre dos contenedores\" tabindex=\"-1\" >\n\t\t\tRead More \u00bb\t\t<\/a>\n\n\t\t\t\t<\/div>\n\t\t\t\t<div class=\"elementor-post__meta-data\">\n\t\t\t\t\t<span class=\"elementor-post-date\">\n\t\t\tDecember 11, 2020\t\t<\/span>\n\t\t\t\t<\/div>\n\t\t\t\t\t<\/div>\n\t\t<\/article>\n\t\t\t\t<article class=\"elementor-post elementor-grid-item post-1709 post type-post status-publish format-standard has-post-thumbnail hentry category-blog category-techo-para-contenedor-de-envio tag-cubierta-para-contenedor-de-envio tag-techo-para-contenedor tag-techo-para-contenedores\" role=\"listitem\">\n\t\t\t<div class=\"elementor-post__card\">\n\t\t\t\t<a class=\"elementor-post__thumbnail__link\" href=\"https:\/\/curvcosteelbuildings.com\/es\/el-sector-del-transporte-utiliza-cubiertas-de-contenedores-para-almacenar-equipos\/\" tabindex=\"-1\" ><div class=\"elementor-post__thumbnail\"><img loading=\"lazy\" decoding=\"async\" width=\"300\" height=\"159\" src=\"https:\/\/curvcosteelbuildings.com\/es\/wp-content\/uploads\/2024\/03\/kit-de-quonset-de-50x100-300x159.webp\" class=\"attachment-medium size-medium wp-image-9403\" alt=\"Kit de Quonset de 50x100\" srcset=\"https:\/\/curvcosteelbuildings.com\/es\/wp-content\/uploads\/2024\/03\/kit-de-quonset-de-50x100-300x159.webp 300w, https:\/\/curvcosteelbuildings.com\/es\/wp-content\/uploads\/2024\/03\/kit-de-quonset-de-50x100-768x407.webp 768w, https:\/\/curvcosteelbuildings.com\/es\/wp-content\/uploads\/2024\/03\/kit-de-quonset-de-50x100-600x318.webp 600w, https:\/\/curvcosteelbuildings.com\/es\/wp-content\/uploads\/2024\/03\/kit-de-quonset-de-50x100.webp 867w\" sizes=\"(max-width: 300px) 100vw, 300px\" \/><\/div><\/a>\n\t\t\t\t<div class=\"elementor-post__text\">\n\t\t\t\t<h3 class=\"elementor-post__title\">\n\t\t\t<a href=\"https:\/\/curvcosteelbuildings.com\/es\/el-sector-del-transporte-utiliza-cubiertas-de-contenedores-para-almacenar-equipos\/\" >\n\t\t\t\tEl sector del transporte utiliza cubiertas de contenedores para almacenar equipos\t\t\t<\/a>\n\t\t<\/h3>\n\t\t\t\t<div class=\"elementor-post__excerpt\">\n\t\t\t<p>El Sr. Nicololff se puso en contacto con nosotros a principios de mayo para hablar de sus necesidades de almacenamiento para su negocio de neum\u00e1ticos. Para \u00e9l era importante tener un acceso f\u00e1cil a sus suministros y equipos y, al mismo tiempo, mantener una zona con sombra para proteger sus neum\u00e1ticos del sol. Los neum\u00e1ticos de los coches pueden parecer<\/p>\n\t\t<\/div>\n\t\t\n\t\t<a class=\"elementor-post__read-more\" href=\"https:\/\/curvcosteelbuildings.com\/es\/el-sector-del-transporte-utiliza-cubiertas-de-contenedores-para-almacenar-equipos\/\" aria-label=\"Read more about El sector del transporte utiliza cubiertas de contenedores para almacenar equipos\" tabindex=\"-1\" >\n\t\t\tRead More \u00bb\t\t<\/a>\n\n\t\t\t\t<\/div>\n\t\t\t\t<div class=\"elementor-post__meta-data\">\n\t\t\t\t\t<span class=\"elementor-post-date\">\n\t\t\tDecember 11, 2020\t\t<\/span>\n\t\t\t\t<\/div>\n\t\t\t\t\t<\/div>\n\t\t<\/article>\n\t\t\t\t<article class=\"elementor-post elementor-grid-item post-1700 post type-post status-publish format-standard has-post-thumbnail hentry category-blog category-seleccion-de-estructuras-agricolas tag-agricultura tag-agricultura-biotecnologica tag-agricultura-moderna tag-almacenamiento-para-granja tag-estructura-en-arco tag-estructuras-metalicas-para-granjas\" role=\"listitem\">\n\t\t\t<div class=\"elementor-post__card\">\n\t\t\t\t<a class=\"elementor-post__thumbnail__link\" href=\"https:\/\/curvcosteelbuildings.com\/es\/estructuras-metalicas-granjas-agricultura-moderna\/\" tabindex=\"-1\" ><div class=\"elementor-post__thumbnail\"><img loading=\"lazy\" decoding=\"async\" width=\"300\" height=\"240\" src=\"https:\/\/curvcosteelbuildings.com\/es\/wp-content\/uploads\/2022\/05\/christian-burri-300x240.jpg\" class=\"attachment-medium size-medium wp-image-1708\" alt=\"Granjas de almacenamiento de cultivos\" srcset=\"https:\/\/curvcosteelbuildings.com\/es\/wp-content\/uploads\/2022\/05\/christian-burri-300x240.jpg 300w, https:\/\/curvcosteelbuildings.com\/es\/wp-content\/uploads\/2022\/05\/christian-burri-1024x819.jpg 1024w, https:\/\/curvcosteelbuildings.com\/es\/wp-content\/uploads\/2022\/05\/christian-burri-768x614.jpg 768w, https:\/\/curvcosteelbuildings.com\/es\/wp-content\/uploads\/2022\/05\/christian-burri-1536x1229.jpg 1536w, https:\/\/curvcosteelbuildings.com\/es\/wp-content\/uploads\/2022\/05\/christian-burri-2048x1638.jpg 2048w, https:\/\/curvcosteelbuildings.com\/es\/wp-content\/uploads\/2022\/05\/christian-burri-600x480.jpg 600w\" sizes=\"(max-width: 300px) 100vw, 300px\" \/><\/div><\/a>\n\t\t\t\t<div class=\"elementor-post__text\">\n\t\t\t\t<h3 class=\"elementor-post__title\">\n\t\t\t<a href=\"https:\/\/curvcosteelbuildings.com\/es\/estructuras-metalicas-granjas-agricultura-moderna\/\" >\n\t\t\t\tEstructuras met\u00e1licas para granjas y agricultura moderna\t\t\t<\/a>\n\t\t<\/h3>\n\t\t\t\t<div class=\"elementor-post__excerpt\">\n\t\t\t<p>A medida que seguimos mejorando nuestros m\u00e9todos de cultivo, es importante proteger esos activos con una estructura agr\u00edcola met\u00e1lica. El dise\u00f1o di\u00e1fano permite que usted maximice la cantidad de grano y ma\u00edz que puede almacenar en su interior. La naturaleza prefabricada de estas estructuras de metal se est\u00e1 convirtiendo en un producto m\u00e1s popular para las comunidades agr\u00edcolas. No dejan<\/p>\n\t\t<\/div>\n\t\t\n\t\t<a class=\"elementor-post__read-more\" href=\"https:\/\/curvcosteelbuildings.com\/es\/estructuras-metalicas-granjas-agricultura-moderna\/\" aria-label=\"Read more about Estructuras met\u00e1licas para granjas y agricultura moderna\" tabindex=\"-1\" >\n\t\t\tRead More \u00bb\t\t<\/a>\n\n\t\t\t\t<\/div>\n\t\t\t\t<div class=\"elementor-post__meta-data\">\n\t\t\t\t\t<span class=\"elementor-post-date\">\n\t\t\tJanuary 8, 2020\t\t<\/span>\n\t\t\t\t<\/div>\n\t\t\t\t\t<\/div>\n\t\t<\/article>\n\t\t\t\t<article class=\"elementor-post elementor-grid-item post-1693 post type-post status-publish format-standard has-post-thumbnail hentry category-blog category-seleccion-de-estructuras-agricolas tag-almacenamiento-de-heno tag-cobertizos-de-almacenamiento-de-heno tag-estructuras-de-almacenamiento-de-heno tag-graneros-de-almacenamiento-de-heno\" role=\"listitem\">\n\t\t\t<div class=\"elementor-post__card\">\n\t\t\t\t<a class=\"elementor-post__thumbnail__link\" href=\"https:\/\/curvcosteelbuildings.com\/es\/granjas-almacen-de-heno\/\" tabindex=\"-1\" ><div class=\"elementor-post__thumbnail\"><img loading=\"lazy\" decoding=\"async\" width=\"300\" height=\"169\" src=\"https:\/\/curvcosteelbuildings.com\/es\/wp-content\/uploads\/2022\/05\/estructura-de-almacenamiento-para-heno.jpg\" class=\"attachment-medium size-medium wp-image-1697\" alt=\"Estructura de almacenamiento para heno\" \/><\/div><\/a>\n\t\t\t\t<div class=\"elementor-post__text\">\n\t\t\t\t<h3 class=\"elementor-post__title\">\n\t\t\t<a href=\"https:\/\/curvcosteelbuildings.com\/es\/granjas-almacen-de-heno\/\" >\n\t\t\t\tSoluciones de almacenamiento de heno para agricultores\t\t\t<\/a>\n\t\t<\/h3>\n\t\t\t\t<div class=\"elementor-post__excerpt\">\n\t\t\t<p>Al igual que los humanos necesitan alimentos sanos para existir, los animales tambi\u00e9n necesitan alimentos para vivir. El tipo de alimento que necesitan los distintos animales depende directamente de sus necesidades biol\u00f3gicas, su estructura y la temperatura de su h\u00e1bitat, la energ\u00eda y los nutrientes que necesitan. Animales como caballos, conejos, vacas, cabras, ovejas y otros animales de pasto se<\/p>\n\t\t<\/div>\n\t\t\n\t\t<a class=\"elementor-post__read-more\" href=\"https:\/\/curvcosteelbuildings.com\/es\/granjas-almacen-de-heno\/\" aria-label=\"Read more about Soluciones de almacenamiento de heno para agricultores\" tabindex=\"-1\" >\n\t\t\tRead More \u00bb\t\t<\/a>\n\n\t\t\t\t<\/div>\n\t\t\t\t<div class=\"elementor-post__meta-data\">\n\t\t\t\t\t<span class=\"elementor-post-date\">\n\t\t\tDecember 30, 2019\t\t<\/span>\n\t\t\t\t<\/div>\n\t\t\t\t\t<\/div>\n\t\t<\/article>\n\t\t\t\t<\/div>\n\t\t\n\t\t\t\t\t\t<\/div>\n\t\t\t\t<\/div>\n\t\t\t\t\t<\/div>\n\t\t<\/div>\n\t\t\t\t\t<\/div>\n\t\t<\/section>\n\t\t\t\t<\/div>\n\t\t","protected":false},"excerpt":{"rendered":"<p>Blog y noticias de Curvco Bienvenido al blog de estructuras de acero Curvco, donde podr\u00e1 encontrar informaci\u00f3n sobre proyectos espec\u00edficos de nuestros clientes y materiales de referencia relacionados con nuestras construcciones en arco y kits de estructuras de acero.<\/p>\n","protected":false},"author":1,"featured_media":0,"parent":0,"menu_order":0,"comment_status":"closed","ping_status":"closed","template":"","meta":{"footnotes":""},"class_list":["post-1589","page","type-page","status-publish","hentry"],"yoast_head":"<!-- This site is optimized with the Yoast SEO plugin v26.6 - https:\/\/yoast.com\/wordpress\/plugins\/seo\/ -->\n<title>Blog | Curvco Steel Buildings<\/title>\n<meta name=\"description\" content=\"Obtenga informaci\u00f3n sobre proyectos espec\u00edficos de clientes y materiales de referencia relacionados con nuestras estructuras en arco.\" \/>\n<meta name=\"robots\" content=\"index, follow, max-snippet:-1, max-image-preview:large, max-video-preview:-1\" \/>\n<link rel=\"canonical\" href=\"https:\/\/curvcosteelbuildings.com\/es\/blog\/\" \/>\n<meta property=\"og:locale\" content=\"en_US\" \/>\n<meta property=\"og:type\" content=\"article\" \/>\n<meta property=\"og:title\" content=\"Blog | Curvco Steel Buildings\" \/>\n<meta property=\"og:description\" content=\"Obtenga informaci\u00f3n sobre proyectos espec\u00edficos de clientes y materiales de referencia relacionados con nuestras estructuras en arco.\" \/>\n<meta property=\"og:url\" content=\"https:\/\/curvcosteelbuildings.com\/es\/blog\/\" \/>\n<meta property=\"og:site_name\" content=\"Curvco Steel Buildings\" \/>\n<meta property=\"article:modified_time\" content=\"2024-07-30T15:35:36+00:00\" \/>\n<meta name=\"twitter:card\" content=\"summary_large_image\" \/>\n<meta name=\"twitter:label1\" content=\"Est. reading time\" \/>\n\t<meta name=\"twitter:data1\" content=\"5 minutes\" \/>\n<script type=\"application\/ld+json\" class=\"yoast-schema-graph\">{\"@context\":\"https:\/\/schema.org\",\"@graph\":[{\"@type\":\"WebPage\",\"@id\":\"https:\/\/curvcosteelbuildings.com\/es\/blog\/\",\"url\":\"https:\/\/curvcosteelbuildings.com\/es\/blog\/\",\"name\":\"Blog | Curvco Steel Buildings\",\"isPartOf\":{\"@id\":\"https:\/\/curvcosteelbuildings.com\/es\/#website\"},\"datePublished\":\"2022-05-04T17:15:16+00:00\",\"dateModified\":\"2024-07-30T15:35:36+00:00\",\"description\":\"Obtenga informaci\u00f3n sobre proyectos espec\u00edficos de clientes y materiales de referencia relacionados con nuestras estructuras en arco.\",\"breadcrumb\":{\"@id\":\"https:\/\/curvcosteelbuildings.com\/es\/blog\/#breadcrumb\"},\"inLanguage\":\"en-US\",\"potentialAction\":[{\"@type\":\"ReadAction\",\"target\":[\"https:\/\/curvcosteelbuildings.com\/es\/blog\/\"]}]},{\"@type\":\"BreadcrumbList\",\"@id\":\"https:\/\/curvcosteelbuildings.com\/es\/blog\/#breadcrumb\",\"itemListElement\":[{\"@type\":\"ListItem\",\"position\":1,\"name\":\"Home\",\"item\":\"https:\/\/curvcosteelbuildings.com\/es\/\"},{\"@type\":\"ListItem\",\"position\":2,\"name\":\"Blog\"}]},{\"@type\":\"WebSite\",\"@id\":\"https:\/\/curvcosteelbuildings.com\/es\/#website\",\"url\":\"https:\/\/curvcosteelbuildings.com\/es\/\",\"name\":\"Curvco Steel Buildings\",\"description\":\"Estructuras de metal en arco para diferentes aplicaciones\",\"potentialAction\":[{\"@type\":\"SearchAction\",\"target\":{\"@type\":\"EntryPoint\",\"urlTemplate\":\"https:\/\/curvcosteelbuildings.com\/es\/?s={search_term_string}\"},\"query-input\":{\"@type\":\"PropertyValueSpecification\",\"valueRequired\":true,\"valueName\":\"search_term_string\"}}],\"inLanguage\":\"en-US\"}]}<\/script>\n<!-- \/ Yoast SEO plugin. -->","yoast_head_json":{"title":"Blog | Curvco Steel Buildings","description":"Obtenga informaci\u00f3n sobre proyectos espec\u00edficos de clientes y materiales de referencia relacionados con nuestras estructuras en arco.","robots":{"index":"index","follow":"follow","max-snippet":"max-snippet:-1","max-image-preview":"max-image-preview:large","max-video-preview":"max-video-preview:-1"},"canonical":"https:\/\/curvcosteelbuildings.com\/es\/blog\/","og_locale":"en_US","og_type":"article","og_title":"Blog | Curvco Steel Buildings","og_description":"Obtenga informaci\u00f3n sobre proyectos espec\u00edficos de clientes y materiales de referencia relacionados con nuestras estructuras en arco.","og_url":"https:\/\/curvcosteelbuildings.com\/es\/blog\/","og_site_name":"Curvco Steel Buildings","article_modified_time":"2024-07-30T15:35:36+00:00","twitter_card":"summary_large_image","twitter_misc":{"Est. reading time":"5 minutes"},"schema":{"@context":"https:\/\/schema.org","@graph":[{"@type":"WebPage","@id":"https:\/\/curvcosteelbuildings.com\/es\/blog\/","url":"https:\/\/curvcosteelbuildings.com\/es\/blog\/","name":"Blog | Curvco Steel Buildings","isPartOf":{"@id":"https:\/\/curvcosteelbuildings.com\/es\/#website"},"datePublished":"2022-05-04T17:15:16+00:00","dateModified":"2024-07-30T15:35:36+00:00","description":"Obtenga informaci\u00f3n sobre proyectos espec\u00edficos de clientes y materiales de referencia relacionados con nuestras estructuras en arco.","breadcrumb":{"@id":"https:\/\/curvcosteelbuildings.com\/es\/blog\/#breadcrumb"},"inLanguage":"en-US","potentialAction":[{"@type":"ReadAction","target":["https:\/\/curvcosteelbuildings.com\/es\/blog\/"]}]},{"@type":"BreadcrumbList","@id":"https:\/\/curvcosteelbuildings.com\/es\/blog\/#breadcrumb","itemListElement":[{"@type":"ListItem","position":1,"name":"Home","item":"https:\/\/curvcosteelbuildings.com\/es\/"},{"@type":"ListItem","position":2,"name":"Blog"}]},{"@type":"WebSite","@id":"https:\/\/curvcosteelbuildings.com\/es\/#website","url":"https:\/\/curvcosteelbuildings.com\/es\/","name":"Curvco Steel Buildings","description":"Estructuras de metal en arco para diferentes aplicaciones","potentialAction":[{"@type":"SearchAction","target":{"@type":"EntryPoint","urlTemplate":"https:\/\/curvcosteelbuildings.com\/es\/?s={search_term_string}"},"query-input":{"@type":"PropertyValueSpecification","valueRequired":true,"valueName":"search_term_string"}}],"inLanguage":"en-US"}]}},"_links":{"self":[{"href":"https:\/\/curvcosteelbuildings.com\/es\/wp-json\/wp\/v2\/pages\/1589","targetHints":{"allow":["GET"]}}],"collection":[{"href":"https:\/\/curvcosteelbuildings.com\/es\/wp-json\/wp\/v2\/pages"}],"about":[{"href":"https:\/\/curvcosteelbuildings.com\/es\/wp-json\/wp\/v2\/types\/page"}],"author":[{"embeddable":true,"href":"https:\/\/curvcosteelbuildings.com\/es\/wp-json\/wp\/v2\/users\/1"}],"replies":[{"embeddable":true,"href":"https:\/\/curvcosteelbuildings.com\/es\/wp-json\/wp\/v2\/comments?post=1589"}],"version-history":[{"count":48,"href":"https:\/\/curvcosteelbuildings.com\/es\/wp-json\/wp\/v2\/pages\/1589\/revisions"}],"predecessor-version":[{"id":14162,"href":"https:\/\/curvcosteelbuildings.com\/es\/wp-json\/wp\/v2\/pages\/1589\/revisions\/14162"}],"wp:attachment":[{"href":"https:\/\/curvcosteelbuildings.com\/es\/wp-json\/wp\/v2\/media?parent=1589"}],"curies":[{"name":"wp","href":"https:\/\/api.w.org\/{rel}","templated":true}]}}