{"id":8793,"date":"2024-03-14T15:38:28","date_gmt":"2024-03-14T15:38:28","guid":{"rendered":"http:\/\/curvcosteelbuildings.com\/es\/?page_id=8793"},"modified":"2024-08-12T17:30:35","modified_gmt":"2024-08-12T17:30:35","slug":"politica-de-devolucion-y-reembolso","status":"publish","type":"page","link":"https:\/\/curvcosteelbuildings.com\/es\/politica-de-devolucion-y-reembolso\/","title":{"rendered":"Pol\u00edtica de devoluci\u00f3n y reembolso"},"content":{"rendered":"\t\t<div data-elementor-type=\"wp-page\" data-elementor-id=\"8793\" class=\"elementor elementor-8793\" data-elementor-post-type=\"page\">\n\t\t\t\t\t\t<section class=\"elementor-section elementor-top-section elementor-element elementor-element-601bf437 elementor-reverse-tablet elementor-reverse-mobile elementor-section-boxed elementor-section-height-default elementor-section-height-default\" data-id=\"601bf437\" data-element_type=\"section\" data-settings=\"{&quot;background_background&quot;:&quot;classic&quot;,&quot;jet_parallax_layout_list&quot;:[]}\">\n\t\t\t\t\t\t\t<div class=\"elementor-background-overlay\"><\/div>\n\t\t\t\t\t\t\t<div class=\"elementor-container elementor-column-gap-no\">\n\t\t\t\t\t<div class=\"elementor-column elementor-col-100 elementor-top-column elementor-element elementor-element-762dc08c\" data-id=\"762dc08c\" data-element_type=\"column\" data-settings=\"{&quot;background_background&quot;:&quot;classic&quot;}\">\n\t\t\t<div class=\"elementor-widget-wrap elementor-element-populated\">\n\t\t\t\t\t\t<div class=\"elementor-element elementor-element-bd79e08 elementor-widget elementor-widget-heading\" data-id=\"bd79e08\" data-element_type=\"widget\" data-widget_type=\"heading.default\">\n\t\t\t\t<div class=\"elementor-widget-container\">\n\t\t\t\t\t<h2 class=\"elementor-heading-title elementor-size-default\">POL\u00cdTICA DE DEVOLUCIONES Y REEMBOLSOS<\/h2>\t\t\t\t<\/div>\n\t\t\t\t<\/div>\n\t\t\t\t<div class=\"elementor-element elementor-element-772ccf0 elementor-widget elementor-widget-text-editor\" data-id=\"772ccf0\" data-element_type=\"widget\" data-widget_type=\"text-editor.default\">\n\t\t\t\t<div class=\"elementor-widget-container\">\n\t\t\t\t\t\t\t\t\t<p><\/p>\n<p style=\"text-align: justify;\">El pago inicial de un pedido de estructura met\u00e1lica puede reembolsarse en un plazo de 72 horas a partir de la firma del contrato de compraventa. Transcurrido este plazo, los dep\u00f3sitos no son reembolsables. Una vez confirmado el pedido con la f\u00e1brica, se procede a la asignaci\u00f3n del acero, la programaci\u00f3n de la instalaci\u00f3n, los servicios administrativos, la revisi\u00f3n y entrada del pedido y los procesos de ingenier\u00eda. No es posible realizar reembolsos ni devoluciones una vez que la estructura ha sido entregada y\/o instalada. Al utilizar este sitio, usted acepta cumplir sus t\u00e9rminos y condiciones, as\u00ed como la legislaci\u00f3n aplicable. Si no est\u00e1 de acuerdo con estos t\u00e9rminos y condiciones, abst\u00e9ngase de utilizar este sitio.<\/p>\n<p><!-- \/wp:paragraph --><\/p>\t\t\t\t\t\t\t\t<\/div>\n\t\t\t\t<\/div>\n\t\t\t\t<div class=\"elementor-element elementor-element-be83094 elementor-widget elementor-widget-heading\" data-id=\"be83094\" data-element_type=\"widget\" data-widget_type=\"heading.default\">\n\t\t\t\t<div class=\"elementor-widget-container\">\n\t\t\t\t\t<h2 class=\"elementor-heading-title elementor-size-default\">\u00bfNecesitas ayuda?<\/h2>\t\t\t\t<\/div>\n\t\t\t\t<\/div>\n\t\t\t\t<div class=\"elementor-element elementor-element-80dafac elementor-widget elementor-widget-text-editor\" data-id=\"80dafac\" data-element_type=\"widget\" data-widget_type=\"text-editor.default\">\n\t\t\t\t<div class=\"elementor-widget-container\">\n\t\t\t\t\t\t\t\t\t<p>Si tiene alguna pregunta sobre esta pol\u00edtica de privacidad a Si tiene alguna pregunta sobre esta pol\u00edtica de reembolsos y devoluciones.<\/p>\n<p><a href=\"https:\/\/curvcosteelbuildings.com\/es\">www.curvcosteelbuildings.com<\/a> <br \/><a href=\"tel:1-888-267-5169\">1-888-267-5169<\/a><\/p>\n<p><!-- \/wp:paragraph --><\/p>\t\t\t\t\t\t\t\t<\/div>\n\t\t\t\t<\/div>\n\t\t\t\t\t<\/div>\n\t\t<\/div>\n\t\t\t\t\t<\/div>\n\t\t<\/section>\n\t\t\t\t<\/div>\n\t\t","protected":false},"excerpt":{"rendered":"<p>POL\u00cdTICA DE DEVOLUCIONES Y REEMBOLSOS El pago inicial de un pedido de estructura met\u00e1lica puede reembolsarse en un plazo de 72 horas a partir de la firma del contrato de compraventa. Transcurrido este plazo, los dep\u00f3sitos no son reembolsables. Una vez confirmado el pedido con la f\u00e1brica, se procede a la asignaci\u00f3n del acero, la [&hellip;]<\/p>\n","protected":false},"author":1,"featured_media":0,"parent":0,"menu_order":0,"comment_status":"closed","ping_status":"closed","template":"","meta":{"footnotes":""},"class_list":["post-8793","page","type-page","status-publish","hentry"],"yoast_head":"<!-- This site is optimized with the Yoast SEO plugin v26.6 - https:\/\/yoast.com\/wordpress\/plugins\/seo\/ -->\n<title>Pol\u00edtica de devoluci\u00f3n y reembolso | Curvco Steel Buildings<\/title>\n<meta name=\"description\" content=\"Aprenda con claridad c\u00f3mo funciona nuestra pol\u00edtica de devoluci\u00f3n y reembolso.\" \/>\n<meta name=\"robots\" content=\"index, follow, max-snippet:-1, max-image-preview:large, max-video-preview:-1\" \/>\n<link rel=\"canonical\" href=\"https:\/\/curvcosteelbuildings.com\/es\/politica-de-devolucion-y-reembolso\/\" \/>\n<meta property=\"og:locale\" content=\"en_US\" \/>\n<meta property=\"og:type\" content=\"article\" \/>\n<meta property=\"og:title\" content=\"Pol\u00edtica de devoluci\u00f3n y reembolso | Curvco Steel Buildings\" \/>\n<meta property=\"og:description\" content=\"Aprenda con claridad c\u00f3mo funciona nuestra pol\u00edtica de devoluci\u00f3n y reembolso.\" \/>\n<meta property=\"og:url\" content=\"https:\/\/curvcosteelbuildings.com\/es\/politica-de-devolucion-y-reembolso\/\" \/>\n<meta property=\"og:site_name\" content=\"Curvco Steel Buildings\" \/>\n<meta property=\"article:modified_time\" content=\"2024-08-12T17:30:35+00:00\" \/>\n<meta name=\"twitter:card\" content=\"summary_large_image\" \/>\n<meta name=\"twitter:label1\" content=\"Est. reading time\" \/>\n\t<meta name=\"twitter:data1\" content=\"1 minute\" \/>\n<script type=\"application\/ld+json\" class=\"yoast-schema-graph\">{\"@context\":\"https:\/\/schema.org\",\"@graph\":[{\"@type\":\"WebPage\",\"@id\":\"https:\/\/curvcosteelbuildings.com\/es\/politica-de-devolucion-y-reembolso\/\",\"url\":\"https:\/\/curvcosteelbuildings.com\/es\/politica-de-devolucion-y-reembolso\/\",\"name\":\"Pol\u00edtica de devoluci\u00f3n y reembolso | Curvco Steel Buildings\",\"isPartOf\":{\"@id\":\"https:\/\/curvcosteelbuildings.com\/es\/#website\"},\"datePublished\":\"2024-03-14T15:38:28+00:00\",\"dateModified\":\"2024-08-12T17:30:35+00:00\",\"description\":\"Aprenda con claridad c\u00f3mo funciona nuestra pol\u00edtica de devoluci\u00f3n y reembolso.\",\"breadcrumb\":{\"@id\":\"https:\/\/curvcosteelbuildings.com\/es\/politica-de-devolucion-y-reembolso\/#breadcrumb\"},\"inLanguage\":\"en-US\",\"potentialAction\":[{\"@type\":\"ReadAction\",\"target\":[\"https:\/\/curvcosteelbuildings.com\/es\/politica-de-devolucion-y-reembolso\/\"]}]},{\"@type\":\"BreadcrumbList\",\"@id\":\"https:\/\/curvcosteelbuildings.com\/es\/politica-de-devolucion-y-reembolso\/#breadcrumb\",\"itemListElement\":[{\"@type\":\"ListItem\",\"position\":1,\"name\":\"Home\",\"item\":\"https:\/\/curvcosteelbuildings.com\/es\/\"},{\"@type\":\"ListItem\",\"position\":2,\"name\":\"Pol\u00edtica de devoluci\u00f3n y reembolso\"}]},{\"@type\":\"WebSite\",\"@id\":\"https:\/\/curvcosteelbuildings.com\/es\/#website\",\"url\":\"https:\/\/curvcosteelbuildings.com\/es\/\",\"name\":\"Curvco Steel Buildings\",\"description\":\"Estructuras de metal en arco para diferentes aplicaciones\",\"potentialAction\":[{\"@type\":\"SearchAction\",\"target\":{\"@type\":\"EntryPoint\",\"urlTemplate\":\"https:\/\/curvcosteelbuildings.com\/es\/?s={search_term_string}\"},\"query-input\":{\"@type\":\"PropertyValueSpecification\",\"valueRequired\":true,\"valueName\":\"search_term_string\"}}],\"inLanguage\":\"en-US\"}]}<\/script>\n<!-- \/ Yoast SEO plugin. -->","yoast_head_json":{"title":"Pol\u00edtica de devoluci\u00f3n y reembolso | Curvco Steel Buildings","description":"Aprenda con claridad c\u00f3mo funciona nuestra pol\u00edtica de devoluci\u00f3n y reembolso.","robots":{"index":"index","follow":"follow","max-snippet":"max-snippet:-1","max-image-preview":"max-image-preview:large","max-video-preview":"max-video-preview:-1"},"canonical":"https:\/\/curvcosteelbuildings.com\/es\/politica-de-devolucion-y-reembolso\/","og_locale":"en_US","og_type":"article","og_title":"Pol\u00edtica de devoluci\u00f3n y reembolso | Curvco Steel Buildings","og_description":"Aprenda con claridad c\u00f3mo funciona nuestra pol\u00edtica de devoluci\u00f3n y reembolso.","og_url":"https:\/\/curvcosteelbuildings.com\/es\/politica-de-devolucion-y-reembolso\/","og_site_name":"Curvco Steel Buildings","article_modified_time":"2024-08-12T17:30:35+00:00","twitter_card":"summary_large_image","twitter_misc":{"Est. reading time":"1 minute"},"schema":{"@context":"https:\/\/schema.org","@graph":[{"@type":"WebPage","@id":"https:\/\/curvcosteelbuildings.com\/es\/politica-de-devolucion-y-reembolso\/","url":"https:\/\/curvcosteelbuildings.com\/es\/politica-de-devolucion-y-reembolso\/","name":"Pol\u00edtica de devoluci\u00f3n y reembolso | Curvco Steel Buildings","isPartOf":{"@id":"https:\/\/curvcosteelbuildings.com\/es\/#website"},"datePublished":"2024-03-14T15:38:28+00:00","dateModified":"2024-08-12T17:30:35+00:00","description":"Aprenda con claridad c\u00f3mo funciona nuestra pol\u00edtica de devoluci\u00f3n y reembolso.","breadcrumb":{"@id":"https:\/\/curvcosteelbuildings.com\/es\/politica-de-devolucion-y-reembolso\/#breadcrumb"},"inLanguage":"en-US","potentialAction":[{"@type":"ReadAction","target":["https:\/\/curvcosteelbuildings.com\/es\/politica-de-devolucion-y-reembolso\/"]}]},{"@type":"BreadcrumbList","@id":"https:\/\/curvcosteelbuildings.com\/es\/politica-de-devolucion-y-reembolso\/#breadcrumb","itemListElement":[{"@type":"ListItem","position":1,"name":"Home","item":"https:\/\/curvcosteelbuildings.com\/es\/"},{"@type":"ListItem","position":2,"name":"Pol\u00edtica de devoluci\u00f3n y reembolso"}]},{"@type":"WebSite","@id":"https:\/\/curvcosteelbuildings.com\/es\/#website","url":"https:\/\/curvcosteelbuildings.com\/es\/","name":"Curvco Steel Buildings","description":"Estructuras de metal en arco para diferentes aplicaciones","potentialAction":[{"@type":"SearchAction","target":{"@type":"EntryPoint","urlTemplate":"https:\/\/curvcosteelbuildings.com\/es\/?s={search_term_string}"},"query-input":{"@type":"PropertyValueSpecification","valueRequired":true,"valueName":"search_term_string"}}],"inLanguage":"en-US"}]}},"_links":{"self":[{"href":"https:\/\/curvcosteelbuildings.com\/es\/wp-json\/wp\/v2\/pages\/8793","targetHints":{"allow":["GET"]}}],"collection":[{"href":"https:\/\/curvcosteelbuildings.com\/es\/wp-json\/wp\/v2\/pages"}],"about":[{"href":"https:\/\/curvcosteelbuildings.com\/es\/wp-json\/wp\/v2\/types\/page"}],"author":[{"embeddable":true,"href":"https:\/\/curvcosteelbuildings.com\/es\/wp-json\/wp\/v2\/users\/1"}],"replies":[{"embeddable":true,"href":"https:\/\/curvcosteelbuildings.com\/es\/wp-json\/wp\/v2\/comments?post=8793"}],"version-history":[{"count":70,"href":"https:\/\/curvcosteelbuildings.com\/es\/wp-json\/wp\/v2\/pages\/8793\/revisions"}],"predecessor-version":[{"id":15375,"href":"https:\/\/curvcosteelbuildings.com\/es\/wp-json\/wp\/v2\/pages\/8793\/revisions\/15375"}],"wp:attachment":[{"href":"https:\/\/curvcosteelbuildings.com\/es\/wp-json\/wp\/v2\/media?parent=8793"}],"curies":[{"name":"wp","href":"https:\/\/api.w.org\/{rel}","templated":true}]}}