{"id":18231,"date":"2025-06-11T20:53:42","date_gmt":"2025-06-11T20:53:42","guid":{"rendered":"https:\/\/curvcosteelbuildings.com\/es\/?post_type=product&#038;p=18231"},"modified":"2025-06-12T13:06:18","modified_gmt":"2025-06-12T13:06:18","slug":"edificio-metalico-agricola-50x100","status":"publish","type":"product","link":"https:\/\/curvcosteelbuildings.com\/es\/producto\/edificio-metalico-agricola-50x100\/","title":{"rendered":"Edificio Met\u00e1lico Agr\u00edcola 50&#215;100"},"content":{"rendered":"<p style=\"text-align: justify;\" data-start=\"0\" data-end=\"361\">Nuestro <strong data-start=\"8\" data-end=\"48\">Edificio Met\u00e1lico Agr\u00edcola de 50\u00d7100<\/strong> es el modelo m\u00e1s rentable y ofrece un espacio amplio para todo tipo de actividades agr\u00edcolas, incluyendo talleres, reparaci\u00f3n de maquinaria, almacenamiento de productos y mucho m\u00e1s. Con 5,000 pies cuadrados de espacio interior completamente libre de obstrucciones, este edificio se puede personalizar desde cero. La garant\u00eda de Curvco de 50 a\u00f1os contra la perforaci\u00f3n por \u00f3xido y la corrosi\u00f3n garantiza la durabilidad de la estructura con muy poco o ning\u00fan mantenimiento. Las paredes frontal y trasera pueden adquirirse junto con otros accesorios, como puertas peatonales, tragaluces en el techo, kits de ventilaci\u00f3n tipo turbina, marcos para ventanas y puertas corredizas dobles.\u00a0El tiempo promedio de instalaci\u00f3n es de aproximadamente 3 a 4 d\u00edas desde el inicio hasta la finalizaci\u00f3n. Gracias a un dise\u00f1o de tuercas y tornillos de un solo tama\u00f1o, este sistema de arcos es ideal para quienes desean construirlo por cuenta propia, ahorrando miles de d\u00f3lares en comparaci\u00f3n con la construcci\u00f3n tradicional.\u00a0Los Edificios Met\u00e1licos Agr\u00edcolas de 50\u00d7100 de Curvco est\u00e1n fabricados con metal de calibre pesado y dise\u00f1ados para resistir vientos con clasificaci\u00f3n de hurac\u00e1n. A diferencia de las estructuras de madera, nuestros edificios de arco met\u00e1lico no se pudren, no albergan termitas ni plagas y son resistentes al fuego. El precio no incluye la puerta corrediza doble.<\/p>\n<p><strong>La estructura incluye:<\/strong><\/p>\n<ul>\n<li>Solo sistema de techo y pared (paredes abiertas con \u00e1ngulo adaptador)<\/li>\n<li>Metal Galvalume con garant\u00eda de 50 a\u00f1os<\/li>\n<li>Herrajes: tuercas, tornillos, arandelas, sellado contra el clima<\/li>\n<li>Planos de dise\u00f1o asistido por computadora (CAD)<\/li>\n<\/ul>\n<p>&nbsp;<\/p>\n<p><strong>Accesorios disponibles con este kit de construcci\u00f3n:<\/strong><\/p>\n<ul>\n<li>Paredes frontales y traseras<\/li>\n<li data-start=\"328\" data-end=\"359\">Aberturas enmarcadas en metal<\/li>\n<li data-start=\"362\" data-end=\"379\">Puerta peatonal<\/li>\n<li data-start=\"382\" data-end=\"406\">Tragaluces en el techo<\/li>\n<li data-start=\"409\" data-end=\"443\">Kits de ventilaci\u00f3n tipo turbina<\/li>\n<li data-start=\"446\" data-end=\"466\">Puertas corredizas<\/li>\n<li data-start=\"469\" data-end=\"490\">Aislamiento t\u00e9rmico<\/li>\n<li data-start=\"493\" data-end=\"528\" data-is-last-node=\"\">Paredes divisorias s\u00f3lidas de metal<\/li>\n<\/ul>\n<p>&nbsp;<\/p>\n<p><strong data-start=\"0\" data-end=\"9\" data-is-only-node=\"\">Nota:<\/strong> Todos los edificios requieren revisi\u00f3n por parte de un ingeniero en zonas con carga de nieve o vientos fuertes, y puede ser necesario aumentar la resistencia utilizando metal de mayor calibre.<\/p>\n","protected":false},"excerpt":{"rendered":"<p>Nuestro Edificio Met\u00e1lico Agr\u00edcola de 50\u00d7100 es el modelo m\u00e1s rentable y ofrece un espacio amplio para todo tipo de actividades agr\u00edcolas, incluyendo talleres, reparaci\u00f3n de maquinaria, almacenamiento de productos y mucho m\u00e1s. Con 5,000 pies cuadrados de espacio interior completamente libre de obstrucciones, este edificio se puede personalizar desde cero. La garant\u00eda de Curvco [&hellip;]<\/p>\n","protected":false},"featured_media":18233,"template":"","meta":[],"product_brand":[],"product_cat":[101,100],"product_tag":[],"class_list":{"0":"post-18231","1":"product","2":"type-product","3":"status-publish","4":"has-post-thumbnail","6":"product_cat-cabana-quonset","7":"product_cat-estructura-en-arco","9":"first","10":"instock","11":"shipping-taxable","12":"purchasable","13":"product-type-simple"},"yoast_head":"<!-- This site is optimized with the Yoast SEO plugin v26.6 - https:\/\/yoast.com\/wordpress\/plugins\/seo\/ -->\n<title>Edificios Agr\u00edcolas Met\u00e1licos de 50x100 \u2013 Construcci\u00f3n Prefabricada de Metal para Hacerlo Usted Mismo<\/title>\n<meta name=\"description\" content=\"Nuestro Edificio Agr\u00edcola Met\u00e1lico de 50x100 est\u00e1 dise\u00f1ado para quienes prefieren hacerlo por su cuenta. Los edificios agr\u00edcolas prefabricados en metal permiten una instalaci\u00f3n sencilla de nuestros refugios tipo Quonset.\" \/>\n<meta name=\"robots\" content=\"index, follow, max-snippet:-1, max-image-preview:large, max-video-preview:-1\" \/>\n<link rel=\"canonical\" href=\"https:\/\/curvcosteelbuildings.com\/es\/producto\/edificio-metalico-agricola-50x100\/\" \/>\n<meta property=\"og:locale\" content=\"en_US\" \/>\n<meta property=\"og:type\" content=\"article\" \/>\n<meta property=\"og:title\" content=\"Edificios Agr\u00edcolas Met\u00e1licos de 50x100 \u2013 Construcci\u00f3n Prefabricada de Metal para Hacerlo Usted Mismo\" \/>\n<meta property=\"og:description\" content=\"Nuestro Edificio Agr\u00edcola Met\u00e1lico de 50x100 est\u00e1 dise\u00f1ado para quienes prefieren hacerlo por su cuenta. Los edificios agr\u00edcolas prefabricados en metal permiten una instalaci\u00f3n sencilla de nuestros refugios tipo Quonset.\" \/>\n<meta property=\"og:url\" content=\"https:\/\/curvcosteelbuildings.com\/es\/producto\/edificio-metalico-agricola-50x100\/\" \/>\n<meta property=\"og:site_name\" content=\"Curvco Steel Buildings\" \/>\n<meta property=\"article:modified_time\" content=\"2025-06-12T13:06:18+00:00\" \/>\n<meta property=\"og:image\" content=\"https:\/\/curvcosteelbuildings.com\/es\/wp-content\/uploads\/2025\/06\/50x100-edificio-metalico-agricola.webp\" \/>\n\t<meta property=\"og:image:width\" content=\"640\" \/>\n\t<meta property=\"og:image:height\" content=\"480\" \/>\n\t<meta property=\"og:image:type\" content=\"image\/webp\" \/>\n<meta name=\"twitter:card\" content=\"summary_large_image\" \/>\n<meta name=\"twitter:label1\" content=\"Est. reading time\" \/>\n\t<meta name=\"twitter:data1\" content=\"2 minutes\" \/>\n<script type=\"application\/ld+json\" class=\"yoast-schema-graph\">{\"@context\":\"https:\/\/schema.org\",\"@graph\":[{\"@type\":\"WebPage\",\"@id\":\"https:\/\/curvcosteelbuildings.com\/es\/producto\/edificio-metalico-agricola-50x100\/\",\"url\":\"https:\/\/curvcosteelbuildings.com\/es\/producto\/edificio-metalico-agricola-50x100\/\",\"name\":\"Edificios Agr\u00edcolas Met\u00e1licos de 50x100 \u2013 Construcci\u00f3n Prefabricada de Metal para Hacerlo Usted Mismo\",\"isPartOf\":{\"@id\":\"https:\/\/curvcosteelbuildings.com\/es\/#website\"},\"primaryImageOfPage\":{\"@id\":\"https:\/\/curvcosteelbuildings.com\/es\/producto\/edificio-metalico-agricola-50x100\/#primaryimage\"},\"image\":{\"@id\":\"https:\/\/curvcosteelbuildings.com\/es\/producto\/edificio-metalico-agricola-50x100\/#primaryimage\"},\"thumbnailUrl\":\"https:\/\/curvcosteelbuildings.com\/es\/wp-content\/uploads\/2025\/06\/50x100-edificio-metalico-agricola.webp\",\"datePublished\":\"2025-06-11T20:53:42+00:00\",\"dateModified\":\"2025-06-12T13:06:18+00:00\",\"description\":\"Nuestro Edificio Agr\u00edcola Met\u00e1lico de 50x100 est\u00e1 dise\u00f1ado para quienes prefieren hacerlo por su cuenta. Los edificios agr\u00edcolas prefabricados en metal permiten una instalaci\u00f3n sencilla de nuestros refugios tipo Quonset.\",\"breadcrumb\":{\"@id\":\"https:\/\/curvcosteelbuildings.com\/es\/producto\/edificio-metalico-agricola-50x100\/#breadcrumb\"},\"inLanguage\":\"en-US\",\"potentialAction\":[{\"@type\":\"ReadAction\",\"target\":[\"https:\/\/curvcosteelbuildings.com\/es\/producto\/edificio-metalico-agricola-50x100\/\"]}]},{\"@type\":\"ImageObject\",\"inLanguage\":\"en-US\",\"@id\":\"https:\/\/curvcosteelbuildings.com\/es\/producto\/edificio-metalico-agricola-50x100\/#primaryimage\",\"url\":\"https:\/\/curvcosteelbuildings.com\/es\/wp-content\/uploads\/2025\/06\/50x100-edificio-metalico-agricola.webp\",\"contentUrl\":\"https:\/\/curvcosteelbuildings.com\/es\/wp-content\/uploads\/2025\/06\/50x100-edificio-metalico-agricola.webp\",\"width\":640,\"height\":480,\"caption\":\"50x100 Edificio Met\u00e1lico Agr\u00edcola\"},{\"@type\":\"BreadcrumbList\",\"@id\":\"https:\/\/curvcosteelbuildings.com\/es\/producto\/edificio-metalico-agricola-50x100\/#breadcrumb\",\"itemListElement\":[{\"@type\":\"ListItem\",\"position\":1,\"name\":\"Home\",\"item\":\"https:\/\/curvcosteelbuildings.com\/es\/\"},{\"@type\":\"ListItem\",\"position\":2,\"name\":\"Tienda\",\"item\":\"https:\/\/curvcosteelbuildings.com\/es\/tienda\/\"},{\"@type\":\"ListItem\",\"position\":3,\"name\":\"Edificio Met\u00e1lico Agr\u00edcola 50&#215;100\"}]},{\"@type\":\"WebSite\",\"@id\":\"https:\/\/curvcosteelbuildings.com\/es\/#website\",\"url\":\"https:\/\/curvcosteelbuildings.com\/es\/\",\"name\":\"Curvco Steel Buildings\",\"description\":\"Estructuras de metal en arco para diferentes aplicaciones\",\"potentialAction\":[{\"@type\":\"SearchAction\",\"target\":{\"@type\":\"EntryPoint\",\"urlTemplate\":\"https:\/\/curvcosteelbuildings.com\/es\/?s={search_term_string}\"},\"query-input\":{\"@type\":\"PropertyValueSpecification\",\"valueRequired\":true,\"valueName\":\"search_term_string\"}}],\"inLanguage\":\"en-US\"}]}<\/script>\n<!-- \/ Yoast SEO plugin. -->","yoast_head_json":{"title":"Edificios Agr\u00edcolas Met\u00e1licos de 50x100 \u2013 Construcci\u00f3n Prefabricada de Metal para Hacerlo Usted Mismo","description":"Nuestro Edificio Agr\u00edcola Met\u00e1lico de 50x100 est\u00e1 dise\u00f1ado para quienes prefieren hacerlo por su cuenta. Los edificios agr\u00edcolas prefabricados en metal permiten una instalaci\u00f3n sencilla de nuestros refugios tipo Quonset.","robots":{"index":"index","follow":"follow","max-snippet":"max-snippet:-1","max-image-preview":"max-image-preview:large","max-video-preview":"max-video-preview:-1"},"canonical":"https:\/\/curvcosteelbuildings.com\/es\/producto\/edificio-metalico-agricola-50x100\/","og_locale":"en_US","og_type":"article","og_title":"Edificios Agr\u00edcolas Met\u00e1licos de 50x100 \u2013 Construcci\u00f3n Prefabricada de Metal para Hacerlo Usted Mismo","og_description":"Nuestro Edificio Agr\u00edcola Met\u00e1lico de 50x100 est\u00e1 dise\u00f1ado para quienes prefieren hacerlo por su cuenta. Los edificios agr\u00edcolas prefabricados en metal permiten una instalaci\u00f3n sencilla de nuestros refugios tipo Quonset.","og_url":"https:\/\/curvcosteelbuildings.com\/es\/producto\/edificio-metalico-agricola-50x100\/","og_site_name":"Curvco Steel Buildings","article_modified_time":"2025-06-12T13:06:18+00:00","og_image":[{"width":640,"height":480,"url":"https:\/\/curvcosteelbuildings.com\/es\/wp-content\/uploads\/2025\/06\/50x100-edificio-metalico-agricola.webp","type":"image\/webp"}],"twitter_card":"summary_large_image","twitter_misc":{"Est. reading time":"2 minutes"},"schema":{"@context":"https:\/\/schema.org","@graph":[{"@type":"WebPage","@id":"https:\/\/curvcosteelbuildings.com\/es\/producto\/edificio-metalico-agricola-50x100\/","url":"https:\/\/curvcosteelbuildings.com\/es\/producto\/edificio-metalico-agricola-50x100\/","name":"Edificios Agr\u00edcolas Met\u00e1licos de 50x100 \u2013 Construcci\u00f3n Prefabricada de Metal para Hacerlo Usted Mismo","isPartOf":{"@id":"https:\/\/curvcosteelbuildings.com\/es\/#website"},"primaryImageOfPage":{"@id":"https:\/\/curvcosteelbuildings.com\/es\/producto\/edificio-metalico-agricola-50x100\/#primaryimage"},"image":{"@id":"https:\/\/curvcosteelbuildings.com\/es\/producto\/edificio-metalico-agricola-50x100\/#primaryimage"},"thumbnailUrl":"https:\/\/curvcosteelbuildings.com\/es\/wp-content\/uploads\/2025\/06\/50x100-edificio-metalico-agricola.webp","datePublished":"2025-06-11T20:53:42+00:00","dateModified":"2025-06-12T13:06:18+00:00","description":"Nuestro Edificio Agr\u00edcola Met\u00e1lico de 50x100 est\u00e1 dise\u00f1ado para quienes prefieren hacerlo por su cuenta. Los edificios agr\u00edcolas prefabricados en metal permiten una instalaci\u00f3n sencilla de nuestros refugios tipo Quonset.","breadcrumb":{"@id":"https:\/\/curvcosteelbuildings.com\/es\/producto\/edificio-metalico-agricola-50x100\/#breadcrumb"},"inLanguage":"en-US","potentialAction":[{"@type":"ReadAction","target":["https:\/\/curvcosteelbuildings.com\/es\/producto\/edificio-metalico-agricola-50x100\/"]}]},{"@type":"ImageObject","inLanguage":"en-US","@id":"https:\/\/curvcosteelbuildings.com\/es\/producto\/edificio-metalico-agricola-50x100\/#primaryimage","url":"https:\/\/curvcosteelbuildings.com\/es\/wp-content\/uploads\/2025\/06\/50x100-edificio-metalico-agricola.webp","contentUrl":"https:\/\/curvcosteelbuildings.com\/es\/wp-content\/uploads\/2025\/06\/50x100-edificio-metalico-agricola.webp","width":640,"height":480,"caption":"50x100 Edificio Met\u00e1lico Agr\u00edcola"},{"@type":"BreadcrumbList","@id":"https:\/\/curvcosteelbuildings.com\/es\/producto\/edificio-metalico-agricola-50x100\/#breadcrumb","itemListElement":[{"@type":"ListItem","position":1,"name":"Home","item":"https:\/\/curvcosteelbuildings.com\/es\/"},{"@type":"ListItem","position":2,"name":"Tienda","item":"https:\/\/curvcosteelbuildings.com\/es\/tienda\/"},{"@type":"ListItem","position":3,"name":"Edificio Met\u00e1lico Agr\u00edcola 50&#215;100"}]},{"@type":"WebSite","@id":"https:\/\/curvcosteelbuildings.com\/es\/#website","url":"https:\/\/curvcosteelbuildings.com\/es\/","name":"Curvco Steel Buildings","description":"Estructuras de metal en arco para diferentes aplicaciones","potentialAction":[{"@type":"SearchAction","target":{"@type":"EntryPoint","urlTemplate":"https:\/\/curvcosteelbuildings.com\/es\/?s={search_term_string}"},"query-input":{"@type":"PropertyValueSpecification","valueRequired":true,"valueName":"search_term_string"}}],"inLanguage":"en-US"}]}},"_links":{"self":[{"href":"https:\/\/curvcosteelbuildings.com\/es\/wp-json\/wp\/v2\/product\/18231","targetHints":{"allow":["GET"]}}],"collection":[{"href":"https:\/\/curvcosteelbuildings.com\/es\/wp-json\/wp\/v2\/product"}],"about":[{"href":"https:\/\/curvcosteelbuildings.com\/es\/wp-json\/wp\/v2\/types\/product"}],"wp:featuredmedia":[{"embeddable":true,"href":"https:\/\/curvcosteelbuildings.com\/es\/wp-json\/wp\/v2\/media\/18233"}],"wp:attachment":[{"href":"https:\/\/curvcosteelbuildings.com\/es\/wp-json\/wp\/v2\/media?parent=18231"}],"wp:term":[{"taxonomy":"product_brand","embeddable":true,"href":"https:\/\/curvcosteelbuildings.com\/es\/wp-json\/wp\/v2\/product_brand?post=18231"},{"taxonomy":"product_cat","embeddable":true,"href":"https:\/\/curvcosteelbuildings.com\/es\/wp-json\/wp\/v2\/product_cat?post=18231"},{"taxonomy":"product_tag","embeddable":true,"href":"https:\/\/curvcosteelbuildings.com\/es\/wp-json\/wp\/v2\/product_tag?post=18231"}],"curies":[{"name":"wp","href":"https:\/\/api.w.org\/{rel}","templated":true}]}}