{"id":8807,"date":"2024-02-19T20:51:12","date_gmt":"2024-02-19T20:51:12","guid":{"rendered":"http:\/\/curvcosteelbuildings.com\/es\/?post_type=product&#038;p=8807"},"modified":"2025-06-11T21:16:44","modified_gmt":"2025-06-11T21:16:44","slug":"garaje-metalico-30x46","status":"publish","type":"product","link":"https:\/\/curvcosteelbuildings.com\/es\/producto\/garaje-metalico-30x46\/","title":{"rendered":"Garaje met\u00e1lico 30&#215;46"},"content":{"rendered":"<p style=\"text-align: justify;\">El edificio de garaje met\u00e1lico de 30&#215;46 de Curvco est\u00e1 predise\u00f1ado para montarse r\u00e1pidamente. Todos los orificios est\u00e1n pretaladrados y preperforados para un montaje r\u00e1pido y sencillo. Nuestras estructuras en arco, pensadas para el que lo hace por s\u00ed mismo, incluyen manuales de montaje y cimentaci\u00f3n y planos CAD para simplificar el proceso. Todos los arcos est\u00e1n dise\u00f1ados con acero de calibre 22 de alta resistencia, lo que hace que estas estructuras sean superiores frente a vientos huracanados. Las paredes delanteras y traseras con aberturas enmarcadas se encuentran entre los accesorios m\u00e1s populares, incluyendo puertas de hombre, claraboyas de techo, kits de ventilaci\u00f3n de turbina, marcos de ventanas, puertas correderas dobles \u00a1y mucho m\u00e1s! Una estructura met\u00e1lica en arco como la que se muestra aqu\u00ed puede montarse con un peque\u00f1o equipo en un per\u00edodo de 2-3 d\u00edas. Todas las construcciones de acero Curvco cuentan con una garant\u00eda de 50 a\u00f1os contra el \u00f3xido y la corrosi\u00f3n que garantiza la longevidad de su estructura. Nuestras estructuras de acero de 30&#215;50 ofrecen una longitud adicional y, a diferencia de las estructuras de madera, no se pudren, no acumulan plagas ni roedores y tienen una luz libre que no ofrece zonas para que se posen los p\u00e1jaros.<\/p>\n<p>&nbsp;<\/p>\n<p><strong>Building Includes:<\/strong><\/p>\n<ul>\n<li>S\u00f3lo sistema de pared\/techo, construcci\u00f3n de Galvalume<\/li>\n<li>Una pared de acero macizo<\/li>\n<li>Una pared de acero con abertura enmarcada<\/li>\n<li>Arcos de acero Galvalume de calibre 22 de alta resistencia<\/li>\n<li>Autorizado para regiones con una carga de nieve en el suelo de 28psf y un \u00edndice de carga de viento de 150 mph<\/li>\n<li>Garant\u00eda de 50 a\u00f1os contra perforaci\u00f3n por \u00f3xido<\/li>\n<li>Acero 100% certificado de EE.UU.<\/li>\n<li>Herrajes: Tuercas, pernos, arandelas, burletes<\/li>\n<li>Montaje sencillo y r\u00e1pido (instrucciones incluidas)<\/li>\n<li>Dibujos de dise\u00f1o asistido por ordenador<\/li>\n<\/ul>\n<p>&nbsp;<\/p>\n<p><strong>Accesorios disponibles con este kit de construcci\u00f3n:<\/strong><\/p>\n<ul>\n<li>Aberturas con marco de acero<\/li>\n<li>Puerta de paso<\/li>\n<li>Tragaluces<\/li>\n<li>Kits de ventilaci\u00f3n de turbina<\/li>\n<li>Tabiques divisorios<\/li>\n<li>Aislamiento<\/li>\n<li>Tabiques de acero macizo<\/li>\n<\/ul>\n<p>&nbsp;<\/p>\n<p><strong>Nota:<\/strong> Todas las estructuras requieren la revisi\u00f3n de un ingeniero para zonas con cargas de nieve o vientos fuertes y puede ser necesario aumentar la resistencia con acero de mayor calibre.<\/p>\n","protected":false},"excerpt":{"rendered":"<p>El edificio de garaje met\u00e1lico de 30&#215;46 de Curvco est\u00e1 predise\u00f1ado para montarse r\u00e1pidamente. Todos los orificios est\u00e1n pretaladrados y preperforados para un montaje r\u00e1pido y sencillo. Nuestras estructuras en arco, pensadas para el que lo hace por s\u00ed mismo, incluyen manuales de montaje y cimentaci\u00f3n y planos CAD para simplificar el proceso. Todos los [&hellip;]<\/p>\n","protected":false},"featured_media":18228,"template":"","meta":[],"product_brand":[],"product_cat":[101,100],"product_tag":[],"class_list":{"0":"post-8807","1":"product","2":"type-product","3":"status-publish","4":"has-post-thumbnail","6":"product_cat-cabana-quonset","7":"product_cat-estructura-en-arco","9":"first","10":"instock","11":"shipping-taxable","12":"purchasable","13":"product-type-simple"},"yoast_head":"<!-- This site is optimized with the Yoast SEO plugin v26.6 - https:\/\/yoast.com\/wordpress\/plugins\/seo\/ -->\n<title>Garaje met\u00e1lico 30x46 | Curvco Steel Buildings<\/title>\n<meta name=\"description\" content=\"Construya su propio garaje met\u00e1lico de 30x46 con nuestros kits de construcci\u00f3n de acero. Instrucciones f\u00e1ciles de seguir con excelente servicio al cliente.\" \/>\n<meta name=\"robots\" content=\"index, follow, max-snippet:-1, max-image-preview:large, max-video-preview:-1\" \/>\n<link rel=\"canonical\" href=\"https:\/\/curvcosteelbuildings.com\/es\/producto\/garaje-metalico-30x46\/\" \/>\n<meta property=\"og:locale\" content=\"en_US\" \/>\n<meta property=\"og:type\" content=\"article\" \/>\n<meta property=\"og:title\" content=\"Garaje met\u00e1lico 30x46 | Curvco Steel Buildings\" \/>\n<meta property=\"og:description\" content=\"Construya su propio garaje met\u00e1lico de 30x46 con nuestros kits de construcci\u00f3n de acero. Instrucciones f\u00e1ciles de seguir con excelente servicio al cliente.\" \/>\n<meta property=\"og:url\" content=\"https:\/\/curvcosteelbuildings.com\/es\/producto\/garaje-metalico-30x46\/\" \/>\n<meta property=\"og:site_name\" content=\"Curvco Steel Buildings\" \/>\n<meta property=\"article:modified_time\" content=\"2025-06-11T21:16:44+00:00\" \/>\n<meta property=\"og:image\" content=\"https:\/\/curvcosteelbuildings.com\/es\/wp-content\/uploads\/2024\/02\/30x46-garaje-metalico.webp\" \/>\n\t<meta property=\"og:image:width\" content=\"640\" \/>\n\t<meta property=\"og:image:height\" content=\"480\" \/>\n\t<meta property=\"og:image:type\" content=\"image\/webp\" \/>\n<meta name=\"twitter:card\" content=\"summary_large_image\" \/>\n<meta name=\"twitter:label1\" content=\"Est. reading time\" \/>\n\t<meta name=\"twitter:data1\" content=\"2 minutes\" \/>\n<script type=\"application\/ld+json\" class=\"yoast-schema-graph\">{\"@context\":\"https:\/\/schema.org\",\"@graph\":[{\"@type\":\"WebPage\",\"@id\":\"https:\/\/curvcosteelbuildings.com\/es\/producto\/garaje-metalico-30x46\/\",\"url\":\"https:\/\/curvcosteelbuildings.com\/es\/producto\/garaje-metalico-30x46\/\",\"name\":\"Garaje met\u00e1lico 30x46 | Curvco Steel Buildings\",\"isPartOf\":{\"@id\":\"https:\/\/curvcosteelbuildings.com\/es\/#website\"},\"primaryImageOfPage\":{\"@id\":\"https:\/\/curvcosteelbuildings.com\/es\/producto\/garaje-metalico-30x46\/#primaryimage\"},\"image\":{\"@id\":\"https:\/\/curvcosteelbuildings.com\/es\/producto\/garaje-metalico-30x46\/#primaryimage\"},\"thumbnailUrl\":\"https:\/\/curvcosteelbuildings.com\/es\/wp-content\/uploads\/2024\/02\/30x46-garaje-metalico.webp\",\"datePublished\":\"2024-02-19T20:51:12+00:00\",\"dateModified\":\"2025-06-11T21:16:44+00:00\",\"description\":\"Construya su propio garaje met\u00e1lico de 30x46 con nuestros kits de construcci\u00f3n de acero. Instrucciones f\u00e1ciles de seguir con excelente servicio al cliente.\",\"breadcrumb\":{\"@id\":\"https:\/\/curvcosteelbuildings.com\/es\/producto\/garaje-metalico-30x46\/#breadcrumb\"},\"inLanguage\":\"en-US\",\"potentialAction\":[{\"@type\":\"ReadAction\",\"target\":[\"https:\/\/curvcosteelbuildings.com\/es\/producto\/garaje-metalico-30x46\/\"]}]},{\"@type\":\"ImageObject\",\"inLanguage\":\"en-US\",\"@id\":\"https:\/\/curvcosteelbuildings.com\/es\/producto\/garaje-metalico-30x46\/#primaryimage\",\"url\":\"https:\/\/curvcosteelbuildings.com\/es\/wp-content\/uploads\/2024\/02\/30x46-garaje-metalico.webp\",\"contentUrl\":\"https:\/\/curvcosteelbuildings.com\/es\/wp-content\/uploads\/2024\/02\/30x46-garaje-metalico.webp\",\"width\":640,\"height\":480,\"caption\":\"Estructura arqueada de 30x46\"},{\"@type\":\"BreadcrumbList\",\"@id\":\"https:\/\/curvcosteelbuildings.com\/es\/producto\/garaje-metalico-30x46\/#breadcrumb\",\"itemListElement\":[{\"@type\":\"ListItem\",\"position\":1,\"name\":\"Home\",\"item\":\"https:\/\/curvcosteelbuildings.com\/es\/\"},{\"@type\":\"ListItem\",\"position\":2,\"name\":\"Tienda\",\"item\":\"https:\/\/curvcosteelbuildings.com\/es\/tienda\/\"},{\"@type\":\"ListItem\",\"position\":3,\"name\":\"Garaje met\u00e1lico 30&#215;46\"}]},{\"@type\":\"WebSite\",\"@id\":\"https:\/\/curvcosteelbuildings.com\/es\/#website\",\"url\":\"https:\/\/curvcosteelbuildings.com\/es\/\",\"name\":\"Curvco Steel Buildings\",\"description\":\"Estructuras de metal en arco para diferentes aplicaciones\",\"potentialAction\":[{\"@type\":\"SearchAction\",\"target\":{\"@type\":\"EntryPoint\",\"urlTemplate\":\"https:\/\/curvcosteelbuildings.com\/es\/?s={search_term_string}\"},\"query-input\":{\"@type\":\"PropertyValueSpecification\",\"valueRequired\":true,\"valueName\":\"search_term_string\"}}],\"inLanguage\":\"en-US\"}]}<\/script>\n<!-- \/ Yoast SEO plugin. -->","yoast_head_json":{"title":"Garaje met\u00e1lico 30x46 | Curvco Steel Buildings","description":"Construya su propio garaje met\u00e1lico de 30x46 con nuestros kits de construcci\u00f3n de acero. Instrucciones f\u00e1ciles de seguir con excelente servicio al cliente.","robots":{"index":"index","follow":"follow","max-snippet":"max-snippet:-1","max-image-preview":"max-image-preview:large","max-video-preview":"max-video-preview:-1"},"canonical":"https:\/\/curvcosteelbuildings.com\/es\/producto\/garaje-metalico-30x46\/","og_locale":"en_US","og_type":"article","og_title":"Garaje met\u00e1lico 30x46 | Curvco Steel Buildings","og_description":"Construya su propio garaje met\u00e1lico de 30x46 con nuestros kits de construcci\u00f3n de acero. Instrucciones f\u00e1ciles de seguir con excelente servicio al cliente.","og_url":"https:\/\/curvcosteelbuildings.com\/es\/producto\/garaje-metalico-30x46\/","og_site_name":"Curvco Steel Buildings","article_modified_time":"2025-06-11T21:16:44+00:00","og_image":[{"width":640,"height":480,"url":"https:\/\/curvcosteelbuildings.com\/es\/wp-content\/uploads\/2024\/02\/30x46-garaje-metalico.webp","type":"image\/webp"}],"twitter_card":"summary_large_image","twitter_misc":{"Est. reading time":"2 minutes"},"schema":{"@context":"https:\/\/schema.org","@graph":[{"@type":"WebPage","@id":"https:\/\/curvcosteelbuildings.com\/es\/producto\/garaje-metalico-30x46\/","url":"https:\/\/curvcosteelbuildings.com\/es\/producto\/garaje-metalico-30x46\/","name":"Garaje met\u00e1lico 30x46 | Curvco Steel Buildings","isPartOf":{"@id":"https:\/\/curvcosteelbuildings.com\/es\/#website"},"primaryImageOfPage":{"@id":"https:\/\/curvcosteelbuildings.com\/es\/producto\/garaje-metalico-30x46\/#primaryimage"},"image":{"@id":"https:\/\/curvcosteelbuildings.com\/es\/producto\/garaje-metalico-30x46\/#primaryimage"},"thumbnailUrl":"https:\/\/curvcosteelbuildings.com\/es\/wp-content\/uploads\/2024\/02\/30x46-garaje-metalico.webp","datePublished":"2024-02-19T20:51:12+00:00","dateModified":"2025-06-11T21:16:44+00:00","description":"Construya su propio garaje met\u00e1lico de 30x46 con nuestros kits de construcci\u00f3n de acero. Instrucciones f\u00e1ciles de seguir con excelente servicio al cliente.","breadcrumb":{"@id":"https:\/\/curvcosteelbuildings.com\/es\/producto\/garaje-metalico-30x46\/#breadcrumb"},"inLanguage":"en-US","potentialAction":[{"@type":"ReadAction","target":["https:\/\/curvcosteelbuildings.com\/es\/producto\/garaje-metalico-30x46\/"]}]},{"@type":"ImageObject","inLanguage":"en-US","@id":"https:\/\/curvcosteelbuildings.com\/es\/producto\/garaje-metalico-30x46\/#primaryimage","url":"https:\/\/curvcosteelbuildings.com\/es\/wp-content\/uploads\/2024\/02\/30x46-garaje-metalico.webp","contentUrl":"https:\/\/curvcosteelbuildings.com\/es\/wp-content\/uploads\/2024\/02\/30x46-garaje-metalico.webp","width":640,"height":480,"caption":"Estructura arqueada de 30x46"},{"@type":"BreadcrumbList","@id":"https:\/\/curvcosteelbuildings.com\/es\/producto\/garaje-metalico-30x46\/#breadcrumb","itemListElement":[{"@type":"ListItem","position":1,"name":"Home","item":"https:\/\/curvcosteelbuildings.com\/es\/"},{"@type":"ListItem","position":2,"name":"Tienda","item":"https:\/\/curvcosteelbuildings.com\/es\/tienda\/"},{"@type":"ListItem","position":3,"name":"Garaje met\u00e1lico 30&#215;46"}]},{"@type":"WebSite","@id":"https:\/\/curvcosteelbuildings.com\/es\/#website","url":"https:\/\/curvcosteelbuildings.com\/es\/","name":"Curvco Steel Buildings","description":"Estructuras de metal en arco para diferentes aplicaciones","potentialAction":[{"@type":"SearchAction","target":{"@type":"EntryPoint","urlTemplate":"https:\/\/curvcosteelbuildings.com\/es\/?s={search_term_string}"},"query-input":{"@type":"PropertyValueSpecification","valueRequired":true,"valueName":"search_term_string"}}],"inLanguage":"en-US"}]}},"_links":{"self":[{"href":"https:\/\/curvcosteelbuildings.com\/es\/wp-json\/wp\/v2\/product\/8807","targetHints":{"allow":["GET"]}}],"collection":[{"href":"https:\/\/curvcosteelbuildings.com\/es\/wp-json\/wp\/v2\/product"}],"about":[{"href":"https:\/\/curvcosteelbuildings.com\/es\/wp-json\/wp\/v2\/types\/product"}],"wp:featuredmedia":[{"embeddable":true,"href":"https:\/\/curvcosteelbuildings.com\/es\/wp-json\/wp\/v2\/media\/18228"}],"wp:attachment":[{"href":"https:\/\/curvcosteelbuildings.com\/es\/wp-json\/wp\/v2\/media?parent=8807"}],"wp:term":[{"taxonomy":"product_brand","embeddable":true,"href":"https:\/\/curvcosteelbuildings.com\/es\/wp-json\/wp\/v2\/product_brand?post=8807"},{"taxonomy":"product_cat","embeddable":true,"href":"https:\/\/curvcosteelbuildings.com\/es\/wp-json\/wp\/v2\/product_cat?post=8807"},{"taxonomy":"product_tag","embeddable":true,"href":"https:\/\/curvcosteelbuildings.com\/es\/wp-json\/wp\/v2\/product_tag?post=8807"}],"curies":[{"name":"wp","href":"https:\/\/api.w.org\/{rel}","templated":true}]}}