{"id":8811,"date":"2024-02-19T21:27:43","date_gmt":"2024-02-19T21:27:43","guid":{"rendered":"http:\/\/curvcosteelbuildings.com\/es\/?post_type=product&#038;p=8811"},"modified":"2025-06-11T21:18:15","modified_gmt":"2025-06-11T21:18:15","slug":"estructura-agricola-metalica-50x100","status":"publish","type":"product","link":"https:\/\/curvcosteelbuildings.com\/es\/producto\/estructura-agricola-metalica-50x100\/","title":{"rendered":"Estructura agr\u00edcola met\u00e1lica 50&#215;100"},"content":{"rendered":"<p style=\"text-align: justify;\">Nuestra estructura agr\u00edcola de metal de 50&#215;100 es nuestro modelo m\u00e1s rentable y proporciona un amplio espacio para las actividades agr\u00edcolas, almacenamiento y talleres. Al ofrecer 5000 pies cuadrados de espacio interior sin obst\u00e1culos, esta estructura se puede personalizar desde cero. La garant\u00eda de 50 a\u00f1os de Curvco contra la perforaci\u00f3n por \u00f3xido y la corrosi\u00f3n asegura la longevidad de su estructura sin apenas mantenimiento. Pueden adquirirse paredes delanteras y traseras junto con otros accesorios, como puertas de acceso, claraboyas de tejado, kits de ventilaci\u00f3n de turbina, marcos de ventana, puertas correderas dobles y mucho m\u00e1s. La duraci\u00f3n t\u00edpica del montaje es de 3-4 d\u00edas de principio a fin. El uso de tuercas y tornillos de un solo tama\u00f1o proporciona a los aficionados del h\u00e1galo usted mismo un arco f\u00e1cil de montar y ahorra miles de d\u00f3lares en comparaci\u00f3n con la construcci\u00f3n tradicional. Las estructuras de acero de 50&#215;100 de Curvco est\u00e1n construidas con acero de calibre 22 de alta resistencia y dise\u00f1adas para resistir vientos huracanados. A diferencia de las estructuras de madera, nuestros arcos de acero no se pudren, no acumulan termitas ni plagas y son resistentes al fuego.<\/p>\n<p><strong>La estructura incluye:<\/strong><\/p>\n<ul>\n<li>S\u00f3lo sistema de pared de techo (sin paredes extremas)<\/li>\n<li>Paredes abiertas con \u00e1ngulo adaptador<\/li>\n<li>Arcos de acero Galvalume de calibre 22 de alta resistencia<\/li>\n<li>Autorizado para regiones con una carga de nieve en el suelo de 26psf y un \u00edndice de carga de viento de 127 mph<\/li>\n<li>Acero Galvalume con 50 a\u00f1os de garant\u00eda<\/li>\n<li>Herrajes: Tuercas, pernos, arandelas, burletes<\/li>\n<li>Planos de dise\u00f1o asistido por ordenador<\/li>\n<\/ul>\n<p>&nbsp;<\/p>\n<p><strong>Accesorios disponibles con este kit de construcci\u00f3n:<br \/>\n<\/strong><\/p>\n<ul>\n<li>Paredes extendidas delanteras\/traseras<\/li>\n<li>Aberturas con marco de acero<\/li>\n<li>Puerta de paso<\/li>\n<li>Tragaluces<\/li>\n<li>Kits de ventilaci\u00f3n de turbina<\/li>\n<li>Tabiques divisorios<\/li>\n<li>Aislamiento<\/li>\n<li>Tabiques de acero macizo<\/li>\n<\/ul>\n<p>&nbsp;<\/p>\n<p><strong>Nota:<\/strong> Todas las estructuras requieren la revisi\u00f3n de un ingeniero para zonas con cargas de nieve o vientos fuertes y puede ser necesario aumentar la resistencia con acero de mayor calibre.<\/p>\n","protected":false},"excerpt":{"rendered":"<p>Nuestra estructura agr\u00edcola de metal de 50&#215;100 es nuestro modelo m\u00e1s rentable y proporciona un amplio espacio para las actividades agr\u00edcolas, almacenamiento y talleres. Al ofrecer 5000 pies cuadrados de espacio interior sin obst\u00e1culos, esta estructura se puede personalizar desde cero. La garant\u00eda de 50 a\u00f1os de Curvco contra la perforaci\u00f3n por \u00f3xido y la [&hellip;]<\/p>\n","protected":false},"featured_media":18199,"template":"","meta":[],"product_brand":[],"product_cat":[101,100],"product_tag":[],"class_list":{"0":"post-8811","1":"product","2":"type-product","3":"status-publish","4":"has-post-thumbnail","6":"product_cat-cabana-quonset","7":"product_cat-estructura-en-arco","9":"first","10":"instock","11":"shipping-taxable","12":"purchasable","13":"product-type-simple"},"yoast_head":"<!-- This site is optimized with the Yoast SEO plugin v26.6 - https:\/\/yoast.com\/wordpress\/plugins\/seo\/ -->\n<title>Estructura agr\u00edcola met\u00e1lica 50x100 | Curvco Steel Buildings<\/title>\n<meta name=\"description\" content=\"Construya su propia estructura agr\u00edcola de 50x100 con nuestros kits de construcci\u00f3n. Instrucciones f\u00e1ciles de seguir con excelente servicio al cliente.\" \/>\n<meta name=\"robots\" content=\"index, follow, max-snippet:-1, max-image-preview:large, max-video-preview:-1\" \/>\n<link rel=\"canonical\" href=\"https:\/\/curvcosteelbuildings.com\/es\/producto\/estructura-agricola-metalica-50x100\/\" \/>\n<meta property=\"og:locale\" content=\"en_US\" \/>\n<meta property=\"og:type\" content=\"article\" \/>\n<meta property=\"og:title\" content=\"Estructura agr\u00edcola met\u00e1lica 50x100 | Curvco Steel Buildings\" \/>\n<meta property=\"og:description\" content=\"Construya su propia estructura agr\u00edcola de 50x100 con nuestros kits de construcci\u00f3n. Instrucciones f\u00e1ciles de seguir con excelente servicio al cliente.\" \/>\n<meta property=\"og:url\" content=\"https:\/\/curvcosteelbuildings.com\/es\/producto\/estructura-agricola-metalica-50x100\/\" \/>\n<meta property=\"og:site_name\" content=\"Curvco Steel Buildings\" \/>\n<meta property=\"article:modified_time\" content=\"2025-06-11T21:18:15+00:00\" \/>\n<meta property=\"og:image\" content=\"https:\/\/curvcosteelbuildings.com\/es\/wp-content\/uploads\/2024\/02\/50x100-edificio-de-granja-de-metal.webp\" \/>\n\t<meta property=\"og:image:width\" content=\"640\" \/>\n\t<meta property=\"og:image:height\" content=\"480\" \/>\n\t<meta property=\"og:image:type\" content=\"image\/webp\" \/>\n<meta name=\"twitter:card\" content=\"summary_large_image\" \/>\n<meta name=\"twitter:label1\" content=\"Est. reading time\" \/>\n\t<meta name=\"twitter:data1\" content=\"2 minutes\" \/>\n<script type=\"application\/ld+json\" class=\"yoast-schema-graph\">{\"@context\":\"https:\/\/schema.org\",\"@graph\":[{\"@type\":\"WebPage\",\"@id\":\"https:\/\/curvcosteelbuildings.com\/es\/producto\/estructura-agricola-metalica-50x100\/\",\"url\":\"https:\/\/curvcosteelbuildings.com\/es\/producto\/estructura-agricola-metalica-50x100\/\",\"name\":\"Estructura agr\u00edcola met\u00e1lica 50x100 | Curvco Steel Buildings\",\"isPartOf\":{\"@id\":\"https:\/\/curvcosteelbuildings.com\/es\/#website\"},\"primaryImageOfPage\":{\"@id\":\"https:\/\/curvcosteelbuildings.com\/es\/producto\/estructura-agricola-metalica-50x100\/#primaryimage\"},\"image\":{\"@id\":\"https:\/\/curvcosteelbuildings.com\/es\/producto\/estructura-agricola-metalica-50x100\/#primaryimage\"},\"thumbnailUrl\":\"https:\/\/curvcosteelbuildings.com\/es\/wp-content\/uploads\/2024\/02\/50x100-edificio-de-granja-de-metal.webp\",\"datePublished\":\"2024-02-19T21:27:43+00:00\",\"dateModified\":\"2025-06-11T21:18:15+00:00\",\"description\":\"Construya su propia estructura agr\u00edcola de 50x100 con nuestros kits de construcci\u00f3n. Instrucciones f\u00e1ciles de seguir con excelente servicio al cliente.\",\"breadcrumb\":{\"@id\":\"https:\/\/curvcosteelbuildings.com\/es\/producto\/estructura-agricola-metalica-50x100\/#breadcrumb\"},\"inLanguage\":\"en-US\",\"potentialAction\":[{\"@type\":\"ReadAction\",\"target\":[\"https:\/\/curvcosteelbuildings.com\/es\/producto\/estructura-agricola-metalica-50x100\/\"]}]},{\"@type\":\"ImageObject\",\"inLanguage\":\"en-US\",\"@id\":\"https:\/\/curvcosteelbuildings.com\/es\/producto\/estructura-agricola-metalica-50x100\/#primaryimage\",\"url\":\"https:\/\/curvcosteelbuildings.com\/es\/wp-content\/uploads\/2024\/02\/50x100-edificio-de-granja-de-metal.webp\",\"contentUrl\":\"https:\/\/curvcosteelbuildings.com\/es\/wp-content\/uploads\/2024\/02\/50x100-edificio-de-granja-de-metal.webp\",\"width\":640,\"height\":480,\"caption\":\"Kit de Quonset de 50x100\"},{\"@type\":\"BreadcrumbList\",\"@id\":\"https:\/\/curvcosteelbuildings.com\/es\/producto\/estructura-agricola-metalica-50x100\/#breadcrumb\",\"itemListElement\":[{\"@type\":\"ListItem\",\"position\":1,\"name\":\"Home\",\"item\":\"https:\/\/curvcosteelbuildings.com\/es\/\"},{\"@type\":\"ListItem\",\"position\":2,\"name\":\"Tienda\",\"item\":\"https:\/\/curvcosteelbuildings.com\/es\/tienda\/\"},{\"@type\":\"ListItem\",\"position\":3,\"name\":\"Estructura agr\u00edcola met\u00e1lica 50&#215;100\"}]},{\"@type\":\"WebSite\",\"@id\":\"https:\/\/curvcosteelbuildings.com\/es\/#website\",\"url\":\"https:\/\/curvcosteelbuildings.com\/es\/\",\"name\":\"Curvco Steel Buildings\",\"description\":\"Estructuras de metal en arco para diferentes aplicaciones\",\"potentialAction\":[{\"@type\":\"SearchAction\",\"target\":{\"@type\":\"EntryPoint\",\"urlTemplate\":\"https:\/\/curvcosteelbuildings.com\/es\/?s={search_term_string}\"},\"query-input\":{\"@type\":\"PropertyValueSpecification\",\"valueRequired\":true,\"valueName\":\"search_term_string\"}}],\"inLanguage\":\"en-US\"}]}<\/script>\n<!-- \/ Yoast SEO plugin. -->","yoast_head_json":{"title":"Estructura agr\u00edcola met\u00e1lica 50x100 | Curvco Steel Buildings","description":"Construya su propia estructura agr\u00edcola de 50x100 con nuestros kits de construcci\u00f3n. Instrucciones f\u00e1ciles de seguir con excelente servicio al cliente.","robots":{"index":"index","follow":"follow","max-snippet":"max-snippet:-1","max-image-preview":"max-image-preview:large","max-video-preview":"max-video-preview:-1"},"canonical":"https:\/\/curvcosteelbuildings.com\/es\/producto\/estructura-agricola-metalica-50x100\/","og_locale":"en_US","og_type":"article","og_title":"Estructura agr\u00edcola met\u00e1lica 50x100 | Curvco Steel Buildings","og_description":"Construya su propia estructura agr\u00edcola de 50x100 con nuestros kits de construcci\u00f3n. Instrucciones f\u00e1ciles de seguir con excelente servicio al cliente.","og_url":"https:\/\/curvcosteelbuildings.com\/es\/producto\/estructura-agricola-metalica-50x100\/","og_site_name":"Curvco Steel Buildings","article_modified_time":"2025-06-11T21:18:15+00:00","og_image":[{"width":640,"height":480,"url":"https:\/\/curvcosteelbuildings.com\/es\/wp-content\/uploads\/2024\/02\/50x100-edificio-de-granja-de-metal.webp","type":"image\/webp"}],"twitter_card":"summary_large_image","twitter_misc":{"Est. reading time":"2 minutes"},"schema":{"@context":"https:\/\/schema.org","@graph":[{"@type":"WebPage","@id":"https:\/\/curvcosteelbuildings.com\/es\/producto\/estructura-agricola-metalica-50x100\/","url":"https:\/\/curvcosteelbuildings.com\/es\/producto\/estructura-agricola-metalica-50x100\/","name":"Estructura agr\u00edcola met\u00e1lica 50x100 | Curvco Steel Buildings","isPartOf":{"@id":"https:\/\/curvcosteelbuildings.com\/es\/#website"},"primaryImageOfPage":{"@id":"https:\/\/curvcosteelbuildings.com\/es\/producto\/estructura-agricola-metalica-50x100\/#primaryimage"},"image":{"@id":"https:\/\/curvcosteelbuildings.com\/es\/producto\/estructura-agricola-metalica-50x100\/#primaryimage"},"thumbnailUrl":"https:\/\/curvcosteelbuildings.com\/es\/wp-content\/uploads\/2024\/02\/50x100-edificio-de-granja-de-metal.webp","datePublished":"2024-02-19T21:27:43+00:00","dateModified":"2025-06-11T21:18:15+00:00","description":"Construya su propia estructura agr\u00edcola de 50x100 con nuestros kits de construcci\u00f3n. Instrucciones f\u00e1ciles de seguir con excelente servicio al cliente.","breadcrumb":{"@id":"https:\/\/curvcosteelbuildings.com\/es\/producto\/estructura-agricola-metalica-50x100\/#breadcrumb"},"inLanguage":"en-US","potentialAction":[{"@type":"ReadAction","target":["https:\/\/curvcosteelbuildings.com\/es\/producto\/estructura-agricola-metalica-50x100\/"]}]},{"@type":"ImageObject","inLanguage":"en-US","@id":"https:\/\/curvcosteelbuildings.com\/es\/producto\/estructura-agricola-metalica-50x100\/#primaryimage","url":"https:\/\/curvcosteelbuildings.com\/es\/wp-content\/uploads\/2024\/02\/50x100-edificio-de-granja-de-metal.webp","contentUrl":"https:\/\/curvcosteelbuildings.com\/es\/wp-content\/uploads\/2024\/02\/50x100-edificio-de-granja-de-metal.webp","width":640,"height":480,"caption":"Kit de Quonset de 50x100"},{"@type":"BreadcrumbList","@id":"https:\/\/curvcosteelbuildings.com\/es\/producto\/estructura-agricola-metalica-50x100\/#breadcrumb","itemListElement":[{"@type":"ListItem","position":1,"name":"Home","item":"https:\/\/curvcosteelbuildings.com\/es\/"},{"@type":"ListItem","position":2,"name":"Tienda","item":"https:\/\/curvcosteelbuildings.com\/es\/tienda\/"},{"@type":"ListItem","position":3,"name":"Estructura agr\u00edcola met\u00e1lica 50&#215;100"}]},{"@type":"WebSite","@id":"https:\/\/curvcosteelbuildings.com\/es\/#website","url":"https:\/\/curvcosteelbuildings.com\/es\/","name":"Curvco Steel Buildings","description":"Estructuras de metal en arco para diferentes aplicaciones","potentialAction":[{"@type":"SearchAction","target":{"@type":"EntryPoint","urlTemplate":"https:\/\/curvcosteelbuildings.com\/es\/?s={search_term_string}"},"query-input":{"@type":"PropertyValueSpecification","valueRequired":true,"valueName":"search_term_string"}}],"inLanguage":"en-US"}]}},"_links":{"self":[{"href":"https:\/\/curvcosteelbuildings.com\/es\/wp-json\/wp\/v2\/product\/8811","targetHints":{"allow":["GET"]}}],"collection":[{"href":"https:\/\/curvcosteelbuildings.com\/es\/wp-json\/wp\/v2\/product"}],"about":[{"href":"https:\/\/curvcosteelbuildings.com\/es\/wp-json\/wp\/v2\/types\/product"}],"wp:featuredmedia":[{"embeddable":true,"href":"https:\/\/curvcosteelbuildings.com\/es\/wp-json\/wp\/v2\/media\/18199"}],"wp:attachment":[{"href":"https:\/\/curvcosteelbuildings.com\/es\/wp-json\/wp\/v2\/media?parent=8811"}],"wp:term":[{"taxonomy":"product_brand","embeddable":true,"href":"https:\/\/curvcosteelbuildings.com\/es\/wp-json\/wp\/v2\/product_brand?post=8811"},{"taxonomy":"product_cat","embeddable":true,"href":"https:\/\/curvcosteelbuildings.com\/es\/wp-json\/wp\/v2\/product_cat?post=8811"},{"taxonomy":"product_tag","embeddable":true,"href":"https:\/\/curvcosteelbuildings.com\/es\/wp-json\/wp\/v2\/product_tag?post=8811"}],"curies":[{"name":"wp","href":"https:\/\/api.w.org\/{rel}","templated":true}]}}