{"id":8813,"date":"2024-02-19T21:48:18","date_gmt":"2024-02-19T21:48:18","guid":{"rendered":"http:\/\/curvcosteelbuildings.com\/es\/?post_type=product&#038;p=8813"},"modified":"2025-06-11T21:20:42","modified_gmt":"2025-06-11T21:20:42","slug":"kit-estructura-quonset-60x120","status":"publish","type":"product","link":"https:\/\/curvcosteelbuildings.com\/es\/producto\/kit-estructura-quonset-60x120\/","title":{"rendered":"Kit de estructura de acero tipo Quonset 60&#215;120"},"content":{"rendered":"<p style=\"text-align: justify;\">La estructura Quonset de 60&#215;120 de Curvco ofrece un amplio espacio interior sin obst\u00e1culos para grandes camiones y veh\u00edculos, as\u00ed como para equipos agr\u00edcolas de gran tama\u00f1o. Lo suficientemente grande como para albergar los equipos m\u00e1s grandes de una granja, este modelo se puede personalizar a su gusto. Cada estructura viene de serie con acero de calibre 22 de alta resistencia que resiste la prueba del tiempo. Sin postes ni vigas, todo el interior puede utilizarse y dise\u00f1arse para un almacenamiento m\u00e1ximo. Curvco ofrece una garant\u00eda de 50 a\u00f1os contra el \u00f3xido y la corrosi\u00f3n en todos los arcos. Utilizamos una construcci\u00f3n de tuerca y perno de tama\u00f1o \u00fanico popular entre las comunidades de construcci\u00f3n de h\u00e1galo usted mismo. Cada estructura est\u00e1 prefabricada y predise\u00f1ada para un montaje r\u00e1pido y sencillo utilizando nuestros manuales de cimentaci\u00f3n y montaje como gu\u00eda. Se pueden incluir paredes delanteras y traseras junto con puertas de acceso, claraboyas en el tejado, kits de ventilaci\u00f3n de turbina, marcos de ventanas, puertas correderas dobles y mucho m\u00e1s. Una estructura de acero de 60&#215;100 puede proporcionarle suficiente espacio para cualquier tipo de soluci\u00f3n de almacenamiento.<\/p>\n<p><strong>La estructura incluye:<\/strong><\/p>\n<ul>\n<li>Sistema de pared\/techo<\/li>\n<li>Arcos de acero Galvalume de calibre 20 de alta resistencia<\/li>\n<li>Autorizado para regiones con una carga de nieve en el suelo de 27psf y un \u00edndice de carga de viento de 116 mph.<\/li>\n<li>Acero Galvalume con 50 a\u00f1os de garant\u00eda<\/li>\n<li>Herrajes: Tuercas, pernos, arandelas, burletes<\/li>\n<li>Dibujos de dise\u00f1o asistido por ordenador<\/li>\n<\/ul>\n<p>&nbsp;<\/p>\n<p><strong>Accesorios disponibles con este kit de construcci\u00f3n:<\/strong><\/p>\n<ul>\n<li>Aberturas con marco de acero<\/li>\n<li>Puerta de paso<\/li>\n<li>Tragaluces<\/li>\n<li>Kits de ventilaci\u00f3n de turbina<\/li>\n<li>Puertas correderas<\/li>\n<li>Aislamiento<\/li>\n<li>Tabiques de acero macizo<\/li>\n<\/ul>\n<p>&nbsp;<\/p>\n<p><strong>Nota:<\/strong> Todas las estructuras requieren la revisi\u00f3n de un ingeniero para zonas con cargas de nieve o vientos fuertes y puede ser necesario aumentar la resistencia con acero de mayor calibre.<\/p>\n","protected":false},"excerpt":{"rendered":"<p>La estructura Quonset de 60&#215;120 de Curvco ofrece un amplio espacio interior sin obst\u00e1culos para grandes camiones y veh\u00edculos, as\u00ed como para equipos agr\u00edcolas de gran tama\u00f1o. Lo suficientemente grande como para albergar los equipos m\u00e1s grandes de una granja, este modelo se puede personalizar a su gusto. Cada estructura viene de serie con acero [&hellip;]<\/p>\n","protected":false},"featured_media":18198,"template":"","meta":[],"product_brand":[],"product_cat":[101,100],"product_tag":[],"class_list":{"0":"post-8813","1":"product","2":"type-product","3":"status-publish","4":"has-post-thumbnail","6":"product_cat-cabana-quonset","7":"product_cat-estructura-en-arco","9":"first","10":"instock","11":"sale","12":"shipping-taxable","13":"purchasable","14":"product-type-simple"},"yoast_head":"<!-- This site is optimized with the Yoast SEO plugin v26.6 - https:\/\/yoast.com\/wordpress\/plugins\/seo\/ -->\n<title>Kit de estructura de acero tipo Quonset 60x120 | Curvco Steel Buildings<\/title>\n<meta name=\"description\" content=\"Construya su propia estructura de 60x120 con nuestros kits de construcci\u00f3n de acero. Instrucciones f\u00e1ciles de seguir con excelente servicio al cliente.\" \/>\n<meta name=\"robots\" content=\"index, follow, max-snippet:-1, max-image-preview:large, max-video-preview:-1\" \/>\n<link rel=\"canonical\" href=\"https:\/\/curvcosteelbuildings.com\/es\/producto\/kit-estructura-quonset-60x120\/\" \/>\n<meta property=\"og:locale\" content=\"en_US\" \/>\n<meta property=\"og:type\" content=\"article\" \/>\n<meta property=\"og:title\" content=\"Kit de estructura de acero tipo Quonset 60x120 | Curvco Steel Buildings\" \/>\n<meta property=\"og:description\" content=\"Construya su propia estructura de 60x120 con nuestros kits de construcci\u00f3n de acero. Instrucciones f\u00e1ciles de seguir con excelente servicio al cliente.\" \/>\n<meta property=\"og:url\" content=\"https:\/\/curvcosteelbuildings.com\/es\/producto\/kit-estructura-quonset-60x120\/\" \/>\n<meta property=\"og:site_name\" content=\"Curvco Steel Buildings\" \/>\n<meta property=\"article:modified_time\" content=\"2025-06-11T21:20:42+00:00\" \/>\n<meta property=\"og:image\" content=\"https:\/\/curvcosteelbuildings.com\/es\/wp-content\/uploads\/2024\/02\/60x120-cabana-quonset.webp\" \/>\n\t<meta property=\"og:image:width\" content=\"640\" \/>\n\t<meta property=\"og:image:height\" content=\"480\" \/>\n\t<meta property=\"og:image:type\" content=\"image\/webp\" \/>\n<meta name=\"twitter:card\" content=\"summary_large_image\" \/>\n<meta name=\"twitter:label1\" content=\"Est. reading time\" \/>\n\t<meta name=\"twitter:data1\" content=\"2 minutes\" \/>\n<script type=\"application\/ld+json\" class=\"yoast-schema-graph\">{\"@context\":\"https:\/\/schema.org\",\"@graph\":[{\"@type\":\"WebPage\",\"@id\":\"https:\/\/curvcosteelbuildings.com\/es\/producto\/kit-estructura-quonset-60x120\/\",\"url\":\"https:\/\/curvcosteelbuildings.com\/es\/producto\/kit-estructura-quonset-60x120\/\",\"name\":\"Kit de estructura de acero tipo Quonset 60x120 | Curvco Steel Buildings\",\"isPartOf\":{\"@id\":\"https:\/\/curvcosteelbuildings.com\/es\/#website\"},\"primaryImageOfPage\":{\"@id\":\"https:\/\/curvcosteelbuildings.com\/es\/producto\/kit-estructura-quonset-60x120\/#primaryimage\"},\"image\":{\"@id\":\"https:\/\/curvcosteelbuildings.com\/es\/producto\/kit-estructura-quonset-60x120\/#primaryimage\"},\"thumbnailUrl\":\"https:\/\/curvcosteelbuildings.com\/es\/wp-content\/uploads\/2024\/02\/60x120-cabana-quonset.webp\",\"datePublished\":\"2024-02-19T21:48:18+00:00\",\"dateModified\":\"2025-06-11T21:20:42+00:00\",\"description\":\"Construya su propia estructura de 60x120 con nuestros kits de construcci\u00f3n de acero. Instrucciones f\u00e1ciles de seguir con excelente servicio al cliente.\",\"breadcrumb\":{\"@id\":\"https:\/\/curvcosteelbuildings.com\/es\/producto\/kit-estructura-quonset-60x120\/#breadcrumb\"},\"inLanguage\":\"en-US\",\"potentialAction\":[{\"@type\":\"ReadAction\",\"target\":[\"https:\/\/curvcosteelbuildings.com\/es\/producto\/kit-estructura-quonset-60x120\/\"]}]},{\"@type\":\"ImageObject\",\"inLanguage\":\"en-US\",\"@id\":\"https:\/\/curvcosteelbuildings.com\/es\/producto\/kit-estructura-quonset-60x120\/#primaryimage\",\"url\":\"https:\/\/curvcosteelbuildings.com\/es\/wp-content\/uploads\/2024\/02\/60x120-cabana-quonset.webp\",\"contentUrl\":\"https:\/\/curvcosteelbuildings.com\/es\/wp-content\/uploads\/2024\/02\/60x120-cabana-quonset.webp\",\"width\":640,\"height\":480,\"caption\":\"Quonset de 60x120\"},{\"@type\":\"BreadcrumbList\",\"@id\":\"https:\/\/curvcosteelbuildings.com\/es\/producto\/kit-estructura-quonset-60x120\/#breadcrumb\",\"itemListElement\":[{\"@type\":\"ListItem\",\"position\":1,\"name\":\"Home\",\"item\":\"https:\/\/curvcosteelbuildings.com\/es\/\"},{\"@type\":\"ListItem\",\"position\":2,\"name\":\"Tienda\",\"item\":\"https:\/\/curvcosteelbuildings.com\/es\/tienda\/\"},{\"@type\":\"ListItem\",\"position\":3,\"name\":\"Kit de estructura de acero tipo Quonset 60&#215;120\"}]},{\"@type\":\"WebSite\",\"@id\":\"https:\/\/curvcosteelbuildings.com\/es\/#website\",\"url\":\"https:\/\/curvcosteelbuildings.com\/es\/\",\"name\":\"Curvco Steel Buildings\",\"description\":\"Estructuras de metal en arco para diferentes aplicaciones\",\"potentialAction\":[{\"@type\":\"SearchAction\",\"target\":{\"@type\":\"EntryPoint\",\"urlTemplate\":\"https:\/\/curvcosteelbuildings.com\/es\/?s={search_term_string}\"},\"query-input\":{\"@type\":\"PropertyValueSpecification\",\"valueRequired\":true,\"valueName\":\"search_term_string\"}}],\"inLanguage\":\"en-US\"}]}<\/script>\n<!-- \/ Yoast SEO plugin. -->","yoast_head_json":{"title":"Kit de estructura de acero tipo Quonset 60x120 | Curvco Steel Buildings","description":"Construya su propia estructura de 60x120 con nuestros kits de construcci\u00f3n de acero. Instrucciones f\u00e1ciles de seguir con excelente servicio al cliente.","robots":{"index":"index","follow":"follow","max-snippet":"max-snippet:-1","max-image-preview":"max-image-preview:large","max-video-preview":"max-video-preview:-1"},"canonical":"https:\/\/curvcosteelbuildings.com\/es\/producto\/kit-estructura-quonset-60x120\/","og_locale":"en_US","og_type":"article","og_title":"Kit de estructura de acero tipo Quonset 60x120 | Curvco Steel Buildings","og_description":"Construya su propia estructura de 60x120 con nuestros kits de construcci\u00f3n de acero. Instrucciones f\u00e1ciles de seguir con excelente servicio al cliente.","og_url":"https:\/\/curvcosteelbuildings.com\/es\/producto\/kit-estructura-quonset-60x120\/","og_site_name":"Curvco Steel Buildings","article_modified_time":"2025-06-11T21:20:42+00:00","og_image":[{"width":640,"height":480,"url":"https:\/\/curvcosteelbuildings.com\/es\/wp-content\/uploads\/2024\/02\/60x120-cabana-quonset.webp","type":"image\/webp"}],"twitter_card":"summary_large_image","twitter_misc":{"Est. reading time":"2 minutes"},"schema":{"@context":"https:\/\/schema.org","@graph":[{"@type":"WebPage","@id":"https:\/\/curvcosteelbuildings.com\/es\/producto\/kit-estructura-quonset-60x120\/","url":"https:\/\/curvcosteelbuildings.com\/es\/producto\/kit-estructura-quonset-60x120\/","name":"Kit de estructura de acero tipo Quonset 60x120 | Curvco Steel Buildings","isPartOf":{"@id":"https:\/\/curvcosteelbuildings.com\/es\/#website"},"primaryImageOfPage":{"@id":"https:\/\/curvcosteelbuildings.com\/es\/producto\/kit-estructura-quonset-60x120\/#primaryimage"},"image":{"@id":"https:\/\/curvcosteelbuildings.com\/es\/producto\/kit-estructura-quonset-60x120\/#primaryimage"},"thumbnailUrl":"https:\/\/curvcosteelbuildings.com\/es\/wp-content\/uploads\/2024\/02\/60x120-cabana-quonset.webp","datePublished":"2024-02-19T21:48:18+00:00","dateModified":"2025-06-11T21:20:42+00:00","description":"Construya su propia estructura de 60x120 con nuestros kits de construcci\u00f3n de acero. Instrucciones f\u00e1ciles de seguir con excelente servicio al cliente.","breadcrumb":{"@id":"https:\/\/curvcosteelbuildings.com\/es\/producto\/kit-estructura-quonset-60x120\/#breadcrumb"},"inLanguage":"en-US","potentialAction":[{"@type":"ReadAction","target":["https:\/\/curvcosteelbuildings.com\/es\/producto\/kit-estructura-quonset-60x120\/"]}]},{"@type":"ImageObject","inLanguage":"en-US","@id":"https:\/\/curvcosteelbuildings.com\/es\/producto\/kit-estructura-quonset-60x120\/#primaryimage","url":"https:\/\/curvcosteelbuildings.com\/es\/wp-content\/uploads\/2024\/02\/60x120-cabana-quonset.webp","contentUrl":"https:\/\/curvcosteelbuildings.com\/es\/wp-content\/uploads\/2024\/02\/60x120-cabana-quonset.webp","width":640,"height":480,"caption":"Quonset de 60x120"},{"@type":"BreadcrumbList","@id":"https:\/\/curvcosteelbuildings.com\/es\/producto\/kit-estructura-quonset-60x120\/#breadcrumb","itemListElement":[{"@type":"ListItem","position":1,"name":"Home","item":"https:\/\/curvcosteelbuildings.com\/es\/"},{"@type":"ListItem","position":2,"name":"Tienda","item":"https:\/\/curvcosteelbuildings.com\/es\/tienda\/"},{"@type":"ListItem","position":3,"name":"Kit de estructura de acero tipo Quonset 60&#215;120"}]},{"@type":"WebSite","@id":"https:\/\/curvcosteelbuildings.com\/es\/#website","url":"https:\/\/curvcosteelbuildings.com\/es\/","name":"Curvco Steel Buildings","description":"Estructuras de metal en arco para diferentes aplicaciones","potentialAction":[{"@type":"SearchAction","target":{"@type":"EntryPoint","urlTemplate":"https:\/\/curvcosteelbuildings.com\/es\/?s={search_term_string}"},"query-input":{"@type":"PropertyValueSpecification","valueRequired":true,"valueName":"search_term_string"}}],"inLanguage":"en-US"}]}},"_links":{"self":[{"href":"https:\/\/curvcosteelbuildings.com\/es\/wp-json\/wp\/v2\/product\/8813","targetHints":{"allow":["GET"]}}],"collection":[{"href":"https:\/\/curvcosteelbuildings.com\/es\/wp-json\/wp\/v2\/product"}],"about":[{"href":"https:\/\/curvcosteelbuildings.com\/es\/wp-json\/wp\/v2\/types\/product"}],"wp:featuredmedia":[{"embeddable":true,"href":"https:\/\/curvcosteelbuildings.com\/es\/wp-json\/wp\/v2\/media\/18198"}],"wp:attachment":[{"href":"https:\/\/curvcosteelbuildings.com\/es\/wp-json\/wp\/v2\/media?parent=8813"}],"wp:term":[{"taxonomy":"product_brand","embeddable":true,"href":"https:\/\/curvcosteelbuildings.com\/es\/wp-json\/wp\/v2\/product_brand?post=8813"},{"taxonomy":"product_cat","embeddable":true,"href":"https:\/\/curvcosteelbuildings.com\/es\/wp-json\/wp\/v2\/product_cat?post=8813"},{"taxonomy":"product_tag","embeddable":true,"href":"https:\/\/curvcosteelbuildings.com\/es\/wp-json\/wp\/v2\/product_tag?post=8813"}],"curies":[{"name":"wp","href":"https:\/\/api.w.org\/{rel}","templated":true}]}}