{"id":8815,"date":"2024-02-19T22:42:35","date_gmt":"2024-02-19T22:42:35","guid":{"rendered":"http:\/\/curvcosteelbuildings.com\/es\/?post_type=product&#038;p=8815"},"modified":"2025-03-31T15:32:02","modified_gmt":"2025-03-31T15:32:02","slug":"kit-techo-contenedor-45x20","status":"publish","type":"product","link":"https:\/\/curvcosteelbuildings.com\/es\/producto\/kit-techo-contenedor-45x20\/","title":{"rendered":"Kit de techo para contenedor 45&#215;20"},"content":{"rendered":"<p style=\"text-align: justify;\">El kit de tejado de contenedor mar\u00edtimo 45&#215;20 de Curvco est\u00e1 fabricado con acero de calidad comercial y tiene una garant\u00eda de 50 a\u00f1os contra el \u00f3xido y la corrosi\u00f3n. Este kit de techo utiliza un m\u00e9todo de construcci\u00f3n de tuerca y perno de tama\u00f1o \u00fanico que ofrece a los aficionados del h\u00e1galo usted mismo un proyecto f\u00e1cil de completar. Usando nuestro acero de calibre 22 de alta resistencia, no se encontrar\u00e1 con problemas similares a los de las cubiertas de tela o vinilo, como rasgaduras, desgarros, decoloraci\u00f3n y desgaste. En poco tiempo, nuestros kits de cubiertas para contenedores pueden atornillarse o soldarse a los contenedores Connex para una fijaci\u00f3n segura y ajustada. El interior se puede personalizar a su gusto utilizando el espacio sin obst\u00e1culos, que no tiene vigas ni postes, maximizando el \u00e1rea interior. Se pueden utilizar paredes extendidas delanteras y traseras junto con puertas de hombre, claraboyas de techo, kits de ventilaci\u00f3n de turbina, paredes divisorias y mucho m\u00e1s. Cada kit de techo de contenedor mar\u00edtimo est\u00e1 fabricado en los Estados Unidos de Am\u00e9rica por trabajadores estadounidenses del acero, lo que garantiza una calidad \u00f3ptima y la longevidad de su kit de techo.<\/p>\n<p><strong>La estructura incluye:<\/strong><\/p>\n<ul>\n<li>S\u00f3lo sistema de pared de techo (sin paredes extremas)<\/li>\n<li>Arcos de acero Galvalume de calibre 22 de alta resistencia<\/li>\n<li>Autorizado para regiones con una carga de nieve en el suelo de 35 psf y un \u00edndice de carga de viento de 130 mph<\/li>\n<li>Placas adaptadoras<\/li>\n<li>Herrajes<\/li>\n<li>50 a\u00f1os de garant\u00eda<\/li>\n<li>Predise\u00f1ado<\/li>\n<li>Entrega r\u00e1pida<\/li>\n<li>Acero de gran resistencia<\/li>\n<li>Construcci\u00f3n DIY<\/li>\n<li>Otros modelos disponibles<\/li>\n<\/ul>\n<p>&nbsp;<\/p>\n<p><strong>Accesorios disponibles con este kit de construcci\u00f3n:<\/strong><\/p>\n<ul>\n<li>Paredes extendidas delanteras\/traseras<\/li>\n<li>Aberturas con marco de acero<\/li>\n<li>Puerta de paso<\/li>\n<li>Tragaluces<\/li>\n<li>Kits de ventilaci\u00f3n de turbina<\/li>\n<li>Tabiques divisorios<\/li>\n<li>Aislamiento<\/li>\n<li>Tabiques de acero macizo<\/li>\n<\/ul>\n<p>&nbsp;<\/p>\n<p><strong>Nota:<\/strong> Todas las estructuras requieren la revisi\u00f3n de un ingeniero para zonas con cargas de nieve o vientos fuertes y puede ser necesario aumentar la resistencia con acero de mayor calibre.<\/p>\n","protected":false},"excerpt":{"rendered":"<p>El kit de tejado de contenedor mar\u00edtimo 45&#215;20 de Curvco est\u00e1 fabricado con acero de calidad comercial y tiene una garant\u00eda de 50 a\u00f1os contra el \u00f3xido y la corrosi\u00f3n. Este kit de techo utiliza un m\u00e9todo de construcci\u00f3n de tuerca y perno de tama\u00f1o \u00fanico que ofrece a los aficionados del h\u00e1galo usted mismo [&hellip;]<\/p>\n","protected":false},"featured_media":18197,"template":"","meta":[],"product_brand":[],"product_cat":[103],"product_tag":[],"class_list":{"0":"post-8815","1":"product","2":"type-product","3":"status-publish","4":"has-post-thumbnail","6":"product_cat-kit-techo-contenedor","8":"first","9":"instock","10":"shipping-taxable","11":"purchasable","12":"product-type-simple"},"yoast_head":"<!-- This site is optimized with the Yoast SEO plugin v26.6 - https:\/\/yoast.com\/wordpress\/plugins\/seo\/ -->\n<title>Kit de techo para contenedor 45x20 | Curvco Steel Buildings<\/title>\n<meta name=\"description\" content=\"Construya su propio techo para contenedor de 50x100 con nuestros kits de acero. Instrucciones f\u00e1ciles de seguir con excelente servicio al cliente.\" \/>\n<meta name=\"robots\" content=\"index, follow, max-snippet:-1, max-image-preview:large, max-video-preview:-1\" \/>\n<link rel=\"canonical\" href=\"https:\/\/curvcosteelbuildings.com\/es\/producto\/kit-techo-contenedor-45x20\/\" \/>\n<meta property=\"og:locale\" content=\"en_US\" \/>\n<meta property=\"og:type\" content=\"article\" \/>\n<meta property=\"og:title\" content=\"Kit de techo para contenedor 45x20 | Curvco Steel Buildings\" \/>\n<meta property=\"og:description\" content=\"Construya su propio techo para contenedor de 50x100 con nuestros kits de acero. Instrucciones f\u00e1ciles de seguir con excelente servicio al cliente.\" \/>\n<meta property=\"og:url\" content=\"https:\/\/curvcosteelbuildings.com\/es\/producto\/kit-techo-contenedor-45x20\/\" \/>\n<meta property=\"og:site_name\" content=\"Curvco Steel Buildings\" \/>\n<meta property=\"article:modified_time\" content=\"2025-03-31T15:32:02+00:00\" \/>\n<meta property=\"og:image\" content=\"https:\/\/curvcosteelbuildings.com\/es\/wp-content\/uploads\/2024\/02\/45\u00d720-kit-de-techo-para-contenedor-de-envio.webp\" \/>\n\t<meta property=\"og:image:width\" content=\"640\" \/>\n\t<meta property=\"og:image:height\" content=\"480\" \/>\n\t<meta property=\"og:image:type\" content=\"image\/webp\" \/>\n<meta name=\"twitter:card\" content=\"summary_large_image\" \/>\n<meta name=\"twitter:label1\" content=\"Est. reading time\" \/>\n\t<meta name=\"twitter:data1\" content=\"2 minutes\" \/>\n<script type=\"application\/ld+json\" class=\"yoast-schema-graph\">{\"@context\":\"https:\/\/schema.org\",\"@graph\":[{\"@type\":\"WebPage\",\"@id\":\"https:\/\/curvcosteelbuildings.com\/es\/producto\/kit-techo-contenedor-45x20\/\",\"url\":\"https:\/\/curvcosteelbuildings.com\/es\/producto\/kit-techo-contenedor-45x20\/\",\"name\":\"Kit de techo para contenedor 45x20 | Curvco Steel Buildings\",\"isPartOf\":{\"@id\":\"https:\/\/curvcosteelbuildings.com\/es\/#website\"},\"primaryImageOfPage\":{\"@id\":\"https:\/\/curvcosteelbuildings.com\/es\/producto\/kit-techo-contenedor-45x20\/#primaryimage\"},\"image\":{\"@id\":\"https:\/\/curvcosteelbuildings.com\/es\/producto\/kit-techo-contenedor-45x20\/#primaryimage\"},\"thumbnailUrl\":\"https:\/\/curvcosteelbuildings.com\/es\/wp-content\/uploads\/2024\/02\/45\u00d720-kit-de-techo-para-contenedor-de-envio.webp\",\"datePublished\":\"2024-02-19T22:42:35+00:00\",\"dateModified\":\"2025-03-31T15:32:02+00:00\",\"description\":\"Construya su propio techo para contenedor de 50x100 con nuestros kits de acero. Instrucciones f\u00e1ciles de seguir con excelente servicio al cliente.\",\"breadcrumb\":{\"@id\":\"https:\/\/curvcosteelbuildings.com\/es\/producto\/kit-techo-contenedor-45x20\/#breadcrumb\"},\"inLanguage\":\"en-US\",\"potentialAction\":[{\"@type\":\"ReadAction\",\"target\":[\"https:\/\/curvcosteelbuildings.com\/es\/producto\/kit-techo-contenedor-45x20\/\"]}]},{\"@type\":\"ImageObject\",\"inLanguage\":\"en-US\",\"@id\":\"https:\/\/curvcosteelbuildings.com\/es\/producto\/kit-techo-contenedor-45x20\/#primaryimage\",\"url\":\"https:\/\/curvcosteelbuildings.com\/es\/wp-content\/uploads\/2024\/02\/45\u00d720-kit-de-techo-para-contenedor-de-envio.webp\",\"contentUrl\":\"https:\/\/curvcosteelbuildings.com\/es\/wp-content\/uploads\/2024\/02\/45\u00d720-kit-de-techo-para-contenedor-de-envio.webp\",\"width\":640,\"height\":480,\"caption\":\"Kit de techo para contenedor de env\u00edo\"},{\"@type\":\"BreadcrumbList\",\"@id\":\"https:\/\/curvcosteelbuildings.com\/es\/producto\/kit-techo-contenedor-45x20\/#breadcrumb\",\"itemListElement\":[{\"@type\":\"ListItem\",\"position\":1,\"name\":\"Home\",\"item\":\"https:\/\/curvcosteelbuildings.com\/es\/\"},{\"@type\":\"ListItem\",\"position\":2,\"name\":\"Tienda\",\"item\":\"https:\/\/curvcosteelbuildings.com\/es\/tienda\/\"},{\"@type\":\"ListItem\",\"position\":3,\"name\":\"Kit de techo para contenedor 45&#215;20\"}]},{\"@type\":\"WebSite\",\"@id\":\"https:\/\/curvcosteelbuildings.com\/es\/#website\",\"url\":\"https:\/\/curvcosteelbuildings.com\/es\/\",\"name\":\"Curvco Steel Buildings\",\"description\":\"Estructuras de metal en arco para diferentes aplicaciones\",\"potentialAction\":[{\"@type\":\"SearchAction\",\"target\":{\"@type\":\"EntryPoint\",\"urlTemplate\":\"https:\/\/curvcosteelbuildings.com\/es\/?s={search_term_string}\"},\"query-input\":{\"@type\":\"PropertyValueSpecification\",\"valueRequired\":true,\"valueName\":\"search_term_string\"}}],\"inLanguage\":\"en-US\"}]}<\/script>\n<!-- \/ Yoast SEO plugin. -->","yoast_head_json":{"title":"Kit de techo para contenedor 45x20 | Curvco Steel Buildings","description":"Construya su propio techo para contenedor de 50x100 con nuestros kits de acero. Instrucciones f\u00e1ciles de seguir con excelente servicio al cliente.","robots":{"index":"index","follow":"follow","max-snippet":"max-snippet:-1","max-image-preview":"max-image-preview:large","max-video-preview":"max-video-preview:-1"},"canonical":"https:\/\/curvcosteelbuildings.com\/es\/producto\/kit-techo-contenedor-45x20\/","og_locale":"en_US","og_type":"article","og_title":"Kit de techo para contenedor 45x20 | Curvco Steel Buildings","og_description":"Construya su propio techo para contenedor de 50x100 con nuestros kits de acero. Instrucciones f\u00e1ciles de seguir con excelente servicio al cliente.","og_url":"https:\/\/curvcosteelbuildings.com\/es\/producto\/kit-techo-contenedor-45x20\/","og_site_name":"Curvco Steel Buildings","article_modified_time":"2025-03-31T15:32:02+00:00","og_image":[{"width":640,"height":480,"url":"https:\/\/curvcosteelbuildings.com\/es\/wp-content\/uploads\/2024\/02\/45\u00d720-kit-de-techo-para-contenedor-de-envio.webp","type":"image\/webp"}],"twitter_card":"summary_large_image","twitter_misc":{"Est. reading time":"2 minutes"},"schema":{"@context":"https:\/\/schema.org","@graph":[{"@type":"WebPage","@id":"https:\/\/curvcosteelbuildings.com\/es\/producto\/kit-techo-contenedor-45x20\/","url":"https:\/\/curvcosteelbuildings.com\/es\/producto\/kit-techo-contenedor-45x20\/","name":"Kit de techo para contenedor 45x20 | Curvco Steel Buildings","isPartOf":{"@id":"https:\/\/curvcosteelbuildings.com\/es\/#website"},"primaryImageOfPage":{"@id":"https:\/\/curvcosteelbuildings.com\/es\/producto\/kit-techo-contenedor-45x20\/#primaryimage"},"image":{"@id":"https:\/\/curvcosteelbuildings.com\/es\/producto\/kit-techo-contenedor-45x20\/#primaryimage"},"thumbnailUrl":"https:\/\/curvcosteelbuildings.com\/es\/wp-content\/uploads\/2024\/02\/45\u00d720-kit-de-techo-para-contenedor-de-envio.webp","datePublished":"2024-02-19T22:42:35+00:00","dateModified":"2025-03-31T15:32:02+00:00","description":"Construya su propio techo para contenedor de 50x100 con nuestros kits de acero. Instrucciones f\u00e1ciles de seguir con excelente servicio al cliente.","breadcrumb":{"@id":"https:\/\/curvcosteelbuildings.com\/es\/producto\/kit-techo-contenedor-45x20\/#breadcrumb"},"inLanguage":"en-US","potentialAction":[{"@type":"ReadAction","target":["https:\/\/curvcosteelbuildings.com\/es\/producto\/kit-techo-contenedor-45x20\/"]}]},{"@type":"ImageObject","inLanguage":"en-US","@id":"https:\/\/curvcosteelbuildings.com\/es\/producto\/kit-techo-contenedor-45x20\/#primaryimage","url":"https:\/\/curvcosteelbuildings.com\/es\/wp-content\/uploads\/2024\/02\/45\u00d720-kit-de-techo-para-contenedor-de-envio.webp","contentUrl":"https:\/\/curvcosteelbuildings.com\/es\/wp-content\/uploads\/2024\/02\/45\u00d720-kit-de-techo-para-contenedor-de-envio.webp","width":640,"height":480,"caption":"Kit de techo para contenedor de env\u00edo"},{"@type":"BreadcrumbList","@id":"https:\/\/curvcosteelbuildings.com\/es\/producto\/kit-techo-contenedor-45x20\/#breadcrumb","itemListElement":[{"@type":"ListItem","position":1,"name":"Home","item":"https:\/\/curvcosteelbuildings.com\/es\/"},{"@type":"ListItem","position":2,"name":"Tienda","item":"https:\/\/curvcosteelbuildings.com\/es\/tienda\/"},{"@type":"ListItem","position":3,"name":"Kit de techo para contenedor 45&#215;20"}]},{"@type":"WebSite","@id":"https:\/\/curvcosteelbuildings.com\/es\/#website","url":"https:\/\/curvcosteelbuildings.com\/es\/","name":"Curvco Steel Buildings","description":"Estructuras de metal en arco para diferentes aplicaciones","potentialAction":[{"@type":"SearchAction","target":{"@type":"EntryPoint","urlTemplate":"https:\/\/curvcosteelbuildings.com\/es\/?s={search_term_string}"},"query-input":{"@type":"PropertyValueSpecification","valueRequired":true,"valueName":"search_term_string"}}],"inLanguage":"en-US"}]}},"_links":{"self":[{"href":"https:\/\/curvcosteelbuildings.com\/es\/wp-json\/wp\/v2\/product\/8815","targetHints":{"allow":["GET"]}}],"collection":[{"href":"https:\/\/curvcosteelbuildings.com\/es\/wp-json\/wp\/v2\/product"}],"about":[{"href":"https:\/\/curvcosteelbuildings.com\/es\/wp-json\/wp\/v2\/types\/product"}],"wp:featuredmedia":[{"embeddable":true,"href":"https:\/\/curvcosteelbuildings.com\/es\/wp-json\/wp\/v2\/media\/18197"}],"wp:attachment":[{"href":"https:\/\/curvcosteelbuildings.com\/es\/wp-json\/wp\/v2\/media?parent=8815"}],"wp:term":[{"taxonomy":"product_brand","embeddable":true,"href":"https:\/\/curvcosteelbuildings.com\/es\/wp-json\/wp\/v2\/product_brand?post=8815"},{"taxonomy":"product_cat","embeddable":true,"href":"https:\/\/curvcosteelbuildings.com\/es\/wp-json\/wp\/v2\/product_cat?post=8815"},{"taxonomy":"product_tag","embeddable":true,"href":"https:\/\/curvcosteelbuildings.com\/es\/wp-json\/wp\/v2\/product_tag?post=8815"}],"curies":[{"name":"wp","href":"https:\/\/api.w.org\/{rel}","templated":true}]}}