{"id":8819,"date":"2024-02-20T14:06:32","date_gmt":"2024-02-20T14:06:32","guid":{"rendered":"http:\/\/curvcosteelbuildings.com\/es\/?post_type=product&#038;p=8819"},"modified":"2025-06-11T21:23:42","modified_gmt":"2025-06-11T21:23:42","slug":"toldo-para-contenedor-70x80","status":"publish","type":"product","link":"https:\/\/curvcosteelbuildings.com\/es\/producto\/toldo-para-contenedor-70x80\/","title":{"rendered":"Toldo para contenedor 70\u00d780"},"content":{"rendered":"<p style=\"text-align: justify;\">La cubierta de contenedor mar\u00edtimo 70&#215;80 de Curvco es una soluci\u00f3n de almacenamiento de gran envergadura para todas las necesidades. Construida con acero Galvalume y respaldada por una garant\u00eda de 50 a\u00f1os contra el \u00f3xido y la corrosi\u00f3n, esta estructura est\u00e1 hecha para resistir el paso del tiempo. Este toldo de contenedor de acero de calibre 22 de alta resistencia no se rasgar\u00e1, desgarrar\u00e1 o volar\u00e1 en condiciones clim\u00e1ticas extremas. Un techo entre dos contenedores de transporte puede ser soldado o atornillado a la parte superior de sus cajas Conex para una fijaci\u00f3n f\u00e1cil y segura. Sin postes ni vigas de soporte en el interior, todo el interior se puede utilizar para el almacenamiento m\u00e1ximo. Con nuestro sencillo dise\u00f1o de bricolaje, estos edificios de arco se pueden erigir en 3-4 d\u00edas con un peque\u00f1o equipo.<\/p>\n<p><strong>La estructura incluye:<\/strong><\/p>\n<ul>\n<li>Sistema de pared\/techo<\/li>\n<li>Arcos de acero Galvalume de calibre 18 de alta resistencia<\/li>\n<li>Autorizado para regiones con una carga de nieve en el suelo de 22psf y un \u00edndice de carga de viento de 108 mph<\/li>\n<li>Placas adaptadoras<\/li>\n<li>Herrajes<\/li>\n<li>50 a\u00f1os de garant\u00eda<\/li>\n<li>Predise\u00f1ado<\/li>\n<li>Entrega r\u00e1pida<\/li>\n<li>Construcci\u00f3n DIY (h\u00e1galo usted mismo)<\/li>\n<li>Otros modelos disponibles<\/li>\n<\/ul>\n<p>&nbsp;<\/p>\n<p><strong>Accesorios disponibles con este kit de construcci\u00f3n:<\/strong><\/p>\n<ul>\n<li>Paredes extendidas delanteras\/traseras<\/li>\n<li>Aberturas con marco de acero<\/li>\n<li>Puerta de paso<\/li>\n<li>Tragaluces<\/li>\n<li>Kits de ventilaci\u00f3n de turbina<\/li>\n<li>Tabiques divisorios<\/li>\n<li>Aislamiento<\/li>\n<li>Tabiques de acero macizo<\/li>\n<\/ul>\n<p>&nbsp;<\/p>\n<p><strong>Nota:<\/strong> Todas las estructuras requieren la revisi\u00f3n de un ingeniero para zonas con cargas de nieve o vientos fuertes y puede ser necesario aumentar la resistencia con acero de mayor calibre.<\/p>\n","protected":false},"excerpt":{"rendered":"<p>La cubierta de contenedor mar\u00edtimo 70&#215;80 de Curvco es una soluci\u00f3n de almacenamiento de gran envergadura para todas las necesidades. Construida con acero Galvalume y respaldada por una garant\u00eda de 50 a\u00f1os contra el \u00f3xido y la corrosi\u00f3n, esta estructura est\u00e1 hecha para resistir el paso del tiempo. Este toldo de contenedor de acero de [&hellip;]<\/p>\n","protected":false},"featured_media":18194,"template":"","meta":[],"product_brand":[],"product_cat":[103],"product_tag":[],"class_list":{"0":"post-8819","1":"product","2":"type-product","3":"status-publish","4":"has-post-thumbnail","6":"product_cat-kit-techo-contenedor","8":"first","9":"instock","10":"shipping-taxable","11":"purchasable","12":"product-type-simple"},"yoast_head":"<!-- This site is optimized with the Yoast SEO plugin v26.6 - https:\/\/yoast.com\/wordpress\/plugins\/seo\/ -->\n<title>Toldo para contenedor 70\u00d780 | Curvco Steel Buildings<\/title>\n<meta name=\"description\" content=\"Construya su toldo para contenedor 70x80 con nuestros kits de construcci\u00f3n de acero. Instrucciones f\u00e1ciles de seguir con excelente servicio al cliente.\" \/>\n<meta name=\"robots\" content=\"index, follow, max-snippet:-1, max-image-preview:large, max-video-preview:-1\" \/>\n<link rel=\"canonical\" href=\"https:\/\/curvcosteelbuildings.com\/es\/producto\/toldo-para-contenedor-70x80\/\" \/>\n<meta property=\"og:locale\" content=\"en_US\" \/>\n<meta property=\"og:type\" content=\"article\" \/>\n<meta property=\"og:title\" content=\"Toldo para contenedor 70\u00d780 | Curvco Steel Buildings\" \/>\n<meta property=\"og:description\" content=\"Construya su toldo para contenedor 70x80 con nuestros kits de construcci\u00f3n de acero. Instrucciones f\u00e1ciles de seguir con excelente servicio al cliente.\" \/>\n<meta property=\"og:url\" content=\"https:\/\/curvcosteelbuildings.com\/es\/producto\/toldo-para-contenedor-70x80\/\" \/>\n<meta property=\"og:site_name\" content=\"Curvco Steel Buildings\" \/>\n<meta property=\"article:modified_time\" content=\"2025-06-11T21:23:42+00:00\" \/>\n<meta property=\"og:image\" content=\"https:\/\/curvcosteelbuildings.com\/es\/wp-content\/uploads\/2024\/02\/70x80-toldo-para-contenedor.webp\" \/>\n\t<meta property=\"og:image:width\" content=\"640\" \/>\n\t<meta property=\"og:image:height\" content=\"480\" \/>\n\t<meta property=\"og:image:type\" content=\"image\/webp\" \/>\n<meta name=\"twitter:card\" content=\"summary_large_image\" \/>\n<meta name=\"twitter:label1\" content=\"Est. reading time\" \/>\n\t<meta name=\"twitter:data1\" content=\"2 minutes\" \/>\n<script type=\"application\/ld+json\" class=\"yoast-schema-graph\">{\"@context\":\"https:\/\/schema.org\",\"@graph\":[{\"@type\":\"WebPage\",\"@id\":\"https:\/\/curvcosteelbuildings.com\/es\/producto\/toldo-para-contenedor-70x80\/\",\"url\":\"https:\/\/curvcosteelbuildings.com\/es\/producto\/toldo-para-contenedor-70x80\/\",\"name\":\"Toldo para contenedor 70\u00d780 | Curvco Steel Buildings\",\"isPartOf\":{\"@id\":\"https:\/\/curvcosteelbuildings.com\/es\/#website\"},\"primaryImageOfPage\":{\"@id\":\"https:\/\/curvcosteelbuildings.com\/es\/producto\/toldo-para-contenedor-70x80\/#primaryimage\"},\"image\":{\"@id\":\"https:\/\/curvcosteelbuildings.com\/es\/producto\/toldo-para-contenedor-70x80\/#primaryimage\"},\"thumbnailUrl\":\"https:\/\/curvcosteelbuildings.com\/es\/wp-content\/uploads\/2024\/02\/70x80-toldo-para-contenedor.webp\",\"datePublished\":\"2024-02-20T14:06:32+00:00\",\"dateModified\":\"2025-06-11T21:23:42+00:00\",\"description\":\"Construya su toldo para contenedor 70x80 con nuestros kits de construcci\u00f3n de acero. Instrucciones f\u00e1ciles de seguir con excelente servicio al cliente.\",\"breadcrumb\":{\"@id\":\"https:\/\/curvcosteelbuildings.com\/es\/producto\/toldo-para-contenedor-70x80\/#breadcrumb\"},\"inLanguage\":\"en-US\",\"potentialAction\":[{\"@type\":\"ReadAction\",\"target\":[\"https:\/\/curvcosteelbuildings.com\/es\/producto\/toldo-para-contenedor-70x80\/\"]}]},{\"@type\":\"ImageObject\",\"inLanguage\":\"en-US\",\"@id\":\"https:\/\/curvcosteelbuildings.com\/es\/producto\/toldo-para-contenedor-70x80\/#primaryimage\",\"url\":\"https:\/\/curvcosteelbuildings.com\/es\/wp-content\/uploads\/2024\/02\/70x80-toldo-para-contenedor.webp\",\"contentUrl\":\"https:\/\/curvcosteelbuildings.com\/es\/wp-content\/uploads\/2024\/02\/70x80-toldo-para-contenedor.webp\",\"width\":640,\"height\":480,\"caption\":\"Techo para contenedor de env\u00edo 70x80\"},{\"@type\":\"BreadcrumbList\",\"@id\":\"https:\/\/curvcosteelbuildings.com\/es\/producto\/toldo-para-contenedor-70x80\/#breadcrumb\",\"itemListElement\":[{\"@type\":\"ListItem\",\"position\":1,\"name\":\"Home\",\"item\":\"https:\/\/curvcosteelbuildings.com\/es\/\"},{\"@type\":\"ListItem\",\"position\":2,\"name\":\"Tienda\",\"item\":\"https:\/\/curvcosteelbuildings.com\/es\/tienda\/\"},{\"@type\":\"ListItem\",\"position\":3,\"name\":\"Toldo para contenedor 70\u00d780\"}]},{\"@type\":\"WebSite\",\"@id\":\"https:\/\/curvcosteelbuildings.com\/es\/#website\",\"url\":\"https:\/\/curvcosteelbuildings.com\/es\/\",\"name\":\"Curvco Steel Buildings\",\"description\":\"Estructuras de metal en arco para diferentes aplicaciones\",\"potentialAction\":[{\"@type\":\"SearchAction\",\"target\":{\"@type\":\"EntryPoint\",\"urlTemplate\":\"https:\/\/curvcosteelbuildings.com\/es\/?s={search_term_string}\"},\"query-input\":{\"@type\":\"PropertyValueSpecification\",\"valueRequired\":true,\"valueName\":\"search_term_string\"}}],\"inLanguage\":\"en-US\"}]}<\/script>\n<!-- \/ Yoast SEO plugin. -->","yoast_head_json":{"title":"Toldo para contenedor 70\u00d780 | Curvco Steel Buildings","description":"Construya su toldo para contenedor 70x80 con nuestros kits de construcci\u00f3n de acero. Instrucciones f\u00e1ciles de seguir con excelente servicio al cliente.","robots":{"index":"index","follow":"follow","max-snippet":"max-snippet:-1","max-image-preview":"max-image-preview:large","max-video-preview":"max-video-preview:-1"},"canonical":"https:\/\/curvcosteelbuildings.com\/es\/producto\/toldo-para-contenedor-70x80\/","og_locale":"en_US","og_type":"article","og_title":"Toldo para contenedor 70\u00d780 | Curvco Steel Buildings","og_description":"Construya su toldo para contenedor 70x80 con nuestros kits de construcci\u00f3n de acero. Instrucciones f\u00e1ciles de seguir con excelente servicio al cliente.","og_url":"https:\/\/curvcosteelbuildings.com\/es\/producto\/toldo-para-contenedor-70x80\/","og_site_name":"Curvco Steel Buildings","article_modified_time":"2025-06-11T21:23:42+00:00","og_image":[{"width":640,"height":480,"url":"https:\/\/curvcosteelbuildings.com\/es\/wp-content\/uploads\/2024\/02\/70x80-toldo-para-contenedor.webp","type":"image\/webp"}],"twitter_card":"summary_large_image","twitter_misc":{"Est. reading time":"2 minutes"},"schema":{"@context":"https:\/\/schema.org","@graph":[{"@type":"WebPage","@id":"https:\/\/curvcosteelbuildings.com\/es\/producto\/toldo-para-contenedor-70x80\/","url":"https:\/\/curvcosteelbuildings.com\/es\/producto\/toldo-para-contenedor-70x80\/","name":"Toldo para contenedor 70\u00d780 | Curvco Steel Buildings","isPartOf":{"@id":"https:\/\/curvcosteelbuildings.com\/es\/#website"},"primaryImageOfPage":{"@id":"https:\/\/curvcosteelbuildings.com\/es\/producto\/toldo-para-contenedor-70x80\/#primaryimage"},"image":{"@id":"https:\/\/curvcosteelbuildings.com\/es\/producto\/toldo-para-contenedor-70x80\/#primaryimage"},"thumbnailUrl":"https:\/\/curvcosteelbuildings.com\/es\/wp-content\/uploads\/2024\/02\/70x80-toldo-para-contenedor.webp","datePublished":"2024-02-20T14:06:32+00:00","dateModified":"2025-06-11T21:23:42+00:00","description":"Construya su toldo para contenedor 70x80 con nuestros kits de construcci\u00f3n de acero. Instrucciones f\u00e1ciles de seguir con excelente servicio al cliente.","breadcrumb":{"@id":"https:\/\/curvcosteelbuildings.com\/es\/producto\/toldo-para-contenedor-70x80\/#breadcrumb"},"inLanguage":"en-US","potentialAction":[{"@type":"ReadAction","target":["https:\/\/curvcosteelbuildings.com\/es\/producto\/toldo-para-contenedor-70x80\/"]}]},{"@type":"ImageObject","inLanguage":"en-US","@id":"https:\/\/curvcosteelbuildings.com\/es\/producto\/toldo-para-contenedor-70x80\/#primaryimage","url":"https:\/\/curvcosteelbuildings.com\/es\/wp-content\/uploads\/2024\/02\/70x80-toldo-para-contenedor.webp","contentUrl":"https:\/\/curvcosteelbuildings.com\/es\/wp-content\/uploads\/2024\/02\/70x80-toldo-para-contenedor.webp","width":640,"height":480,"caption":"Techo para contenedor de env\u00edo 70x80"},{"@type":"BreadcrumbList","@id":"https:\/\/curvcosteelbuildings.com\/es\/producto\/toldo-para-contenedor-70x80\/#breadcrumb","itemListElement":[{"@type":"ListItem","position":1,"name":"Home","item":"https:\/\/curvcosteelbuildings.com\/es\/"},{"@type":"ListItem","position":2,"name":"Tienda","item":"https:\/\/curvcosteelbuildings.com\/es\/tienda\/"},{"@type":"ListItem","position":3,"name":"Toldo para contenedor 70\u00d780"}]},{"@type":"WebSite","@id":"https:\/\/curvcosteelbuildings.com\/es\/#website","url":"https:\/\/curvcosteelbuildings.com\/es\/","name":"Curvco Steel Buildings","description":"Estructuras de metal en arco para diferentes aplicaciones","potentialAction":[{"@type":"SearchAction","target":{"@type":"EntryPoint","urlTemplate":"https:\/\/curvcosteelbuildings.com\/es\/?s={search_term_string}"},"query-input":{"@type":"PropertyValueSpecification","valueRequired":true,"valueName":"search_term_string"}}],"inLanguage":"en-US"}]}},"_links":{"self":[{"href":"https:\/\/curvcosteelbuildings.com\/es\/wp-json\/wp\/v2\/product\/8819","targetHints":{"allow":["GET"]}}],"collection":[{"href":"https:\/\/curvcosteelbuildings.com\/es\/wp-json\/wp\/v2\/product"}],"about":[{"href":"https:\/\/curvcosteelbuildings.com\/es\/wp-json\/wp\/v2\/types\/product"}],"wp:featuredmedia":[{"embeddable":true,"href":"https:\/\/curvcosteelbuildings.com\/es\/wp-json\/wp\/v2\/media\/18194"}],"wp:attachment":[{"href":"https:\/\/curvcosteelbuildings.com\/es\/wp-json\/wp\/v2\/media?parent=8819"}],"wp:term":[{"taxonomy":"product_brand","embeddable":true,"href":"https:\/\/curvcosteelbuildings.com\/es\/wp-json\/wp\/v2\/product_brand?post=8819"},{"taxonomy":"product_cat","embeddable":true,"href":"https:\/\/curvcosteelbuildings.com\/es\/wp-json\/wp\/v2\/product_cat?post=8819"},{"taxonomy":"product_tag","embeddable":true,"href":"https:\/\/curvcosteelbuildings.com\/es\/wp-json\/wp\/v2\/product_tag?post=8819"}],"curies":[{"name":"wp","href":"https:\/\/api.w.org\/{rel}","templated":true}]}}