{"id":9304,"date":"2024-03-13T18:22:32","date_gmt":"2024-03-13T18:22:32","guid":{"rendered":"http:\/\/curvcosteelbuildings.com\/es\/?post_type=product&#038;p=9304"},"modified":"2025-06-11T21:24:56","modified_gmt":"2025-06-11T21:24:56","slug":"kit-cabana-quonset-50x100","status":"publish","type":"product","link":"https:\/\/curvcosteelbuildings.com\/es\/producto\/kit-cabana-quonset-50x100\/","title":{"rendered":"Kit de caba\u00f1a Quonset 50&#215;100"},"content":{"rendered":"<p style=\"text-align: justify;\">Nuestro modelo en kit de caba\u00f1a Quonset de 50&#215;100 proporciona un sistema de techado superior para cubrir sus aperos de labranza y maquinaria. Sin postes ni vigas internas, nuestras estructuras de acero permiten un almacenamiento de gran envergadura sin obstrucciones. Respaldadas por una garant\u00eda de 50 a\u00f1os en perforaciones por \u00f3xido y fabricadas con acero pesado de calibre 22, estas estructuras est\u00e1n construidas para resistir el paso del tiempo. Cada caba\u00f1a Quonset requiere una construcci\u00f3n de tuerca y perno de un tama\u00f1o f\u00e1cil para el entusiasta del h\u00e1galo usted mismo. Se pueden comprar paredes frontales y traseras, adem\u00e1s de puertas de acceso, ventanas, kits de ventilaci\u00f3n de turbina, claraboyas en el tejado \u00a1y mucho m\u00e1s! Personalice su estructura a medida que crece a\u00f1adiendo longitud m\u00e1s adelante, cuando su negocio crezca. Cada estructura de acero de 50&#215;100 incluye manuales de cimentaci\u00f3n y montaje con instrucciones f\u00e1ciles de leer. Llevamos m\u00e1s de 40 a\u00f1os suministrando cubiertas como \u00e9sta a las comunidades agr\u00edcolas.<\/p>\n<p><strong>La estructura incluye:<\/strong><\/p>\n<ul>\n<li>S\u00f3lo sistema de pared de techo (sin paredes extremas)<\/li>\n<li>Paredes abiertas con \u00e1ngulo adaptador<\/li>\n<li>Arcos de acero Galvalume de calibre 22 de alta resistencia<\/li>\n<li>Autorizado para regiones con una carga de nieve en el suelo de 26psf y un \u00edndice de carga de viento de 127 mph<\/li>\n<li>Acero Galvalume con 50 a\u00f1os de garant\u00eda<\/li>\n<li>Herrajes: Tuercas, pernos, arandelas, burletes<\/li>\n<li>Planos de dise\u00f1o asistido por ordenador<\/li>\n<\/ul>\n<p><strong><br \/>\nAccesorios disponibles con este kit de construcci\u00f3n:<br \/>\n<\/strong><\/p>\n<ul>\n<li>Paredes extendidas delanteras\/traseras<\/li>\n<li>Aberturas con marco de acero<\/li>\n<li>Puerta de paso<\/li>\n<li>Tragaluces<\/li>\n<li>Kits de ventilaci\u00f3n de turbina<\/li>\n<li>Tabiques divisorios<\/li>\n<li>Aislamiento<\/li>\n<li>Tabiques de acero macizo<\/li>\n<\/ul>\n<p>&nbsp;<\/p>\n<p><strong>Nota:<\/strong> Todas las estructuras requieren la revisi\u00f3n de un ingeniero para zonas con cargas de nieve o vientos fuertes y puede ser necesario aumentar la resistencia con acero de mayor calibre.<\/p>\n","protected":false},"excerpt":{"rendered":"<p>Nuestro modelo en kit de caba\u00f1a Quonset de 50&#215;100 proporciona un sistema de techado superior para cubrir sus aperos de labranza y maquinaria. Sin postes ni vigas internas, nuestras estructuras de acero permiten un almacenamiento de gran envergadura sin obstrucciones. Respaldadas por una garant\u00eda de 50 a\u00f1os en perforaciones por \u00f3xido y fabricadas con acero [&hellip;]<\/p>\n","protected":false},"featured_media":18193,"template":"","meta":[],"product_brand":[],"product_cat":[101,100],"product_tag":[],"class_list":{"0":"post-9304","1":"product","2":"type-product","3":"status-publish","4":"has-post-thumbnail","6":"product_cat-cabana-quonset","7":"product_cat-estructura-en-arco","9":"first","10":"instock","11":"shipping-taxable","12":"purchasable","13":"product-type-simple"},"yoast_head":"<!-- This site is optimized with the Yoast SEO plugin v26.6 - https:\/\/yoast.com\/wordpress\/plugins\/seo\/ -->\n<title>Kit de caba\u00f1a Quonset 50x100 | Curvco Steel Buildings<\/title>\n<meta name=\"description\" content=\"Construya su propia caba\u00f1a de 50x100 con nuestros kits de construcci\u00f3n de acero. Instrucciones f\u00e1ciles de seguir con excelente servicio al cliente.\" \/>\n<meta name=\"robots\" content=\"index, follow, max-snippet:-1, max-image-preview:large, max-video-preview:-1\" \/>\n<link rel=\"canonical\" href=\"https:\/\/curvcosteelbuildings.com\/es\/producto\/kit-cabana-quonset-50x100\/\" \/>\n<meta property=\"og:locale\" content=\"en_US\" \/>\n<meta property=\"og:type\" content=\"article\" \/>\n<meta property=\"og:title\" content=\"Kit de caba\u00f1a Quonset 50x100 | Curvco Steel Buildings\" \/>\n<meta property=\"og:description\" content=\"Construya su propia caba\u00f1a de 50x100 con nuestros kits de construcci\u00f3n de acero. Instrucciones f\u00e1ciles de seguir con excelente servicio al cliente.\" \/>\n<meta property=\"og:url\" content=\"https:\/\/curvcosteelbuildings.com\/es\/producto\/kit-cabana-quonset-50x100\/\" \/>\n<meta property=\"og:site_name\" content=\"Curvco Steel Buildings\" \/>\n<meta property=\"article:modified_time\" content=\"2025-06-11T21:24:56+00:00\" \/>\n<meta property=\"og:image\" content=\"https:\/\/curvcosteelbuildings.com\/es\/wp-content\/uploads\/2024\/03\/50x100-kit-de-cabana-quonset.webp\" \/>\n\t<meta property=\"og:image:width\" content=\"640\" \/>\n\t<meta property=\"og:image:height\" content=\"480\" \/>\n\t<meta property=\"og:image:type\" content=\"image\/webp\" \/>\n<meta name=\"twitter:card\" content=\"summary_large_image\" \/>\n<meta name=\"twitter:label1\" content=\"Est. reading time\" \/>\n\t<meta name=\"twitter:data1\" content=\"2 minutes\" \/>\n<script type=\"application\/ld+json\" class=\"yoast-schema-graph\">{\"@context\":\"https:\/\/schema.org\",\"@graph\":[{\"@type\":\"WebPage\",\"@id\":\"https:\/\/curvcosteelbuildings.com\/es\/producto\/kit-cabana-quonset-50x100\/\",\"url\":\"https:\/\/curvcosteelbuildings.com\/es\/producto\/kit-cabana-quonset-50x100\/\",\"name\":\"Kit de caba\u00f1a Quonset 50x100 | Curvco Steel Buildings\",\"isPartOf\":{\"@id\":\"https:\/\/curvcosteelbuildings.com\/es\/#website\"},\"primaryImageOfPage\":{\"@id\":\"https:\/\/curvcosteelbuildings.com\/es\/producto\/kit-cabana-quonset-50x100\/#primaryimage\"},\"image\":{\"@id\":\"https:\/\/curvcosteelbuildings.com\/es\/producto\/kit-cabana-quonset-50x100\/#primaryimage\"},\"thumbnailUrl\":\"https:\/\/curvcosteelbuildings.com\/es\/wp-content\/uploads\/2024\/03\/50x100-kit-de-cabana-quonset.webp\",\"datePublished\":\"2024-03-13T18:22:32+00:00\",\"dateModified\":\"2025-06-11T21:24:56+00:00\",\"description\":\"Construya su propia caba\u00f1a de 50x100 con nuestros kits de construcci\u00f3n de acero. Instrucciones f\u00e1ciles de seguir con excelente servicio al cliente.\",\"breadcrumb\":{\"@id\":\"https:\/\/curvcosteelbuildings.com\/es\/producto\/kit-cabana-quonset-50x100\/#breadcrumb\"},\"inLanguage\":\"en-US\",\"potentialAction\":[{\"@type\":\"ReadAction\",\"target\":[\"https:\/\/curvcosteelbuildings.com\/es\/producto\/kit-cabana-quonset-50x100\/\"]}]},{\"@type\":\"ImageObject\",\"inLanguage\":\"en-US\",\"@id\":\"https:\/\/curvcosteelbuildings.com\/es\/producto\/kit-cabana-quonset-50x100\/#primaryimage\",\"url\":\"https:\/\/curvcosteelbuildings.com\/es\/wp-content\/uploads\/2024\/03\/50x100-kit-de-cabana-quonset.webp\",\"contentUrl\":\"https:\/\/curvcosteelbuildings.com\/es\/wp-content\/uploads\/2024\/03\/50x100-kit-de-cabana-quonset.webp\",\"width\":640,\"height\":480,\"caption\":\"Kit de Quonset de 50x100\"},{\"@type\":\"BreadcrumbList\",\"@id\":\"https:\/\/curvcosteelbuildings.com\/es\/producto\/kit-cabana-quonset-50x100\/#breadcrumb\",\"itemListElement\":[{\"@type\":\"ListItem\",\"position\":1,\"name\":\"Home\",\"item\":\"https:\/\/curvcosteelbuildings.com\/es\/\"},{\"@type\":\"ListItem\",\"position\":2,\"name\":\"Tienda\",\"item\":\"https:\/\/curvcosteelbuildings.com\/es\/tienda\/\"},{\"@type\":\"ListItem\",\"position\":3,\"name\":\"Kit de caba\u00f1a Quonset 50&#215;100\"}]},{\"@type\":\"WebSite\",\"@id\":\"https:\/\/curvcosteelbuildings.com\/es\/#website\",\"url\":\"https:\/\/curvcosteelbuildings.com\/es\/\",\"name\":\"Curvco Steel Buildings\",\"description\":\"Estructuras de metal en arco para diferentes aplicaciones\",\"potentialAction\":[{\"@type\":\"SearchAction\",\"target\":{\"@type\":\"EntryPoint\",\"urlTemplate\":\"https:\/\/curvcosteelbuildings.com\/es\/?s={search_term_string}\"},\"query-input\":{\"@type\":\"PropertyValueSpecification\",\"valueRequired\":true,\"valueName\":\"search_term_string\"}}],\"inLanguage\":\"en-US\"}]}<\/script>\n<!-- \/ Yoast SEO plugin. -->","yoast_head_json":{"title":"Kit de caba\u00f1a Quonset 50x100 | Curvco Steel Buildings","description":"Construya su propia caba\u00f1a de 50x100 con nuestros kits de construcci\u00f3n de acero. Instrucciones f\u00e1ciles de seguir con excelente servicio al cliente.","robots":{"index":"index","follow":"follow","max-snippet":"max-snippet:-1","max-image-preview":"max-image-preview:large","max-video-preview":"max-video-preview:-1"},"canonical":"https:\/\/curvcosteelbuildings.com\/es\/producto\/kit-cabana-quonset-50x100\/","og_locale":"en_US","og_type":"article","og_title":"Kit de caba\u00f1a Quonset 50x100 | Curvco Steel Buildings","og_description":"Construya su propia caba\u00f1a de 50x100 con nuestros kits de construcci\u00f3n de acero. Instrucciones f\u00e1ciles de seguir con excelente servicio al cliente.","og_url":"https:\/\/curvcosteelbuildings.com\/es\/producto\/kit-cabana-quonset-50x100\/","og_site_name":"Curvco Steel Buildings","article_modified_time":"2025-06-11T21:24:56+00:00","og_image":[{"width":640,"height":480,"url":"https:\/\/curvcosteelbuildings.com\/es\/wp-content\/uploads\/2024\/03\/50x100-kit-de-cabana-quonset.webp","type":"image\/webp"}],"twitter_card":"summary_large_image","twitter_misc":{"Est. reading time":"2 minutes"},"schema":{"@context":"https:\/\/schema.org","@graph":[{"@type":"WebPage","@id":"https:\/\/curvcosteelbuildings.com\/es\/producto\/kit-cabana-quonset-50x100\/","url":"https:\/\/curvcosteelbuildings.com\/es\/producto\/kit-cabana-quonset-50x100\/","name":"Kit de caba\u00f1a Quonset 50x100 | Curvco Steel Buildings","isPartOf":{"@id":"https:\/\/curvcosteelbuildings.com\/es\/#website"},"primaryImageOfPage":{"@id":"https:\/\/curvcosteelbuildings.com\/es\/producto\/kit-cabana-quonset-50x100\/#primaryimage"},"image":{"@id":"https:\/\/curvcosteelbuildings.com\/es\/producto\/kit-cabana-quonset-50x100\/#primaryimage"},"thumbnailUrl":"https:\/\/curvcosteelbuildings.com\/es\/wp-content\/uploads\/2024\/03\/50x100-kit-de-cabana-quonset.webp","datePublished":"2024-03-13T18:22:32+00:00","dateModified":"2025-06-11T21:24:56+00:00","description":"Construya su propia caba\u00f1a de 50x100 con nuestros kits de construcci\u00f3n de acero. Instrucciones f\u00e1ciles de seguir con excelente servicio al cliente.","breadcrumb":{"@id":"https:\/\/curvcosteelbuildings.com\/es\/producto\/kit-cabana-quonset-50x100\/#breadcrumb"},"inLanguage":"en-US","potentialAction":[{"@type":"ReadAction","target":["https:\/\/curvcosteelbuildings.com\/es\/producto\/kit-cabana-quonset-50x100\/"]}]},{"@type":"ImageObject","inLanguage":"en-US","@id":"https:\/\/curvcosteelbuildings.com\/es\/producto\/kit-cabana-quonset-50x100\/#primaryimage","url":"https:\/\/curvcosteelbuildings.com\/es\/wp-content\/uploads\/2024\/03\/50x100-kit-de-cabana-quonset.webp","contentUrl":"https:\/\/curvcosteelbuildings.com\/es\/wp-content\/uploads\/2024\/03\/50x100-kit-de-cabana-quonset.webp","width":640,"height":480,"caption":"Kit de Quonset de 50x100"},{"@type":"BreadcrumbList","@id":"https:\/\/curvcosteelbuildings.com\/es\/producto\/kit-cabana-quonset-50x100\/#breadcrumb","itemListElement":[{"@type":"ListItem","position":1,"name":"Home","item":"https:\/\/curvcosteelbuildings.com\/es\/"},{"@type":"ListItem","position":2,"name":"Tienda","item":"https:\/\/curvcosteelbuildings.com\/es\/tienda\/"},{"@type":"ListItem","position":3,"name":"Kit de caba\u00f1a Quonset 50&#215;100"}]},{"@type":"WebSite","@id":"https:\/\/curvcosteelbuildings.com\/es\/#website","url":"https:\/\/curvcosteelbuildings.com\/es\/","name":"Curvco Steel Buildings","description":"Estructuras de metal en arco para diferentes aplicaciones","potentialAction":[{"@type":"SearchAction","target":{"@type":"EntryPoint","urlTemplate":"https:\/\/curvcosteelbuildings.com\/es\/?s={search_term_string}"},"query-input":{"@type":"PropertyValueSpecification","valueRequired":true,"valueName":"search_term_string"}}],"inLanguage":"en-US"}]}},"_links":{"self":[{"href":"https:\/\/curvcosteelbuildings.com\/es\/wp-json\/wp\/v2\/product\/9304","targetHints":{"allow":["GET"]}}],"collection":[{"href":"https:\/\/curvcosteelbuildings.com\/es\/wp-json\/wp\/v2\/product"}],"about":[{"href":"https:\/\/curvcosteelbuildings.com\/es\/wp-json\/wp\/v2\/types\/product"}],"wp:featuredmedia":[{"embeddable":true,"href":"https:\/\/curvcosteelbuildings.com\/es\/wp-json\/wp\/v2\/media\/18193"}],"wp:attachment":[{"href":"https:\/\/curvcosteelbuildings.com\/es\/wp-json\/wp\/v2\/media?parent=9304"}],"wp:term":[{"taxonomy":"product_brand","embeddable":true,"href":"https:\/\/curvcosteelbuildings.com\/es\/wp-json\/wp\/v2\/product_brand?post=9304"},{"taxonomy":"product_cat","embeddable":true,"href":"https:\/\/curvcosteelbuildings.com\/es\/wp-json\/wp\/v2\/product_cat?post=9304"},{"taxonomy":"product_tag","embeddable":true,"href":"https:\/\/curvcosteelbuildings.com\/es\/wp-json\/wp\/v2\/product_tag?post=9304"}],"curies":[{"name":"wp","href":"https:\/\/api.w.org\/{rel}","templated":true}]}}