{"id":9408,"date":"2024-03-22T20:06:50","date_gmt":"2024-03-22T20:06:50","guid":{"rendered":"http:\/\/curvcosteelbuildings.com\/es\/?post_type=product&#038;p=9408"},"modified":"2025-06-11T21:25:47","modified_gmt":"2025-06-11T21:25:47","slug":"casa-prefabricada-acero-quonset-50x100","status":"publish","type":"product","link":"https:\/\/curvcosteelbuildings.com\/es\/producto\/casa-prefabricada-acero-quonset-50x100\/","title":{"rendered":"Casa prefabricada de acero tipo Quonset 50&#215;100"},"content":{"rendered":"<p style=\"text-align: justify;\">El kit de casa Quonset 50&#215;100 de Curvco est\u00e1 prefabricado utilizando una construcci\u00f3n de tuerca y perno de tama\u00f1o \u00fanico. Est\u00e1 dise\u00f1ado para montarse r\u00e1pidamente. Todos los agujeros est\u00e1n pretaladrados y preperforados para un montaje r\u00e1pido y sencillo. Nuestras casas de acero est\u00e1n pensadas para que las construya usted mismo e incluyen manuales de montaje y cimentaci\u00f3n. Cada kit de casa se fabrica utilizando acero de calibre 22 de alta resistencia, lo que hace a estas estructuras superiores frente a vientos huracanados y cargas pesadas de nieve. Las paredes delanteras y traseras con aberturas enmarcadas se encuentran entre los accesorios m\u00e1s populares, incluyendo puertas de hombre, claraboyas de techo, kits de ventilaci\u00f3n de turbina, marcos de ventanas, puertas correderas dobles \u00a1y mucho m\u00e1s! Una estructura de acero como la que se muestra aqu\u00ed puede montarse con una peque\u00f1a cuadrilla en un per\u00edodo de 3 a 4 d\u00edas. Todas las construcciones de acero Curvco cuentan con una garant\u00eda de 50 a\u00f1os contra la perforaci\u00f3n por \u00f3xido y la corrosi\u00f3n, lo que asegura la longevidad de su estructura.<\/p>\n<p><strong>La estructura incluye:<\/strong><\/p>\n<ul>\n<li>S\u00f3lo sistema de pared de techo (sin paredes extremas)<\/li>\n<li>Arcos de acero Galvalume de calibre 22 de alta resistencia<\/li>\n<li>Autorizado para regiones con una carga de nieve en el suelo de 28psf y una clasificaci\u00f3n de carga de viento de 150 mph<\/li>\n<li>Garant\u00eda de 50 a\u00f1os contra perforaci\u00f3n por \u00f3xido<\/li>\n<li>Acero 100% certificado de EE.UU.<\/li>\n<li>Herrajes: Tuercas, pernos, arandelas, burletes<\/li>\n<li>Montaje sencillo y r\u00e1pido (instrucciones incluidas)<\/li>\n<li>Dibujos de dise\u00f1o asistido por ordenador<\/li>\n<\/ul>\n<p>&nbsp;<\/p>\n<p><strong>Accesorios disponibles con este kit de construcci\u00f3n:<\/strong><\/p>\n<ul>\n<li>Paredes frontales\/traseras<\/li>\n<li>Aberturas con marco de acero<\/li>\n<li>Puerta de acceso<\/li>\n<li>Tragaluces<\/li>\n<li>Kits de ventilaci\u00f3n de turbina<\/li>\n<li>Puertas correderas<\/li>\n<li>Aislamiento<\/li>\n<li>Paredes divisorias<\/li>\n<li>Tabiques de acero macizo<\/li>\n<\/ul>\n<p>&nbsp;<\/p>\n<p><strong>Nota:<\/strong> Todas las estructuras requieren la revisi\u00f3n de un ingeniero para zonas con cargas de nieve o vientos fuertes y puede ser necesario aumentar la resistencia con acero de mayor calibre.<\/p>\n","protected":false},"excerpt":{"rendered":"<p>El kit de casa Quonset 50&#215;100 de Curvco est\u00e1 prefabricado utilizando una construcci\u00f3n de tuerca y perno de tama\u00f1o \u00fanico. Est\u00e1 dise\u00f1ado para montarse r\u00e1pidamente. Todos los agujeros est\u00e1n pretaladrados y preperforados para un montaje r\u00e1pido y sencillo. Nuestras casas de acero est\u00e1n pensadas para que las construya usted mismo e incluyen manuales de montaje [&hellip;]<\/p>\n","protected":false},"featured_media":18192,"template":"","meta":[],"product_brand":[],"product_cat":[101],"product_tag":[],"class_list":{"0":"post-9408","1":"product","2":"type-product","3":"status-publish","4":"has-post-thumbnail","6":"product_cat-cabana-quonset","8":"first","9":"instock","10":"shipping-taxable","11":"purchasable","12":"product-type-simple"},"yoast_head":"<!-- This site is optimized with the Yoast SEO plugin v26.6 - https:\/\/yoast.com\/wordpress\/plugins\/seo\/ -->\n<title>Casa prefabricada de acero tipo Quonset 50x100 | Curvco Steel Buildings<\/title>\n<meta name=\"description\" content=\"Construya su propia casa de 50x100 tipo Quonset con nuestros kits de acero. Instrucciones f\u00e1ciles de seguir con excelente servicio al cliente.\" \/>\n<meta name=\"robots\" content=\"index, follow, max-snippet:-1, max-image-preview:large, max-video-preview:-1\" \/>\n<link rel=\"canonical\" href=\"https:\/\/curvcosteelbuildings.com\/es\/producto\/casa-prefabricada-acero-quonset-50x100\/\" \/>\n<meta property=\"og:locale\" content=\"en_US\" \/>\n<meta property=\"og:type\" content=\"article\" \/>\n<meta property=\"og:title\" content=\"Casa prefabricada de acero tipo Quonset 50x100 | Curvco Steel Buildings\" \/>\n<meta property=\"og:description\" content=\"Construya su propia casa de 50x100 tipo Quonset con nuestros kits de acero. Instrucciones f\u00e1ciles de seguir con excelente servicio al cliente.\" \/>\n<meta property=\"og:url\" content=\"https:\/\/curvcosteelbuildings.com\/es\/producto\/casa-prefabricada-acero-quonset-50x100\/\" \/>\n<meta property=\"og:site_name\" content=\"Curvco Steel Buildings\" \/>\n<meta property=\"article:modified_time\" content=\"2025-06-11T21:25:47+00:00\" \/>\n<meta property=\"og:image\" content=\"https:\/\/curvcosteelbuildings.com\/es\/wp-content\/uploads\/2024\/03\/50x100-kit-de-casa-de-cabana-quonset.webp\" \/>\n\t<meta property=\"og:image:width\" content=\"640\" \/>\n\t<meta property=\"og:image:height\" content=\"480\" \/>\n\t<meta property=\"og:image:type\" content=\"image\/webp\" \/>\n<meta name=\"twitter:card\" content=\"summary_large_image\" \/>\n<meta name=\"twitter:label1\" content=\"Est. reading time\" \/>\n\t<meta name=\"twitter:data1\" content=\"2 minutes\" \/>\n<script type=\"application\/ld+json\" class=\"yoast-schema-graph\">{\"@context\":\"https:\/\/schema.org\",\"@graph\":[{\"@type\":\"WebPage\",\"@id\":\"https:\/\/curvcosteelbuildings.com\/es\/producto\/casa-prefabricada-acero-quonset-50x100\/\",\"url\":\"https:\/\/curvcosteelbuildings.com\/es\/producto\/casa-prefabricada-acero-quonset-50x100\/\",\"name\":\"Casa prefabricada de acero tipo Quonset 50x100 | Curvco Steel Buildings\",\"isPartOf\":{\"@id\":\"https:\/\/curvcosteelbuildings.com\/es\/#website\"},\"primaryImageOfPage\":{\"@id\":\"https:\/\/curvcosteelbuildings.com\/es\/producto\/casa-prefabricada-acero-quonset-50x100\/#primaryimage\"},\"image\":{\"@id\":\"https:\/\/curvcosteelbuildings.com\/es\/producto\/casa-prefabricada-acero-quonset-50x100\/#primaryimage\"},\"thumbnailUrl\":\"https:\/\/curvcosteelbuildings.com\/es\/wp-content\/uploads\/2024\/03\/50x100-kit-de-casa-de-cabana-quonset.webp\",\"datePublished\":\"2024-03-22T20:06:50+00:00\",\"dateModified\":\"2025-06-11T21:25:47+00:00\",\"description\":\"Construya su propia casa de 50x100 tipo Quonset con nuestros kits de acero. Instrucciones f\u00e1ciles de seguir con excelente servicio al cliente.\",\"breadcrumb\":{\"@id\":\"https:\/\/curvcosteelbuildings.com\/es\/producto\/casa-prefabricada-acero-quonset-50x100\/#breadcrumb\"},\"inLanguage\":\"en-US\",\"potentialAction\":[{\"@type\":\"ReadAction\",\"target\":[\"https:\/\/curvcosteelbuildings.com\/es\/producto\/casa-prefabricada-acero-quonset-50x100\/\"]}]},{\"@type\":\"ImageObject\",\"inLanguage\":\"en-US\",\"@id\":\"https:\/\/curvcosteelbuildings.com\/es\/producto\/casa-prefabricada-acero-quonset-50x100\/#primaryimage\",\"url\":\"https:\/\/curvcosteelbuildings.com\/es\/wp-content\/uploads\/2024\/03\/50x100-kit-de-casa-de-cabana-quonset.webp\",\"contentUrl\":\"https:\/\/curvcosteelbuildings.com\/es\/wp-content\/uploads\/2024\/03\/50x100-kit-de-casa-de-cabana-quonset.webp\",\"width\":640,\"height\":480,\"caption\":\"Kit de casa tipo Quonset de 50x100\"},{\"@type\":\"BreadcrumbList\",\"@id\":\"https:\/\/curvcosteelbuildings.com\/es\/producto\/casa-prefabricada-acero-quonset-50x100\/#breadcrumb\",\"itemListElement\":[{\"@type\":\"ListItem\",\"position\":1,\"name\":\"Home\",\"item\":\"https:\/\/curvcosteelbuildings.com\/es\/\"},{\"@type\":\"ListItem\",\"position\":2,\"name\":\"Tienda\",\"item\":\"https:\/\/curvcosteelbuildings.com\/es\/tienda\/\"},{\"@type\":\"ListItem\",\"position\":3,\"name\":\"Casa prefabricada de acero tipo Quonset 50&#215;100\"}]},{\"@type\":\"WebSite\",\"@id\":\"https:\/\/curvcosteelbuildings.com\/es\/#website\",\"url\":\"https:\/\/curvcosteelbuildings.com\/es\/\",\"name\":\"Curvco Steel Buildings\",\"description\":\"Estructuras de metal en arco para diferentes aplicaciones\",\"potentialAction\":[{\"@type\":\"SearchAction\",\"target\":{\"@type\":\"EntryPoint\",\"urlTemplate\":\"https:\/\/curvcosteelbuildings.com\/es\/?s={search_term_string}\"},\"query-input\":{\"@type\":\"PropertyValueSpecification\",\"valueRequired\":true,\"valueName\":\"search_term_string\"}}],\"inLanguage\":\"en-US\"}]}<\/script>\n<!-- \/ Yoast SEO plugin. -->","yoast_head_json":{"title":"Casa prefabricada de acero tipo Quonset 50x100 | Curvco Steel Buildings","description":"Construya su propia casa de 50x100 tipo Quonset con nuestros kits de acero. Instrucciones f\u00e1ciles de seguir con excelente servicio al cliente.","robots":{"index":"index","follow":"follow","max-snippet":"max-snippet:-1","max-image-preview":"max-image-preview:large","max-video-preview":"max-video-preview:-1"},"canonical":"https:\/\/curvcosteelbuildings.com\/es\/producto\/casa-prefabricada-acero-quonset-50x100\/","og_locale":"en_US","og_type":"article","og_title":"Casa prefabricada de acero tipo Quonset 50x100 | Curvco Steel Buildings","og_description":"Construya su propia casa de 50x100 tipo Quonset con nuestros kits de acero. Instrucciones f\u00e1ciles de seguir con excelente servicio al cliente.","og_url":"https:\/\/curvcosteelbuildings.com\/es\/producto\/casa-prefabricada-acero-quonset-50x100\/","og_site_name":"Curvco Steel Buildings","article_modified_time":"2025-06-11T21:25:47+00:00","og_image":[{"width":640,"height":480,"url":"https:\/\/curvcosteelbuildings.com\/es\/wp-content\/uploads\/2024\/03\/50x100-kit-de-casa-de-cabana-quonset.webp","type":"image\/webp"}],"twitter_card":"summary_large_image","twitter_misc":{"Est. reading time":"2 minutes"},"schema":{"@context":"https:\/\/schema.org","@graph":[{"@type":"WebPage","@id":"https:\/\/curvcosteelbuildings.com\/es\/producto\/casa-prefabricada-acero-quonset-50x100\/","url":"https:\/\/curvcosteelbuildings.com\/es\/producto\/casa-prefabricada-acero-quonset-50x100\/","name":"Casa prefabricada de acero tipo Quonset 50x100 | Curvco Steel Buildings","isPartOf":{"@id":"https:\/\/curvcosteelbuildings.com\/es\/#website"},"primaryImageOfPage":{"@id":"https:\/\/curvcosteelbuildings.com\/es\/producto\/casa-prefabricada-acero-quonset-50x100\/#primaryimage"},"image":{"@id":"https:\/\/curvcosteelbuildings.com\/es\/producto\/casa-prefabricada-acero-quonset-50x100\/#primaryimage"},"thumbnailUrl":"https:\/\/curvcosteelbuildings.com\/es\/wp-content\/uploads\/2024\/03\/50x100-kit-de-casa-de-cabana-quonset.webp","datePublished":"2024-03-22T20:06:50+00:00","dateModified":"2025-06-11T21:25:47+00:00","description":"Construya su propia casa de 50x100 tipo Quonset con nuestros kits de acero. Instrucciones f\u00e1ciles de seguir con excelente servicio al cliente.","breadcrumb":{"@id":"https:\/\/curvcosteelbuildings.com\/es\/producto\/casa-prefabricada-acero-quonset-50x100\/#breadcrumb"},"inLanguage":"en-US","potentialAction":[{"@type":"ReadAction","target":["https:\/\/curvcosteelbuildings.com\/es\/producto\/casa-prefabricada-acero-quonset-50x100\/"]}]},{"@type":"ImageObject","inLanguage":"en-US","@id":"https:\/\/curvcosteelbuildings.com\/es\/producto\/casa-prefabricada-acero-quonset-50x100\/#primaryimage","url":"https:\/\/curvcosteelbuildings.com\/es\/wp-content\/uploads\/2024\/03\/50x100-kit-de-casa-de-cabana-quonset.webp","contentUrl":"https:\/\/curvcosteelbuildings.com\/es\/wp-content\/uploads\/2024\/03\/50x100-kit-de-casa-de-cabana-quonset.webp","width":640,"height":480,"caption":"Kit de casa tipo Quonset de 50x100"},{"@type":"BreadcrumbList","@id":"https:\/\/curvcosteelbuildings.com\/es\/producto\/casa-prefabricada-acero-quonset-50x100\/#breadcrumb","itemListElement":[{"@type":"ListItem","position":1,"name":"Home","item":"https:\/\/curvcosteelbuildings.com\/es\/"},{"@type":"ListItem","position":2,"name":"Tienda","item":"https:\/\/curvcosteelbuildings.com\/es\/tienda\/"},{"@type":"ListItem","position":3,"name":"Casa prefabricada de acero tipo Quonset 50&#215;100"}]},{"@type":"WebSite","@id":"https:\/\/curvcosteelbuildings.com\/es\/#website","url":"https:\/\/curvcosteelbuildings.com\/es\/","name":"Curvco Steel Buildings","description":"Estructuras de metal en arco para diferentes aplicaciones","potentialAction":[{"@type":"SearchAction","target":{"@type":"EntryPoint","urlTemplate":"https:\/\/curvcosteelbuildings.com\/es\/?s={search_term_string}"},"query-input":{"@type":"PropertyValueSpecification","valueRequired":true,"valueName":"search_term_string"}}],"inLanguage":"en-US"}]}},"_links":{"self":[{"href":"https:\/\/curvcosteelbuildings.com\/es\/wp-json\/wp\/v2\/product\/9408","targetHints":{"allow":["GET"]}}],"collection":[{"href":"https:\/\/curvcosteelbuildings.com\/es\/wp-json\/wp\/v2\/product"}],"about":[{"href":"https:\/\/curvcosteelbuildings.com\/es\/wp-json\/wp\/v2\/types\/product"}],"wp:featuredmedia":[{"embeddable":true,"href":"https:\/\/curvcosteelbuildings.com\/es\/wp-json\/wp\/v2\/media\/18192"}],"wp:attachment":[{"href":"https:\/\/curvcosteelbuildings.com\/es\/wp-json\/wp\/v2\/media?parent=9408"}],"wp:term":[{"taxonomy":"product_brand","embeddable":true,"href":"https:\/\/curvcosteelbuildings.com\/es\/wp-json\/wp\/v2\/product_brand?post=9408"},{"taxonomy":"product_cat","embeddable":true,"href":"https:\/\/curvcosteelbuildings.com\/es\/wp-json\/wp\/v2\/product_cat?post=9408"},{"taxonomy":"product_tag","embeddable":true,"href":"https:\/\/curvcosteelbuildings.com\/es\/wp-json\/wp\/v2\/product_tag?post=9408"}],"curies":[{"name":"wp","href":"https:\/\/api.w.org\/{rel}","templated":true}]}}