{"id":9647,"date":"2024-04-02T15:14:10","date_gmt":"2024-04-02T15:14:10","guid":{"rendered":"http:\/\/curvcosteelbuildings.com\/es\/?post_type=product&#038;p=9647"},"modified":"2025-06-11T19:50:42","modified_gmt":"2025-06-11T19:50:42","slug":"casa-prefabricada-acero-30x50","status":"publish","type":"product","link":"https:\/\/curvcosteelbuildings.com\/es\/producto\/casa-prefabricada-acero-30x50\/","title":{"rendered":"Casa prefabricada de acero 30&#215;50"},"content":{"rendered":"<p>El kit de casa prefabricada de acero de 30&#215;50 de Curvco es perfecto para una familia peque\u00f1a con un presupuesto ajustado. Con m\u00e1s de 1500 pies cuadrados de espacio interior sin obst\u00e1culos de postes o vigas, el interior se convierte en un lienzo personalizable de su visi\u00f3n. Podemos proporcionar planos certificados por ingenieros sellados para la estructura y su arquitecto local puede finalizar los planes con el dise\u00f1o interior, plomer\u00eda, electricidad y m\u00e1s. En unos pocos d\u00edas puede tener la estructura de su nueva casa montada y lista para el dise\u00f1o. \u00a1Curvco ofrece una garant\u00eda de 50 a\u00f1os contra la perforaci\u00f3n por \u00f3xido y asegura que todo lo que reciba est\u00e9 fabricado aqu\u00ed mismo, en Am\u00e9rica! Nuestros kits de casas son la forma m\u00e1s econ\u00f3mica de construir espacios habitables con un presupuesto limitado.<\/p>\n<p><strong>La estructura incluye:<\/strong><\/p>\n<ul>\n<li>Sistema de pared-techo, construcci\u00f3n de Galvalume<\/li>\n<li>Una pared de acero macizo<\/li>\n<li>Una pared de acero con abertura enmarcada<\/li>\n<li>Kit de marco de ventana de pared<\/li>\n<li>Kit de marco de puerta de paso<\/li>\n<li>Arcos de acero Galvalume de calibre 22 de alta resistencia<\/li>\n<li>Autorizado para regiones con una carga de nieve en el suelo de 28psf y una clasificaci\u00f3n de carga de viento de 150 mph<\/li>\n<li>Garant\u00eda de 50 a\u00f1os contra perforaci\u00f3n por \u00f3xido<\/li>\n<li>Acero 100% certificado de EE.UU.<\/li>\n<li>Herrajes: Tuercas, pernos, arandelas, burletes<\/li>\n<li>Montaje sencillo y r\u00e1pido (instrucciones incluidas)<\/li>\n<li>Dibujos de dise\u00f1o asistido por ordenador<\/li>\n<\/ul>\n<p>&nbsp;<\/p>\n<p><strong>Accesorios disponibles con este kit de construcci\u00f3n:<\/strong><\/p>\n<ul>\n<li>Aberturas con marco de acero<\/li>\n<li>Pared frontal y trasera<\/li>\n<li>Puerta de paso<\/li>\n<li>Tragaluces<\/li>\n<li>Kits de ventilaci\u00f3n de turbina<\/li>\n<li>Puertas correderas<\/li>\n<li>Aislamiento<\/li>\n<li>Tabiques de acero macizo<\/li>\n<\/ul>\n<p>&nbsp;<\/p>\n<p><strong>Nota:<\/strong> Todos los edificios requieren la revisi\u00f3n de un ingeniero para zonas con cargas de nieve o vientos fuertes y puede ser necesario aumentar la resistencia con acero de mayor calibre.<\/p>\n","protected":false},"excerpt":{"rendered":"<p>El kit de casa prefabricada de acero de 30&#215;50 de Curvco es perfecto para una familia peque\u00f1a con un presupuesto ajustado. Con m\u00e1s de 1500 pies cuadrados de espacio interior sin obst\u00e1culos de postes o vigas, el interior se convierte en un lienzo personalizable de su visi\u00f3n. Podemos proporcionar planos certificados por ingenieros sellados para [&hellip;]<\/p>\n","protected":false},"featured_media":18191,"template":"","meta":[],"product_brand":[],"product_cat":[101,100],"product_tag":[],"class_list":{"0":"post-9647","1":"product","2":"type-product","3":"status-publish","4":"has-post-thumbnail","6":"product_cat-cabana-quonset","7":"product_cat-estructura-en-arco","9":"first","10":"instock","11":"shipping-taxable","12":"purchasable","13":"product-type-simple"},"yoast_head":"<!-- This site is optimized with the Yoast SEO plugin v26.6 - https:\/\/yoast.com\/wordpress\/plugins\/seo\/ -->\n<title>Casa prefabricada de acero 30x50 | Curvco Steel Buildings<\/title>\n<meta name=\"description\" content=\"Construya su propia casa de 30x50 con nuestros kits de acero. Instrucciones f\u00e1ciles de seguir con excelente servicio al cliente.\" \/>\n<meta name=\"robots\" content=\"index, follow, max-snippet:-1, max-image-preview:large, max-video-preview:-1\" \/>\n<link rel=\"canonical\" href=\"https:\/\/curvcosteelbuildings.com\/es\/producto\/casa-prefabricada-acero-30x50\/\" \/>\n<meta property=\"og:locale\" content=\"en_US\" \/>\n<meta property=\"og:type\" content=\"article\" \/>\n<meta property=\"og:title\" content=\"Casa prefabricada de acero 30x50 | Curvco Steel Buildings\" \/>\n<meta property=\"og:description\" content=\"Construya su propia casa de 30x50 con nuestros kits de acero. Instrucciones f\u00e1ciles de seguir con excelente servicio al cliente.\" \/>\n<meta property=\"og:url\" content=\"https:\/\/curvcosteelbuildings.com\/es\/producto\/casa-prefabricada-acero-30x50\/\" \/>\n<meta property=\"og:site_name\" content=\"Curvco Steel Buildings\" \/>\n<meta property=\"article:modified_time\" content=\"2025-06-11T19:50:42+00:00\" \/>\n<meta property=\"og:image\" content=\"https:\/\/curvcosteelbuildings.com\/es\/wp-content\/uploads\/2024\/04\/30x50-casa-prefabricada-de-metal.webp\" \/>\n\t<meta property=\"og:image:width\" content=\"640\" \/>\n\t<meta property=\"og:image:height\" content=\"480\" \/>\n\t<meta property=\"og:image:type\" content=\"image\/webp\" \/>\n<meta name=\"twitter:card\" content=\"summary_large_image\" \/>\n<meta name=\"twitter:label1\" content=\"Est. reading time\" \/>\n\t<meta name=\"twitter:data1\" content=\"2 minutes\" \/>\n<script type=\"application\/ld+json\" class=\"yoast-schema-graph\">{\"@context\":\"https:\/\/schema.org\",\"@graph\":[{\"@type\":\"WebPage\",\"@id\":\"https:\/\/curvcosteelbuildings.com\/es\/producto\/casa-prefabricada-acero-30x50\/\",\"url\":\"https:\/\/curvcosteelbuildings.com\/es\/producto\/casa-prefabricada-acero-30x50\/\",\"name\":\"Casa prefabricada de acero 30x50 | Curvco Steel Buildings\",\"isPartOf\":{\"@id\":\"https:\/\/curvcosteelbuildings.com\/es\/#website\"},\"primaryImageOfPage\":{\"@id\":\"https:\/\/curvcosteelbuildings.com\/es\/producto\/casa-prefabricada-acero-30x50\/#primaryimage\"},\"image\":{\"@id\":\"https:\/\/curvcosteelbuildings.com\/es\/producto\/casa-prefabricada-acero-30x50\/#primaryimage\"},\"thumbnailUrl\":\"https:\/\/curvcosteelbuildings.com\/es\/wp-content\/uploads\/2024\/04\/30x50-casa-prefabricada-de-metal.webp\",\"datePublished\":\"2024-04-02T15:14:10+00:00\",\"dateModified\":\"2025-06-11T19:50:42+00:00\",\"description\":\"Construya su propia casa de 30x50 con nuestros kits de acero. Instrucciones f\u00e1ciles de seguir con excelente servicio al cliente.\",\"breadcrumb\":{\"@id\":\"https:\/\/curvcosteelbuildings.com\/es\/producto\/casa-prefabricada-acero-30x50\/#breadcrumb\"},\"inLanguage\":\"en-US\",\"potentialAction\":[{\"@type\":\"ReadAction\",\"target\":[\"https:\/\/curvcosteelbuildings.com\/es\/producto\/casa-prefabricada-acero-30x50\/\"]}]},{\"@type\":\"ImageObject\",\"inLanguage\":\"en-US\",\"@id\":\"https:\/\/curvcosteelbuildings.com\/es\/producto\/casa-prefabricada-acero-30x50\/#primaryimage\",\"url\":\"https:\/\/curvcosteelbuildings.com\/es\/wp-content\/uploads\/2024\/04\/30x50-casa-prefabricada-de-metal.webp\",\"contentUrl\":\"https:\/\/curvcosteelbuildings.com\/es\/wp-content\/uploads\/2024\/04\/30x50-casa-prefabricada-de-metal.webp\",\"width\":640,\"height\":480,\"caption\":\"Casa prefabricada de acero de 30x50\"},{\"@type\":\"BreadcrumbList\",\"@id\":\"https:\/\/curvcosteelbuildings.com\/es\/producto\/casa-prefabricada-acero-30x50\/#breadcrumb\",\"itemListElement\":[{\"@type\":\"ListItem\",\"position\":1,\"name\":\"Home\",\"item\":\"https:\/\/curvcosteelbuildings.com\/es\/\"},{\"@type\":\"ListItem\",\"position\":2,\"name\":\"Tienda\",\"item\":\"https:\/\/curvcosteelbuildings.com\/es\/tienda\/\"},{\"@type\":\"ListItem\",\"position\":3,\"name\":\"Casa prefabricada de acero 30&#215;50\"}]},{\"@type\":\"WebSite\",\"@id\":\"https:\/\/curvcosteelbuildings.com\/es\/#website\",\"url\":\"https:\/\/curvcosteelbuildings.com\/es\/\",\"name\":\"Curvco Steel Buildings\",\"description\":\"Estructuras de metal en arco para diferentes aplicaciones\",\"potentialAction\":[{\"@type\":\"SearchAction\",\"target\":{\"@type\":\"EntryPoint\",\"urlTemplate\":\"https:\/\/curvcosteelbuildings.com\/es\/?s={search_term_string}\"},\"query-input\":{\"@type\":\"PropertyValueSpecification\",\"valueRequired\":true,\"valueName\":\"search_term_string\"}}],\"inLanguage\":\"en-US\"}]}<\/script>\n<!-- \/ Yoast SEO plugin. -->","yoast_head_json":{"title":"Casa prefabricada de acero 30x50 | Curvco Steel Buildings","description":"Construya su propia casa de 30x50 con nuestros kits de acero. Instrucciones f\u00e1ciles de seguir con excelente servicio al cliente.","robots":{"index":"index","follow":"follow","max-snippet":"max-snippet:-1","max-image-preview":"max-image-preview:large","max-video-preview":"max-video-preview:-1"},"canonical":"https:\/\/curvcosteelbuildings.com\/es\/producto\/casa-prefabricada-acero-30x50\/","og_locale":"en_US","og_type":"article","og_title":"Casa prefabricada de acero 30x50 | Curvco Steel Buildings","og_description":"Construya su propia casa de 30x50 con nuestros kits de acero. Instrucciones f\u00e1ciles de seguir con excelente servicio al cliente.","og_url":"https:\/\/curvcosteelbuildings.com\/es\/producto\/casa-prefabricada-acero-30x50\/","og_site_name":"Curvco Steel Buildings","article_modified_time":"2025-06-11T19:50:42+00:00","og_image":[{"width":640,"height":480,"url":"https:\/\/curvcosteelbuildings.com\/es\/wp-content\/uploads\/2024\/04\/30x50-casa-prefabricada-de-metal.webp","type":"image\/webp"}],"twitter_card":"summary_large_image","twitter_misc":{"Est. reading time":"2 minutes"},"schema":{"@context":"https:\/\/schema.org","@graph":[{"@type":"WebPage","@id":"https:\/\/curvcosteelbuildings.com\/es\/producto\/casa-prefabricada-acero-30x50\/","url":"https:\/\/curvcosteelbuildings.com\/es\/producto\/casa-prefabricada-acero-30x50\/","name":"Casa prefabricada de acero 30x50 | Curvco Steel Buildings","isPartOf":{"@id":"https:\/\/curvcosteelbuildings.com\/es\/#website"},"primaryImageOfPage":{"@id":"https:\/\/curvcosteelbuildings.com\/es\/producto\/casa-prefabricada-acero-30x50\/#primaryimage"},"image":{"@id":"https:\/\/curvcosteelbuildings.com\/es\/producto\/casa-prefabricada-acero-30x50\/#primaryimage"},"thumbnailUrl":"https:\/\/curvcosteelbuildings.com\/es\/wp-content\/uploads\/2024\/04\/30x50-casa-prefabricada-de-metal.webp","datePublished":"2024-04-02T15:14:10+00:00","dateModified":"2025-06-11T19:50:42+00:00","description":"Construya su propia casa de 30x50 con nuestros kits de acero. Instrucciones f\u00e1ciles de seguir con excelente servicio al cliente.","breadcrumb":{"@id":"https:\/\/curvcosteelbuildings.com\/es\/producto\/casa-prefabricada-acero-30x50\/#breadcrumb"},"inLanguage":"en-US","potentialAction":[{"@type":"ReadAction","target":["https:\/\/curvcosteelbuildings.com\/es\/producto\/casa-prefabricada-acero-30x50\/"]}]},{"@type":"ImageObject","inLanguage":"en-US","@id":"https:\/\/curvcosteelbuildings.com\/es\/producto\/casa-prefabricada-acero-30x50\/#primaryimage","url":"https:\/\/curvcosteelbuildings.com\/es\/wp-content\/uploads\/2024\/04\/30x50-casa-prefabricada-de-metal.webp","contentUrl":"https:\/\/curvcosteelbuildings.com\/es\/wp-content\/uploads\/2024\/04\/30x50-casa-prefabricada-de-metal.webp","width":640,"height":480,"caption":"Casa prefabricada de acero de 30x50"},{"@type":"BreadcrumbList","@id":"https:\/\/curvcosteelbuildings.com\/es\/producto\/casa-prefabricada-acero-30x50\/#breadcrumb","itemListElement":[{"@type":"ListItem","position":1,"name":"Home","item":"https:\/\/curvcosteelbuildings.com\/es\/"},{"@type":"ListItem","position":2,"name":"Tienda","item":"https:\/\/curvcosteelbuildings.com\/es\/tienda\/"},{"@type":"ListItem","position":3,"name":"Casa prefabricada de acero 30&#215;50"}]},{"@type":"WebSite","@id":"https:\/\/curvcosteelbuildings.com\/es\/#website","url":"https:\/\/curvcosteelbuildings.com\/es\/","name":"Curvco Steel Buildings","description":"Estructuras de metal en arco para diferentes aplicaciones","potentialAction":[{"@type":"SearchAction","target":{"@type":"EntryPoint","urlTemplate":"https:\/\/curvcosteelbuildings.com\/es\/?s={search_term_string}"},"query-input":{"@type":"PropertyValueSpecification","valueRequired":true,"valueName":"search_term_string"}}],"inLanguage":"en-US"}]}},"_links":{"self":[{"href":"https:\/\/curvcosteelbuildings.com\/es\/wp-json\/wp\/v2\/product\/9647","targetHints":{"allow":["GET"]}}],"collection":[{"href":"https:\/\/curvcosteelbuildings.com\/es\/wp-json\/wp\/v2\/product"}],"about":[{"href":"https:\/\/curvcosteelbuildings.com\/es\/wp-json\/wp\/v2\/types\/product"}],"wp:featuredmedia":[{"embeddable":true,"href":"https:\/\/curvcosteelbuildings.com\/es\/wp-json\/wp\/v2\/media\/18191"}],"wp:attachment":[{"href":"https:\/\/curvcosteelbuildings.com\/es\/wp-json\/wp\/v2\/media?parent=9647"}],"wp:term":[{"taxonomy":"product_brand","embeddable":true,"href":"https:\/\/curvcosteelbuildings.com\/es\/wp-json\/wp\/v2\/product_brand?post=9647"},{"taxonomy":"product_cat","embeddable":true,"href":"https:\/\/curvcosteelbuildings.com\/es\/wp-json\/wp\/v2\/product_cat?post=9647"},{"taxonomy":"product_tag","embeddable":true,"href":"https:\/\/curvcosteelbuildings.com\/es\/wp-json\/wp\/v2\/product_tag?post=9647"}],"curies":[{"name":"wp","href":"https:\/\/api.w.org\/{rel}","templated":true}]}}