{"id":9710,"date":"2024-06-12T20:48:32","date_gmt":"2024-06-12T20:48:32","guid":{"rendered":"http:\/\/curvcosteelbuildings.com\/es\/?post_type=product&#038;p=9710"},"modified":"2025-03-26T14:02:28","modified_gmt":"2025-03-26T14:02:28","slug":"kit-estructura-acero-40x60","status":"publish","type":"product","link":"https:\/\/curvcosteelbuildings.com\/es\/producto\/kit-estructura-acero-40x60\/","title":{"rendered":"Kit de estructura de acero 40&#215;60"},"content":{"rendered":"<p style=\"text-align: justify;\">Los arcos met\u00e1licos de 40&#215;60 de Curvco se prefabrican utilizando una construcci\u00f3n de tuerca y perno de tama\u00f1o \u00fanico. Est\u00e1n dise\u00f1ados para un despliegue r\u00e1pido y se montan r\u00e1pidamente. Todos los agujeros est\u00e1n prefabricados para un montaje r\u00e1pido y sencillo. Hechos para los entusiastas del &#8220;h\u00e1galo usted mismo&#8221;, nuestros garajes met\u00e1licos vienen con manuales de montaje y cimentaci\u00f3n. Cada estructura de metal se fabrica utilizando acero de calibre 22 de alta resistencia que hace que estas estructuras sean superiores contra vientos huracanados y cargas de nieve pesadas. Las paredes delanteras y traseras con aberturas enmarcadas se encuentran entre los accesorios m\u00e1s populares, incluyendo puertas de hombre, claraboyas de techo, kits de ventilaci\u00f3n de turbina, marcos de ventanas, puertas correderas dobles \u00a1y mucho m\u00e1s! Un arco de acero como el que se muestra aqu\u00ed puede montarse con una peque\u00f1a cuadrilla en un per\u00edodo de 2-3 d\u00edas. Todas las estructuras de acero Curvco cuentan con una garant\u00eda de 50 a\u00f1os contra la perforaci\u00f3n por \u00f3xido y la corrosi\u00f3n, lo que garantiza la longevidad de su estructura.<\/p>\n<p><strong>La estructura incluye:<\/strong><\/p>\n<ul>\n<li>Sistema de techo-pared<\/li>\n<li>Arcos de acero Galvalume de calibre 22 de alta resistencia<\/li>\n<li>Autorizado para regiones con una carga de nieve en el suelo de 28psf y una clasificaci\u00f3n de carga de viento de 150 mph<\/li>\n<li>Garant\u00eda de 50 a\u00f1os contra perforaci\u00f3n por \u00f3xido<\/li>\n<li>Acero 100% certificado de EE.UU.<\/li>\n<li>Herrajes: Tuercas, pernos, arandelas, burletes<\/li>\n<li>Montaje sencillo y r\u00e1pido (instrucciones incluidas)<\/li>\n<li>Dibujos de dise\u00f1o asistido por ordenador<\/li>\n<\/ul>\n<p>&nbsp;<\/p>\n<p><strong>Accesorios disponibles con este kit de construcci\u00f3n:<\/strong><\/p>\n<ul>\n<li>Aberturas con marco de acero<\/li>\n<li>Pared frontal y trasera<\/li>\n<li>Puerta de paso<\/li>\n<li>Tragaluces<\/li>\n<li>Kits de ventilaci\u00f3n de turbina<\/li>\n<li>Puertas correderas<\/li>\n<li>Aislamiento<\/li>\n<li>Tabiques de acero macizo<\/li>\n<\/ul>\n<p>&nbsp;<\/p>\n<p><strong>Nota:<\/strong> Todas las estructuras requieren la revisi\u00f3n de un ingeniero para zonas con cargas de nieve o vientos fuertes y puede ser necesario aumentar la resistencia con acero de mayor calibre.<\/p>\n","protected":false},"excerpt":{"rendered":"<p>Los arcos met\u00e1licos de 40&#215;60 de Curvco se prefabrican utilizando una construcci\u00f3n de tuerca y perno de tama\u00f1o \u00fanico. Est\u00e1n dise\u00f1ados para un despliegue r\u00e1pido y se montan r\u00e1pidamente. Todos los agujeros est\u00e1n prefabricados para un montaje r\u00e1pido y sencillo. Hechos para los entusiastas del &#8220;h\u00e1galo usted mismo&#8221;, nuestros garajes met\u00e1licos vienen con manuales de [&hellip;]<\/p>\n","protected":false},"featured_media":18190,"template":"","meta":[],"product_brand":[],"product_cat":[100],"product_tag":[],"class_list":{"0":"post-9710","1":"product","2":"type-product","3":"status-publish","4":"has-post-thumbnail","6":"product_cat-estructura-en-arco","8":"first","9":"instock","10":"sale","11":"shipping-taxable","12":"purchasable","13":"product-type-simple"},"yoast_head":"<!-- This site is optimized with the Yoast SEO plugin v26.6 - https:\/\/yoast.com\/wordpress\/plugins\/seo\/ -->\n<title>Kit de estructura de acero 40x60 | Precio directo de f\u00e1brica<\/title>\n<meta name=\"description\" content=\"Estructura prefabricada de arco met\u00e1lico de 40x60 dise\u00f1ada para una instalaci\u00f3n r\u00e1pida. Para instalar sobre el suelo, muros o contenedores.\" \/>\n<meta name=\"robots\" content=\"index, follow, max-snippet:-1, max-image-preview:large, max-video-preview:-1\" \/>\n<link rel=\"canonical\" href=\"https:\/\/curvcosteelbuildings.com\/es\/producto\/kit-estructura-acero-40x60\/\" \/>\n<meta property=\"og:locale\" content=\"en_US\" \/>\n<meta property=\"og:type\" content=\"article\" \/>\n<meta property=\"og:title\" content=\"Kit de estructura de acero 40x60 | Precio directo de f\u00e1brica\" \/>\n<meta property=\"og:description\" content=\"Estructura prefabricada de arco met\u00e1lico de 40x60 dise\u00f1ada para una instalaci\u00f3n r\u00e1pida. Para instalar sobre el suelo, muros o contenedores.\" \/>\n<meta property=\"og:url\" content=\"https:\/\/curvcosteelbuildings.com\/es\/producto\/kit-estructura-acero-40x60\/\" \/>\n<meta property=\"og:site_name\" content=\"Curvco Steel Buildings\" \/>\n<meta property=\"article:modified_time\" content=\"2025-03-26T14:02:28+00:00\" \/>\n<meta property=\"og:image\" content=\"https:\/\/curvcosteelbuildings.com\/es\/wp-content\/uploads\/2024\/06\/40x60-kit-estructura-de-metal.webp\" \/>\n\t<meta property=\"og:image:width\" content=\"640\" \/>\n\t<meta property=\"og:image:height\" content=\"480\" \/>\n\t<meta property=\"og:image:type\" content=\"image\/webp\" \/>\n<meta name=\"twitter:card\" content=\"summary_large_image\" \/>\n<meta name=\"twitter:label1\" content=\"Est. reading time\" \/>\n\t<meta name=\"twitter:data1\" content=\"2 minutes\" \/>\n<script type=\"application\/ld+json\" class=\"yoast-schema-graph\">{\"@context\":\"https:\/\/schema.org\",\"@graph\":[{\"@type\":\"WebPage\",\"@id\":\"https:\/\/curvcosteelbuildings.com\/es\/producto\/kit-estructura-acero-40x60\/\",\"url\":\"https:\/\/curvcosteelbuildings.com\/es\/producto\/kit-estructura-acero-40x60\/\",\"name\":\"Kit de estructura de acero 40x60 | Precio directo de f\u00e1brica\",\"isPartOf\":{\"@id\":\"https:\/\/curvcosteelbuildings.com\/es\/#website\"},\"primaryImageOfPage\":{\"@id\":\"https:\/\/curvcosteelbuildings.com\/es\/producto\/kit-estructura-acero-40x60\/#primaryimage\"},\"image\":{\"@id\":\"https:\/\/curvcosteelbuildings.com\/es\/producto\/kit-estructura-acero-40x60\/#primaryimage\"},\"thumbnailUrl\":\"https:\/\/curvcosteelbuildings.com\/es\/wp-content\/uploads\/2024\/06\/40x60-kit-estructura-de-metal.webp\",\"datePublished\":\"2024-06-12T20:48:32+00:00\",\"dateModified\":\"2025-03-26T14:02:28+00:00\",\"description\":\"Estructura prefabricada de arco met\u00e1lico de 40x60 dise\u00f1ada para una instalaci\u00f3n r\u00e1pida. Para instalar sobre el suelo, muros o contenedores.\",\"breadcrumb\":{\"@id\":\"https:\/\/curvcosteelbuildings.com\/es\/producto\/kit-estructura-acero-40x60\/#breadcrumb\"},\"inLanguage\":\"en-US\",\"potentialAction\":[{\"@type\":\"ReadAction\",\"target\":[\"https:\/\/curvcosteelbuildings.com\/es\/producto\/kit-estructura-acero-40x60\/\"]}]},{\"@type\":\"ImageObject\",\"inLanguage\":\"en-US\",\"@id\":\"https:\/\/curvcosteelbuildings.com\/es\/producto\/kit-estructura-acero-40x60\/#primaryimage\",\"url\":\"https:\/\/curvcosteelbuildings.com\/es\/wp-content\/uploads\/2024\/06\/40x60-kit-estructura-de-metal.webp\",\"contentUrl\":\"https:\/\/curvcosteelbuildings.com\/es\/wp-content\/uploads\/2024\/06\/40x60-kit-estructura-de-metal.webp\",\"width\":640,\"height\":480,\"caption\":\"Kit de estructura de metal de 40x60\"},{\"@type\":\"BreadcrumbList\",\"@id\":\"https:\/\/curvcosteelbuildings.com\/es\/producto\/kit-estructura-acero-40x60\/#breadcrumb\",\"itemListElement\":[{\"@type\":\"ListItem\",\"position\":1,\"name\":\"Home\",\"item\":\"https:\/\/curvcosteelbuildings.com\/es\/\"},{\"@type\":\"ListItem\",\"position\":2,\"name\":\"Tienda\",\"item\":\"https:\/\/curvcosteelbuildings.com\/es\/tienda\/\"},{\"@type\":\"ListItem\",\"position\":3,\"name\":\"Kit de estructura de acero 40&#215;60\"}]},{\"@type\":\"WebSite\",\"@id\":\"https:\/\/curvcosteelbuildings.com\/es\/#website\",\"url\":\"https:\/\/curvcosteelbuildings.com\/es\/\",\"name\":\"Curvco Steel Buildings\",\"description\":\"Estructuras de metal en arco para diferentes aplicaciones\",\"potentialAction\":[{\"@type\":\"SearchAction\",\"target\":{\"@type\":\"EntryPoint\",\"urlTemplate\":\"https:\/\/curvcosteelbuildings.com\/es\/?s={search_term_string}\"},\"query-input\":{\"@type\":\"PropertyValueSpecification\",\"valueRequired\":true,\"valueName\":\"search_term_string\"}}],\"inLanguage\":\"en-US\"}]}<\/script>\n<!-- \/ Yoast SEO plugin. -->","yoast_head_json":{"title":"Kit de estructura de acero 40x60 | Precio directo de f\u00e1brica","description":"Estructura prefabricada de arco met\u00e1lico de 40x60 dise\u00f1ada para una instalaci\u00f3n r\u00e1pida. Para instalar sobre el suelo, muros o contenedores.","robots":{"index":"index","follow":"follow","max-snippet":"max-snippet:-1","max-image-preview":"max-image-preview:large","max-video-preview":"max-video-preview:-1"},"canonical":"https:\/\/curvcosteelbuildings.com\/es\/producto\/kit-estructura-acero-40x60\/","og_locale":"en_US","og_type":"article","og_title":"Kit de estructura de acero 40x60 | Precio directo de f\u00e1brica","og_description":"Estructura prefabricada de arco met\u00e1lico de 40x60 dise\u00f1ada para una instalaci\u00f3n r\u00e1pida. Para instalar sobre el suelo, muros o contenedores.","og_url":"https:\/\/curvcosteelbuildings.com\/es\/producto\/kit-estructura-acero-40x60\/","og_site_name":"Curvco Steel Buildings","article_modified_time":"2025-03-26T14:02:28+00:00","og_image":[{"width":640,"height":480,"url":"https:\/\/curvcosteelbuildings.com\/es\/wp-content\/uploads\/2024\/06\/40x60-kit-estructura-de-metal.webp","type":"image\/webp"}],"twitter_card":"summary_large_image","twitter_misc":{"Est. reading time":"2 minutes"},"schema":{"@context":"https:\/\/schema.org","@graph":[{"@type":"WebPage","@id":"https:\/\/curvcosteelbuildings.com\/es\/producto\/kit-estructura-acero-40x60\/","url":"https:\/\/curvcosteelbuildings.com\/es\/producto\/kit-estructura-acero-40x60\/","name":"Kit de estructura de acero 40x60 | Precio directo de f\u00e1brica","isPartOf":{"@id":"https:\/\/curvcosteelbuildings.com\/es\/#website"},"primaryImageOfPage":{"@id":"https:\/\/curvcosteelbuildings.com\/es\/producto\/kit-estructura-acero-40x60\/#primaryimage"},"image":{"@id":"https:\/\/curvcosteelbuildings.com\/es\/producto\/kit-estructura-acero-40x60\/#primaryimage"},"thumbnailUrl":"https:\/\/curvcosteelbuildings.com\/es\/wp-content\/uploads\/2024\/06\/40x60-kit-estructura-de-metal.webp","datePublished":"2024-06-12T20:48:32+00:00","dateModified":"2025-03-26T14:02:28+00:00","description":"Estructura prefabricada de arco met\u00e1lico de 40x60 dise\u00f1ada para una instalaci\u00f3n r\u00e1pida. Para instalar sobre el suelo, muros o contenedores.","breadcrumb":{"@id":"https:\/\/curvcosteelbuildings.com\/es\/producto\/kit-estructura-acero-40x60\/#breadcrumb"},"inLanguage":"en-US","potentialAction":[{"@type":"ReadAction","target":["https:\/\/curvcosteelbuildings.com\/es\/producto\/kit-estructura-acero-40x60\/"]}]},{"@type":"ImageObject","inLanguage":"en-US","@id":"https:\/\/curvcosteelbuildings.com\/es\/producto\/kit-estructura-acero-40x60\/#primaryimage","url":"https:\/\/curvcosteelbuildings.com\/es\/wp-content\/uploads\/2024\/06\/40x60-kit-estructura-de-metal.webp","contentUrl":"https:\/\/curvcosteelbuildings.com\/es\/wp-content\/uploads\/2024\/06\/40x60-kit-estructura-de-metal.webp","width":640,"height":480,"caption":"Kit de estructura de metal de 40x60"},{"@type":"BreadcrumbList","@id":"https:\/\/curvcosteelbuildings.com\/es\/producto\/kit-estructura-acero-40x60\/#breadcrumb","itemListElement":[{"@type":"ListItem","position":1,"name":"Home","item":"https:\/\/curvcosteelbuildings.com\/es\/"},{"@type":"ListItem","position":2,"name":"Tienda","item":"https:\/\/curvcosteelbuildings.com\/es\/tienda\/"},{"@type":"ListItem","position":3,"name":"Kit de estructura de acero 40&#215;60"}]},{"@type":"WebSite","@id":"https:\/\/curvcosteelbuildings.com\/es\/#website","url":"https:\/\/curvcosteelbuildings.com\/es\/","name":"Curvco Steel Buildings","description":"Estructuras de metal en arco para diferentes aplicaciones","potentialAction":[{"@type":"SearchAction","target":{"@type":"EntryPoint","urlTemplate":"https:\/\/curvcosteelbuildings.com\/es\/?s={search_term_string}"},"query-input":{"@type":"PropertyValueSpecification","valueRequired":true,"valueName":"search_term_string"}}],"inLanguage":"en-US"}]}},"_links":{"self":[{"href":"https:\/\/curvcosteelbuildings.com\/es\/wp-json\/wp\/v2\/product\/9710","targetHints":{"allow":["GET"]}}],"collection":[{"href":"https:\/\/curvcosteelbuildings.com\/es\/wp-json\/wp\/v2\/product"}],"about":[{"href":"https:\/\/curvcosteelbuildings.com\/es\/wp-json\/wp\/v2\/types\/product"}],"wp:featuredmedia":[{"embeddable":true,"href":"https:\/\/curvcosteelbuildings.com\/es\/wp-json\/wp\/v2\/media\/18190"}],"wp:attachment":[{"href":"https:\/\/curvcosteelbuildings.com\/es\/wp-json\/wp\/v2\/media?parent=9710"}],"wp:term":[{"taxonomy":"product_brand","embeddable":true,"href":"https:\/\/curvcosteelbuildings.com\/es\/wp-json\/wp\/v2\/product_brand?post=9710"},{"taxonomy":"product_cat","embeddable":true,"href":"https:\/\/curvcosteelbuildings.com\/es\/wp-json\/wp\/v2\/product_cat?post=9710"},{"taxonomy":"product_tag","embeddable":true,"href":"https:\/\/curvcosteelbuildings.com\/es\/wp-json\/wp\/v2\/product_tag?post=9710"}],"curies":[{"name":"wp","href":"https:\/\/api.w.org\/{rel}","templated":true}]}}